{"id":933,"date":"2015-04-30T13:17:20","date_gmt":"2015-04-30T13:17:20","guid":{"rendered":"http:\/\/welfare.cmsmasters.net\/?page_id=933"},"modified":"2015-04-30T13:17:20","modified_gmt":"2015-04-30T13:17:20","slug":"horizontal","status":"publish","type":"page","link":"https:\/\/floristeriasantalucia.com\/index.php\/horizontal\/","title":{"rendered":"Horizontal"},"content":{"rendered":"<div id=\"cmsmasters_row_f0c294ec28\" class=\"cmsmasters_row cmsmasters_color_scheme_default cmsmasters_row_top_default cmsmasters_row_bot_default cmsmasters_row_boxed\">\n<div class=\"cmsmasters_row_outer_parent\">\n<div class=\"cmsmasters_row_outer\">\n<div class=\"cmsmasters_row_inner\">\n<div class=\"cmsmasters_row_margin\">\n<div id=\"cmsmasters_column_d95f6b14d7\" class=\"cmsmasters_column one_first\">\n<div class=\"cmsmasters_column_inner\"><div id=\"cmsmasters_profile_69f4a21f548c0\" class=\"cmsmasters_profile horizontal\">\n<!-- Start Profile Horizontal Article -->\r\n<article id=\"post-1619\" class=\"cmsmasters_profile_horizontal one_third post-1619 profile type-profile status-publish has-post-thumbnail hentry pl-categs-florist\">\r\n\t<div class=\"profile_outer\">\r\n\t<div class=\"cmsmasters_profile_img_wrap\"><figure class=\"cmsmasters_img_rollover_wrap preloader\"><img loading=\"lazy\" decoding=\"async\" width=\"300\" height=\"300\" src=\"https:\/\/floristeriasantalucia.com\/wp-content\/uploads\/2017\/05\/05-300x300.jpg\" class=\"full-width wp-post-image\" alt=\"Max Turner\" title=\"Max Turner\" srcset=\"https:\/\/floristeriasantalucia.com\/wp-content\/uploads\/2017\/05\/05-300x300.jpg 300w, https:\/\/floristeriasantalucia.com\/wp-content\/uploads\/2017\/05\/05-380x380.jpg 380w, https:\/\/floristeriasantalucia.com\/wp-content\/uploads\/2017\/05\/05-100x100.jpg 100w, https:\/\/floristeriasantalucia.com\/wp-content\/uploads\/2017\/05\/05-150x150.jpg 150w, https:\/\/floristeriasantalucia.com\/wp-content\/uploads\/2017\/05\/05-70x70.jpg 70w, https:\/\/floristeriasantalucia.com\/wp-content\/uploads\/2017\/05\/05-360x360.jpg 360w, https:\/\/floristeriasantalucia.com\/wp-content\/uploads\/2017\/05\/05-580x580.jpg 580w\" sizes=\"auto, (max-width: 300px) 100vw, 300px\" \/><div class=\"cmsmasters_img_rollover\"><a href=\"https:\/\/floristeriasantalucia.com\/index.php\/profile\/max-turner\/\" title=\"Max Turner\" class=\"cmsmasters_open_post_link\"><\/a><\/div><\/figure><\/div><div class=\"profile_inner\"><header class=\"cmsmasters_profile_header entry-header\"><h6 class=\"cmsmasters_profile_subtitle\">Florist<\/h6><h4 class=\"cmsmasters_profile_title entry-title\"><a href=\"https:\/\/floristeriasantalucia.com\/index.php\/profile\/max-turner\/\">Max Turner<\/a><\/h4><\/header><div class=\"cmsmasters_profile_content entry-content\">\n<p>Etiam eu molestie eros, commodo hendrerit sapien. Maecenas tempus leo ac nisi iaculis porta. Sed sapien tortor, aliquet a velit ut, lacinia molestie velit. Maecenas ornare consequat massa ullamcorper dapibus.<\/p>\n<\/div>\n<div class=\"profile_social_icons\"><ul class=\"profile_social_icons_list\"><li><a href=\"#\" class=\"cmsmasters_social_icon cmsmasters_social_icon_578ca1be0e_1 cmsmasters-icon-twitter\" title=\"\"><\/a><\/li><li><a href=\"#\" class=\"cmsmasters_social_icon cmsmasters_social_icon_578ca1be0e_2 cmsmasters-icon-facebook\" title=\"\"><\/a><\/li><li><a href=\"#\" class=\"cmsmasters_social_icon cmsmasters_social_icon_578ca1be0e_3 cmsmasters-icon-google\" title=\"\"><\/a><\/li><li><a href=\"#\" class=\"cmsmasters_social_icon cmsmasters_social_icon_578ca1be0e_4 cmsmasters-icon-youtube\" title=\"\"><\/a><\/li><\/ul><\/div><\/div>\t<\/div>\r\n<\/article>\r\n<!-- Finish Profile Horizontal Article -->\r\n\r\n<!-- Start Profile Horizontal Article -->\r\n<article id=\"post-2548\" class=\"cmsmasters_profile_horizontal one_third post-2548 profile type-profile status-publish has-post-thumbnail hentry pl-categs-florist\">\r\n\t<div class=\"profile_outer\">\r\n\t<div class=\"cmsmasters_profile_img_wrap\"><figure class=\"cmsmasters_img_rollover_wrap preloader\"><img loading=\"lazy\" decoding=\"async\" width=\"300\" height=\"169\" src=\"https:\/\/floristeriasantalucia.com\/wp-content\/uploads\/2017\/05\/04.jpg\" class=\"full-width wp-post-image\" alt=\"Amy Adams\" title=\"Amy Adams\" srcset=\"https:\/\/floristeriasantalucia.com\/wp-content\/uploads\/2017\/05\/04.jpg 1920w, https:\/\/floristeriasantalucia.com\/wp-content\/uploads\/2017\/05\/04-600x338.jpg 600w\" sizes=\"auto, (max-width: 300px) 100vw, 300px\" \/><div class=\"cmsmasters_img_rollover\"><a href=\"https:\/\/floristeriasantalucia.com\/index.php\/profile\/amy-adams\/\" title=\"Amy Adams\" class=\"cmsmasters_open_post_link\"><\/a><\/div><\/figure><\/div><div class=\"profile_inner\"><header class=\"cmsmasters_profile_header entry-header\"><h6 class=\"cmsmasters_profile_subtitle\">Florist<\/h6><h4 class=\"cmsmasters_profile_title entry-title\"><a href=\"https:\/\/floristeriasantalucia.com\/index.php\/profile\/amy-adams\/\">Amy Adams<\/a><\/h4><\/header><div class=\"cmsmasters_profile_content entry-content\">\n<p>Etiam eu molestie eros, commodo hendrerit sapien. Maecenas tempus leo ac nisi iaculis porta. Sed sapien tortor, aliquet a velit ut, lacinia molestie velit. Maecenas ornare consequat massa ullamcorper dapibus.<\/p>\n<\/div>\n<div class=\"profile_social_icons\"><ul class=\"profile_social_icons_list\"><li><a href=\"#\" class=\"cmsmasters_social_icon cmsmasters_social_icon_578ca1be0e_1 cmsmasters-icon-twitter\" title=\"\"><\/a><\/li><li><a href=\"#\" class=\"cmsmasters_social_icon cmsmasters_social_icon_578ca1be0e_2 cmsmasters-icon-facebook-1\" title=\"\"><\/a><\/li><li><a href=\"#\" class=\"cmsmasters_social_icon cmsmasters_social_icon_578ca1be0e_3 cmsmasters-icon-google\" title=\"\"><\/a><\/li><li><a href=\"#\" class=\"cmsmasters_social_icon cmsmasters_social_icon_578ca1be0e_4 cmsmasters-icon-youtube\" title=\"\"><\/a><\/li><\/ul><\/div><\/div>\t<\/div>\r\n<\/article>\r\n<!-- Finish Profile Horizontal Article -->\r\n\r\n<!-- Start Profile Horizontal Article -->\r\n<article id=\"post-446\" class=\"cmsmasters_profile_horizontal one_third post-446 profile type-profile status-publish has-post-thumbnail hentry pl-categs-founder\">\r\n\t<div class=\"profile_outer\">\r\n\t<div class=\"cmsmasters_profile_img_wrap\"><figure class=\"cmsmasters_img_rollover_wrap preloader\"><img loading=\"lazy\" decoding=\"async\" width=\"300\" height=\"169\" src=\"https:\/\/floristeriasantalucia.com\/wp-content\/uploads\/2017\/05\/02.jpg\" class=\"full-width wp-post-image\" alt=\"Julia Jameson\" title=\"Julia Jameson\" srcset=\"https:\/\/floristeriasantalucia.com\/wp-content\/uploads\/2017\/05\/02.jpg 1920w, https:\/\/floristeriasantalucia.com\/wp-content\/uploads\/2017\/05\/02-600x338.jpg 600w\" sizes=\"auto, (max-width: 300px) 100vw, 300px\" \/><div class=\"cmsmasters_img_rollover\"><a href=\"https:\/\/floristeriasantalucia.com\/index.php\/profile\/julia-jameson\/\" title=\"Julia Jameson\" class=\"cmsmasters_open_post_link\"><\/a><\/div><\/figure><\/div><div class=\"profile_inner\"><header class=\"cmsmasters_profile_header entry-header\"><h6 class=\"cmsmasters_profile_subtitle\">Founder<\/h6><h4 class=\"cmsmasters_profile_title entry-title\"><a href=\"https:\/\/floristeriasantalucia.com\/index.php\/profile\/julia-jameson\/\">Julia Jameson<\/a><\/h4><\/header><div class=\"cmsmasters_profile_content entry-content\">\n<p>Etiam eu molestie eros, commodo hendrerit sapien. Maecenas tempus leo ac nisi iaculis porta. Sed sapien tortor, aliquet a velit ut, lacinia molestie velit. Maecenas ornare consequat massa ullamcorper dapibus.<\/p>\n<\/div>\n<div class=\"profile_social_icons\"><ul class=\"profile_social_icons_list\"><li><a href=\"#\" class=\"cmsmasters_social_icon cmsmasters_social_icon_578ca1be0e_1 cmsmasters-icon-twitter\" title=\"\"><\/a><\/li><li><a href=\"#\" class=\"cmsmasters_social_icon cmsmasters_social_icon_578ca1be0e_2 cmsmasters-icon-facebook\" title=\"\"><\/a><\/li><li><a href=\"#\" class=\"cmsmasters_social_icon cmsmasters_social_icon_578ca1be0e_3 cmsmasters-icon-google\" title=\"\"><\/a><\/li><li><a href=\"#\" class=\"cmsmasters_social_icon cmsmasters_social_icon_578ca1be0e_4 cmsmasters-icon-youtube\" title=\"\"><\/a><\/li><\/ul><\/div><\/div>\t<\/div>\r\n<\/article>\r\n<!-- Finish Profile Horizontal Article -->\r\n\r\n<\/div>\n<\/div><\/div>\n<\/div>\n<\/div>\n<\/div>\n<\/div>\n<\/div>\n\n","protected":false},"excerpt":{"rendered":"","protected":false},"author":1,"featured_media":0,"parent":0,"menu_order":0,"comment_status":"closed","ping_status":"open","template":"","meta":{"footnotes":""},"class_list":["post-933","page","type-page","status-publish","hentry"],"yoast_head":"<!-- This site is optimized with the Yoast SEO plugin v26.8 - https:\/\/yoast.com\/product\/yoast-seo-wordpress\/ -->\n<title>Horizontal - Florister\u00eda Santa Luc\u00eda<\/title>\n<meta name=\"robots\" content=\"index, follow, max-snippet:-1, max-image-preview:large, max-video-preview:-1\" \/>\n<link rel=\"canonical\" href=\"https:\/\/floristeriasantalucia.com\/index.php\/horizontal\/\" \/>\n<meta property=\"og:locale\" content=\"en_US\" \/>\n<meta property=\"og:type\" content=\"article\" \/>\n<meta property=\"og:title\" content=\"Horizontal - Florister\u00eda Santa Luc\u00eda\" \/>\n<meta property=\"og:url\" content=\"https:\/\/floristeriasantalucia.com\/index.php\/horizontal\/\" \/>\n<meta property=\"og:site_name\" content=\"Florister\u00eda Santa Luc\u00eda\" \/>\n<meta name=\"twitter:card\" content=\"summary_large_image\" \/>\n<script type=\"application\/ld+json\" class=\"yoast-schema-graph\">{\"@context\":\"https:\/\/schema.org\",\"@graph\":[{\"@type\":\"WebPage\",\"@id\":\"https:\/\/floristeriasantalucia.com\/index.php\/horizontal\/\",\"url\":\"https:\/\/floristeriasantalucia.com\/index.php\/horizontal\/\",\"name\":\"Horizontal - Florister\u00eda Santa Luc\u00eda\",\"isPartOf\":{\"@id\":\"https:\/\/floristeriasantalucia.com\/#website\"},\"datePublished\":\"2015-04-30T13:17:20+00:00\",\"breadcrumb\":{\"@id\":\"https:\/\/floristeriasantalucia.com\/index.php\/horizontal\/#breadcrumb\"},\"inLanguage\":\"en-US\",\"potentialAction\":[{\"@type\":\"ReadAction\",\"target\":[\"https:\/\/floristeriasantalucia.com\/index.php\/horizontal\/\"]}]},{\"@type\":\"BreadcrumbList\",\"@id\":\"https:\/\/floristeriasantalucia.com\/index.php\/horizontal\/#breadcrumb\",\"itemListElement\":[{\"@type\":\"ListItem\",\"position\":1,\"name\":\"Home\",\"item\":\"https:\/\/floristeriasantalucia.com\/\"},{\"@type\":\"ListItem\",\"position\":2,\"name\":\"Horizontal\"}]},{\"@type\":\"WebSite\",\"@id\":\"https:\/\/floristeriasantalucia.com\/#website\",\"url\":\"https:\/\/floristeriasantalucia.com\/\",\"name\":\"Florister\u00eda Santa Luc\u00eda\",\"description\":\"Tus sentimientos expr\u00e9salos con flores\",\"publisher\":{\"@id\":\"https:\/\/floristeriasantalucia.com\/#organization\"},\"potentialAction\":[{\"@type\":\"SearchAction\",\"target\":{\"@type\":\"EntryPoint\",\"urlTemplate\":\"https:\/\/floristeriasantalucia.com\/?s={search_term_string}\"},\"query-input\":{\"@type\":\"PropertyValueSpecification\",\"valueRequired\":true,\"valueName\":\"search_term_string\"}}],\"inLanguage\":\"en-US\"},{\"@type\":\"Organization\",\"@id\":\"https:\/\/floristeriasantalucia.com\/#organization\",\"name\":\"Florister\u00eda Santa Luc\u00eda\",\"url\":\"https:\/\/floristeriasantalucia.com\/\",\"logo\":{\"@type\":\"ImageObject\",\"inLanguage\":\"en-US\",\"@id\":\"https:\/\/floristeriasantalucia.com\/#\/schema\/logo\/image\/\",\"url\":\"https:\/\/floristeriasantalucia.com\/wp-content\/uploads\/2021\/03\/logo_santalucia-06.png\",\"contentUrl\":\"https:\/\/floristeriasantalucia.com\/wp-content\/uploads\/2021\/03\/logo_santalucia-06.png\",\"width\":310,\"height\":133,\"caption\":\"Florister\u00eda Santa Luc\u00eda\"},\"image\":{\"@id\":\"https:\/\/floristeriasantalucia.com\/#\/schema\/logo\/image\/\"}}]}<\/script>\n<!-- \/ Yoast SEO plugin. -->","yoast_head_json":{"title":"Horizontal - Florister\u00eda Santa Luc\u00eda","robots":{"index":"index","follow":"follow","max-snippet":"max-snippet:-1","max-image-preview":"max-image-preview:large","max-video-preview":"max-video-preview:-1"},"canonical":"https:\/\/floristeriasantalucia.com\/index.php\/horizontal\/","og_locale":"en_US","og_type":"article","og_title":"Horizontal - Florister\u00eda Santa Luc\u00eda","og_url":"https:\/\/floristeriasantalucia.com\/index.php\/horizontal\/","og_site_name":"Florister\u00eda Santa Luc\u00eda","twitter_card":"summary_large_image","schema":{"@context":"https:\/\/schema.org","@graph":[{"@type":"WebPage","@id":"https:\/\/floristeriasantalucia.com\/index.php\/horizontal\/","url":"https:\/\/floristeriasantalucia.com\/index.php\/horizontal\/","name":"Horizontal - Florister\u00eda Santa Luc\u00eda","isPartOf":{"@id":"https:\/\/floristeriasantalucia.com\/#website"},"datePublished":"2015-04-30T13:17:20+00:00","breadcrumb":{"@id":"https:\/\/floristeriasantalucia.com\/index.php\/horizontal\/#breadcrumb"},"inLanguage":"en-US","potentialAction":[{"@type":"ReadAction","target":["https:\/\/floristeriasantalucia.com\/index.php\/horizontal\/"]}]},{"@type":"BreadcrumbList","@id":"https:\/\/floristeriasantalucia.com\/index.php\/horizontal\/#breadcrumb","itemListElement":[{"@type":"ListItem","position":1,"name":"Home","item":"https:\/\/floristeriasantalucia.com\/"},{"@type":"ListItem","position":2,"name":"Horizontal"}]},{"@type":"WebSite","@id":"https:\/\/floristeriasantalucia.com\/#website","url":"https:\/\/floristeriasantalucia.com\/","name":"Florister\u00eda Santa Luc\u00eda","description":"Tus sentimientos expr\u00e9salos con flores","publisher":{"@id":"https:\/\/floristeriasantalucia.com\/#organization"},"potentialAction":[{"@type":"SearchAction","target":{"@type":"EntryPoint","urlTemplate":"https:\/\/floristeriasantalucia.com\/?s={search_term_string}"},"query-input":{"@type":"PropertyValueSpecification","valueRequired":true,"valueName":"search_term_string"}}],"inLanguage":"en-US"},{"@type":"Organization","@id":"https:\/\/floristeriasantalucia.com\/#organization","name":"Florister\u00eda Santa Luc\u00eda","url":"https:\/\/floristeriasantalucia.com\/","logo":{"@type":"ImageObject","inLanguage":"en-US","@id":"https:\/\/floristeriasantalucia.com\/#\/schema\/logo\/image\/","url":"https:\/\/floristeriasantalucia.com\/wp-content\/uploads\/2021\/03\/logo_santalucia-06.png","contentUrl":"https:\/\/floristeriasantalucia.com\/wp-content\/uploads\/2021\/03\/logo_santalucia-06.png","width":310,"height":133,"caption":"Florister\u00eda Santa Luc\u00eda"},"image":{"@id":"https:\/\/floristeriasantalucia.com\/#\/schema\/logo\/image\/"}}]}},"_links":{"self":[{"href":"https:\/\/floristeriasantalucia.com\/index.php\/wp-json\/wp\/v2\/pages\/933","targetHints":{"allow":["GET"]}}],"collection":[{"href":"https:\/\/floristeriasantalucia.com\/index.php\/wp-json\/wp\/v2\/pages"}],"about":[{"href":"https:\/\/floristeriasantalucia.com\/index.php\/wp-json\/wp\/v2\/types\/page"}],"author":[{"embeddable":true,"href":"https:\/\/floristeriasantalucia.com\/index.php\/wp-json\/wp\/v2\/users\/1"}],"replies":[{"embeddable":true,"href":"https:\/\/floristeriasantalucia.com\/index.php\/wp-json\/wp\/v2\/comments?post=933"}],"version-history":[{"count":0,"href":"https:\/\/floristeriasantalucia.com\/index.php\/wp-json\/wp\/v2\/pages\/933\/revisions"}],"wp:attachment":[{"href":"https:\/\/floristeriasantalucia.com\/index.php\/wp-json\/wp\/v2\/media?parent=933"}],"curies":[{"name":"wp","href":"https:\/\/api.w.org\/{rel}","templated":true}]}}