{"id":907,"date":"2015-04-30T13:00:19","date_gmt":"2015-04-30T13:00:19","guid":{"rendered":"http:\/\/welfare.cmsmasters.net\/?page_id=907"},"modified":"2015-04-30T13:00:19","modified_gmt":"2015-04-30T13:00:19","slug":"1-pixel-gap-projects-grid","status":"publish","type":"page","link":"https:\/\/floristeriasantalucia.com\/index.php\/1-pixel-gap-projects-grid\/","title":{"rendered":"1 Pixel Gap"},"content":{"rendered":"<div id=\"cmsmasters_row_0fbadd323a\" class=\"cmsmasters_row cmsmasters_color_scheme_default cmsmasters_row_top_default cmsmasters_row_bot_default cmsmasters_row_boxed\">\n<div class=\"cmsmasters_row_outer_parent\">\n<div class=\"cmsmasters_row_outer\">\n<div class=\"cmsmasters_row_inner\">\n<div class=\"cmsmasters_row_margin\">\n<div id=\"cmsmasters_column_af070c8a45\" class=\"cmsmasters_column one_first\">\n<div class=\"cmsmasters_column_inner\"><div id=\"portfolio_bb43eac0aa\" class=\"cmsmasters_wrap_portfolio entry-summary\" data-layout=\"puzzle\" data-layout-mode=\"perfect\" data-url=\"https:\/\/floristeriasantalucia.com\/wp-content\/plugins\/cmsmasters-content-composer\/\" data-orderby=\"name\" data-order=\"ASC\" data-count=\"4\" data-categories=\"portfolio\" data-metadata=\"title\"><div class=\"portfolio puzzle small_gap perfect\"><!-- Start Project Puzzle Article -->\r\n<article id=\"post-611\" class=\"cmsmasters_project_puzzle one_x_one post-611 project type-project status-publish format-gallery has-post-thumbnail hentry post_format-post-format-gallery pj-categs-portfolio\" data-category=\"portfolio\">\r\n\t<div class=\"project_outer\">\r\n\t<figure class=\"cmsmasters_img_rollover_wrap preloader\"><img loading=\"lazy\" decoding=\"async\" width=\"1920\" height=\"1080\" src=\"https:\/\/floristeriasantalucia.com\/wp-content\/uploads\/2017\/05\/05.jpg\" class=\"full-width wp-post-image\" alt=\"Beautiful Tender Bouquet\" title=\"Beautiful Tender Bouquet\" srcset=\"https:\/\/floristeriasantalucia.com\/wp-content\/uploads\/2017\/05\/05.jpg 1920w, https:\/\/floristeriasantalucia.com\/wp-content\/uploads\/2017\/05\/05-600x338.jpg 600w, https:\/\/floristeriasantalucia.com\/wp-content\/uploads\/2017\/05\/05-300x169.jpg 300w, https:\/\/floristeriasantalucia.com\/wp-content\/uploads\/2017\/05\/05-1024x576.jpg 1024w, https:\/\/floristeriasantalucia.com\/wp-content\/uploads\/2017\/05\/05-768x432.jpg 768w, https:\/\/floristeriasantalucia.com\/wp-content\/uploads\/2017\/05\/05-1536x864.jpg 1536w\" sizes=\"auto, (max-width: 1920px) 100vw, 1920px\" \/><a href=\"https:\/\/floristeriasantalucia.com\/index.php\/project\/beautiful-tender-bouquet\/\" title=\"Beautiful Tender Bouquet\" class=\"cmsmasters_open_link\"><\/a><\/figure><div class=\"project_inner\"><div class=\"project_inner_middle\"><div class=\"project_inner_table\"><div class=\"project_inner_table_cell\"><header class=\"cmsmasters_project_header entry-header\"><h5 class=\"cmsmasters_project_title entry-title\"><a href=\"https:\/\/floristeriasantalucia.com\/index.php\/project\/beautiful-tender-bouquet\/\">Beautiful Tender Bouquet<\/a><\/h5><\/header><\/div><\/div><\/div><\/div><span class=\"dn meta-date\">20150124135418<\/span>\t<\/div>\r\n<\/article>\r\n<!-- Finish Project Puzzle Article -->\r\n\r\n<!-- Start Project Puzzle Article -->\r\n<article id=\"post-606\" class=\"cmsmasters_project_puzzle one_x_one post-606 project type-project status-publish format-standard has-post-thumbnail hentry pj-categs-portfolio\" data-category=\"portfolio\">\r\n\t<div class=\"project_outer\">\r\n\t<figure class=\"cmsmasters_img_rollover_wrap preloader\"><img loading=\"lazy\" decoding=\"async\" width=\"1920\" height=\"1080\" src=\"https:\/\/floristeriasantalucia.com\/wp-content\/uploads\/2017\/05\/06.jpg\" class=\"full-width wp-post-image\" alt=\"Gift Boxed White Roses\" title=\"Gift Boxed White Roses\" srcset=\"https:\/\/floristeriasantalucia.com\/wp-content\/uploads\/2017\/05\/06.jpg 1920w, https:\/\/floristeriasantalucia.com\/wp-content\/uploads\/2017\/05\/06-600x338.jpg 600w\" sizes=\"auto, (max-width: 1920px) 100vw, 1920px\" \/><a href=\"https:\/\/floristeriasantalucia.com\/index.php\/project\/gift-boxed-white-roses\/\" title=\"Gift Boxed White Roses\" class=\"cmsmasters_open_link\"><\/a><\/figure><div class=\"project_inner\"><div class=\"project_inner_middle\"><div class=\"project_inner_table\"><div class=\"project_inner_table_cell\"><header class=\"cmsmasters_project_header entry-header\"><h5 class=\"cmsmasters_project_title entry-title\"><a href=\"https:\/\/floristeriasantalucia.com\/index.php\/project\/gift-boxed-white-roses\/\">Gift Boxed White Roses<\/a><\/h5><\/header><\/div><\/div><\/div><\/div><span class=\"dn meta-date\">20150120135149<\/span>\t<\/div>\r\n<\/article>\r\n<!-- Finish Project Puzzle Article -->\r\n\r\n<!-- Start Project Puzzle Article -->\r\n<article id=\"post-9410\" class=\"cmsmasters_project_puzzle one_x_one post-9410 project type-project status-publish format-gallery has-post-thumbnail hentry post_format-post-format-gallery pj-categs-portfolio\" data-category=\"portfolio\">\r\n\t<div class=\"project_outer\">\r\n\t<figure class=\"cmsmasters_img_rollover_wrap preloader\"><img loading=\"lazy\" decoding=\"async\" width=\"1920\" height=\"1080\" src=\"https:\/\/floristeriasantalucia.com\/wp-content\/uploads\/2017\/05\/06.jpg\" class=\"full-width wp-post-image\" alt=\"How Sweet It Is\" title=\"How Sweet It Is\" srcset=\"https:\/\/floristeriasantalucia.com\/wp-content\/uploads\/2017\/05\/06.jpg 1920w, https:\/\/floristeriasantalucia.com\/wp-content\/uploads\/2017\/05\/06-600x338.jpg 600w\" sizes=\"auto, (max-width: 1920px) 100vw, 1920px\" \/><a href=\"https:\/\/floristeriasantalucia.com\/index.php\/project\/how-sweet-it-is\/\" title=\"How Sweet It Is\" class=\"cmsmasters_open_link\"><\/a><\/figure><div class=\"project_inner\"><div class=\"project_inner_middle\"><div class=\"project_inner_table\"><div class=\"project_inner_table_cell\"><header class=\"cmsmasters_project_header entry-header\"><h5 class=\"cmsmasters_project_title entry-title\"><a href=\"https:\/\/floristeriasantalucia.com\/index.php\/project\/how-sweet-it-is\/\">How Sweet It Is<\/a><\/h5><\/header><\/div><\/div><\/div><\/div><span class=\"dn meta-date\">20150110132206<\/span>\t<\/div>\r\n<\/article>\r\n<!-- Finish Project Puzzle Article -->\r\n\r\n<!-- Start Project Puzzle Article -->\r\n<article id=\"post-913\" class=\"cmsmasters_project_puzzle one_x_one post-913 project type-project status-publish format-standard has-post-thumbnail hentry pj-categs-portfolio\" data-category=\"portfolio\">\r\n\t<div class=\"project_outer\">\r\n\t<figure class=\"cmsmasters_img_rollover_wrap preloader\"><img loading=\"lazy\" decoding=\"async\" width=\"1920\" height=\"1080\" src=\"https:\/\/floristeriasantalucia.com\/wp-content\/uploads\/2017\/05\/01.jpg\" class=\"full-width wp-post-image\" alt=\"Poetry in Pink\" title=\"Poetry in Pink\" srcset=\"https:\/\/floristeriasantalucia.com\/wp-content\/uploads\/2017\/05\/01.jpg 1920w, https:\/\/floristeriasantalucia.com\/wp-content\/uploads\/2017\/05\/01-600x338.jpg 600w\" sizes=\"auto, (max-width: 1920px) 100vw, 1920px\" \/><a href=\"https:\/\/floristeriasantalucia.com\/index.php\/project\/poetry-in-pink\/\" title=\"Poetry in Pink\" class=\"cmsmasters_open_link\"><\/a><\/figure><div class=\"project_inner\"><div class=\"project_inner_middle\"><div class=\"project_inner_table\"><div class=\"project_inner_table_cell\"><header class=\"cmsmasters_project_header entry-header\"><h5 class=\"cmsmasters_project_title entry-title\"><a href=\"https:\/\/floristeriasantalucia.com\/index.php\/project\/poetry-in-pink\/\">Poetry in Pink<\/a><\/h5><\/header><\/div><\/div><\/div><\/div><span class=\"dn meta-date\">20150129090514<\/span>\t<\/div>\r\n<\/article>\r\n<!-- Finish Project Puzzle Article -->\r\n\r\n<\/div><div class=\"cmsmasters_wrap_more_projects cmsmasters_wrap_more_items\"><div class=\"cmsmasters_wrap_project_loader cmsmasters_wrap_items_loader\">\r\n\t\t\t\t\t<a href=\"javascript:void(0)\" class=\"cmsmasters_button cmsmasters_project_loader cmsmasters_items_loader\">\r\n\t\t\t\t\t\t<span>Load More Projects<\/span>\r\n\t\t\t\t\t<\/a>\r\n\t\t\t\t<\/div><\/div><\/div>\n<\/div><\/div>\n<\/div>\n<\/div>\n<\/div>\n<\/div>\n<\/div>\n\n","protected":false},"excerpt":{"rendered":"","protected":false},"author":1,"featured_media":0,"parent":0,"menu_order":0,"comment_status":"closed","ping_status":"open","template":"","meta":{"footnotes":""},"class_list":["post-907","page","type-page","status-publish","hentry"],"yoast_head":"<!-- This site is optimized with the Yoast SEO plugin v26.8 - https:\/\/yoast.com\/product\/yoast-seo-wordpress\/ -->\n<title>1 Pixel Gap - Florister\u00eda Santa Luc\u00eda<\/title>\n<meta name=\"robots\" content=\"index, follow, max-snippet:-1, max-image-preview:large, max-video-preview:-1\" \/>\n<link rel=\"canonical\" href=\"https:\/\/floristeriasantalucia.com\/index.php\/1-pixel-gap-projects-grid\/\" \/>\n<meta property=\"og:locale\" content=\"en_US\" \/>\n<meta property=\"og:type\" content=\"article\" \/>\n<meta property=\"og:title\" content=\"1 Pixel Gap - Florister\u00eda Santa Luc\u00eda\" \/>\n<meta property=\"og:url\" content=\"https:\/\/floristeriasantalucia.com\/index.php\/1-pixel-gap-projects-grid\/\" \/>\n<meta property=\"og:site_name\" content=\"Florister\u00eda Santa Luc\u00eda\" \/>\n<meta name=\"twitter:card\" content=\"summary_large_image\" \/>\n<script type=\"application\/ld+json\" class=\"yoast-schema-graph\">{\"@context\":\"https:\/\/schema.org\",\"@graph\":[{\"@type\":\"WebPage\",\"@id\":\"https:\/\/floristeriasantalucia.com\/index.php\/1-pixel-gap-projects-grid\/\",\"url\":\"https:\/\/floristeriasantalucia.com\/index.php\/1-pixel-gap-projects-grid\/\",\"name\":\"1 Pixel Gap - Florister\u00eda Santa Luc\u00eda\",\"isPartOf\":{\"@id\":\"https:\/\/floristeriasantalucia.com\/#website\"},\"datePublished\":\"2015-04-30T13:00:19+00:00\",\"breadcrumb\":{\"@id\":\"https:\/\/floristeriasantalucia.com\/index.php\/1-pixel-gap-projects-grid\/#breadcrumb\"},\"inLanguage\":\"en-US\",\"potentialAction\":[{\"@type\":\"ReadAction\",\"target\":[\"https:\/\/floristeriasantalucia.com\/index.php\/1-pixel-gap-projects-grid\/\"]}]},{\"@type\":\"BreadcrumbList\",\"@id\":\"https:\/\/floristeriasantalucia.com\/index.php\/1-pixel-gap-projects-grid\/#breadcrumb\",\"itemListElement\":[{\"@type\":\"ListItem\",\"position\":1,\"name\":\"Home\",\"item\":\"https:\/\/floristeriasantalucia.com\/\"},{\"@type\":\"ListItem\",\"position\":2,\"name\":\"1 Pixel Gap\"}]},{\"@type\":\"WebSite\",\"@id\":\"https:\/\/floristeriasantalucia.com\/#website\",\"url\":\"https:\/\/floristeriasantalucia.com\/\",\"name\":\"Florister\u00eda Santa Luc\u00eda\",\"description\":\"Tus sentimientos expr\u00e9salos con flores\",\"publisher\":{\"@id\":\"https:\/\/floristeriasantalucia.com\/#organization\"},\"potentialAction\":[{\"@type\":\"SearchAction\",\"target\":{\"@type\":\"EntryPoint\",\"urlTemplate\":\"https:\/\/floristeriasantalucia.com\/?s={search_term_string}\"},\"query-input\":{\"@type\":\"PropertyValueSpecification\",\"valueRequired\":true,\"valueName\":\"search_term_string\"}}],\"inLanguage\":\"en-US\"},{\"@type\":\"Organization\",\"@id\":\"https:\/\/floristeriasantalucia.com\/#organization\",\"name\":\"Florister\u00eda Santa Luc\u00eda\",\"url\":\"https:\/\/floristeriasantalucia.com\/\",\"logo\":{\"@type\":\"ImageObject\",\"inLanguage\":\"en-US\",\"@id\":\"https:\/\/floristeriasantalucia.com\/#\/schema\/logo\/image\/\",\"url\":\"https:\/\/floristeriasantalucia.com\/wp-content\/uploads\/2021\/03\/logo_santalucia-06.png\",\"contentUrl\":\"https:\/\/floristeriasantalucia.com\/wp-content\/uploads\/2021\/03\/logo_santalucia-06.png\",\"width\":310,\"height\":133,\"caption\":\"Florister\u00eda Santa Luc\u00eda\"},\"image\":{\"@id\":\"https:\/\/floristeriasantalucia.com\/#\/schema\/logo\/image\/\"}}]}<\/script>\n<!-- \/ Yoast SEO plugin. -->","yoast_head_json":{"title":"1 Pixel Gap - Florister\u00eda Santa Luc\u00eda","robots":{"index":"index","follow":"follow","max-snippet":"max-snippet:-1","max-image-preview":"max-image-preview:large","max-video-preview":"max-video-preview:-1"},"canonical":"https:\/\/floristeriasantalucia.com\/index.php\/1-pixel-gap-projects-grid\/","og_locale":"en_US","og_type":"article","og_title":"1 Pixel Gap - Florister\u00eda Santa Luc\u00eda","og_url":"https:\/\/floristeriasantalucia.com\/index.php\/1-pixel-gap-projects-grid\/","og_site_name":"Florister\u00eda Santa Luc\u00eda","twitter_card":"summary_large_image","schema":{"@context":"https:\/\/schema.org","@graph":[{"@type":"WebPage","@id":"https:\/\/floristeriasantalucia.com\/index.php\/1-pixel-gap-projects-grid\/","url":"https:\/\/floristeriasantalucia.com\/index.php\/1-pixel-gap-projects-grid\/","name":"1 Pixel Gap - Florister\u00eda Santa Luc\u00eda","isPartOf":{"@id":"https:\/\/floristeriasantalucia.com\/#website"},"datePublished":"2015-04-30T13:00:19+00:00","breadcrumb":{"@id":"https:\/\/floristeriasantalucia.com\/index.php\/1-pixel-gap-projects-grid\/#breadcrumb"},"inLanguage":"en-US","potentialAction":[{"@type":"ReadAction","target":["https:\/\/floristeriasantalucia.com\/index.php\/1-pixel-gap-projects-grid\/"]}]},{"@type":"BreadcrumbList","@id":"https:\/\/floristeriasantalucia.com\/index.php\/1-pixel-gap-projects-grid\/#breadcrumb","itemListElement":[{"@type":"ListItem","position":1,"name":"Home","item":"https:\/\/floristeriasantalucia.com\/"},{"@type":"ListItem","position":2,"name":"1 Pixel Gap"}]},{"@type":"WebSite","@id":"https:\/\/floristeriasantalucia.com\/#website","url":"https:\/\/floristeriasantalucia.com\/","name":"Florister\u00eda Santa Luc\u00eda","description":"Tus sentimientos expr\u00e9salos con flores","publisher":{"@id":"https:\/\/floristeriasantalucia.com\/#organization"},"potentialAction":[{"@type":"SearchAction","target":{"@type":"EntryPoint","urlTemplate":"https:\/\/floristeriasantalucia.com\/?s={search_term_string}"},"query-input":{"@type":"PropertyValueSpecification","valueRequired":true,"valueName":"search_term_string"}}],"inLanguage":"en-US"},{"@type":"Organization","@id":"https:\/\/floristeriasantalucia.com\/#organization","name":"Florister\u00eda Santa Luc\u00eda","url":"https:\/\/floristeriasantalucia.com\/","logo":{"@type":"ImageObject","inLanguage":"en-US","@id":"https:\/\/floristeriasantalucia.com\/#\/schema\/logo\/image\/","url":"https:\/\/floristeriasantalucia.com\/wp-content\/uploads\/2021\/03\/logo_santalucia-06.png","contentUrl":"https:\/\/floristeriasantalucia.com\/wp-content\/uploads\/2021\/03\/logo_santalucia-06.png","width":310,"height":133,"caption":"Florister\u00eda Santa Luc\u00eda"},"image":{"@id":"https:\/\/floristeriasantalucia.com\/#\/schema\/logo\/image\/"}}]}},"_links":{"self":[{"href":"https:\/\/floristeriasantalucia.com\/index.php\/wp-json\/wp\/v2\/pages\/907","targetHints":{"allow":["GET"]}}],"collection":[{"href":"https:\/\/floristeriasantalucia.com\/index.php\/wp-json\/wp\/v2\/pages"}],"about":[{"href":"https:\/\/floristeriasantalucia.com\/index.php\/wp-json\/wp\/v2\/types\/page"}],"author":[{"embeddable":true,"href":"https:\/\/floristeriasantalucia.com\/index.php\/wp-json\/wp\/v2\/users\/1"}],"replies":[{"embeddable":true,"href":"https:\/\/floristeriasantalucia.com\/index.php\/wp-json\/wp\/v2\/comments?post=907"}],"version-history":[{"count":0,"href":"https:\/\/floristeriasantalucia.com\/index.php\/wp-json\/wp\/v2\/pages\/907\/revisions"}],"wp:attachment":[{"href":"https:\/\/floristeriasantalucia.com\/index.php\/wp-json\/wp\/v2\/media?parent=907"}],"curies":[{"name":"wp","href":"https:\/\/api.w.org\/{rel}","templated":true}]}}