{"id":901,"date":"2015-04-30T12:55:57","date_gmt":"2015-04-30T12:55:57","guid":{"rendered":"http:\/\/welfare.cmsmasters.net\/?page_id=901"},"modified":"2015-04-30T12:55:57","modified_gmt":"2015-04-30T12:55:57","slug":"grid","status":"publish","type":"page","link":"https:\/\/floristeriasantalucia.com\/index.php\/grid\/","title":{"rendered":"Grid"},"content":{"rendered":"<div id=\"cmsmasters_row_06ca15a7e6\" class=\"cmsmasters_row cmsmasters_color_scheme_default cmsmasters_row_top_default cmsmasters_row_bot_default cmsmasters_row_boxed\">\n<div class=\"cmsmasters_row_outer_parent\">\n<div class=\"cmsmasters_row_outer\">\n<div class=\"cmsmasters_row_inner\">\n<div class=\"cmsmasters_row_margin\">\n<div id=\"cmsmasters_column_833623eee8\" class=\"cmsmasters_column one_first\">\n<div class=\"cmsmasters_column_inner\"><div id=\"portfolio_07ced028e2\" class=\"cmsmasters_wrap_portfolio entry-summary\" data-layout=\"grid\" data-layout-mode=\"perfect\" data-url=\"https:\/\/floristeriasantalucia.com\/wp-content\/plugins\/cmsmasters-content-composer\/\" data-orderby=\"name\" data-order=\"ASC\" data-count=\"6\" data-categories=\"portfolio\" data-metadata=\"title,categories,rollover\"><div class=\"portfolio grid large_gap perfect cmsmasters_3\"><!-- Start Project Grid Article -->\r\n<article id=\"post-611\" class=\"cmsmasters_project_grid post-611 project type-project status-publish format-gallery has-post-thumbnail hentry post_format-post-format-gallery pj-categs-portfolio\" data-category=\"portfolio\">\r\n\t<div class=\"project_outer\">\r\n\t<div class=\"project_img_wrap\"><figure class=\"cmsmasters_img_rollover_wrap preloader\"><img loading=\"lazy\" decoding=\"async\" width=\"360\" height=\"360\" src=\"https:\/\/floristeriasantalucia.com\/wp-content\/uploads\/2017\/05\/05-360x360.jpg\" class=\"full-width wp-post-image\" alt=\"Beautiful Tender Bouquet\" title=\"Beautiful Tender Bouquet\" srcset=\"https:\/\/floristeriasantalucia.com\/wp-content\/uploads\/2017\/05\/05-360x360.jpg 360w, https:\/\/floristeriasantalucia.com\/wp-content\/uploads\/2017\/05\/05-380x380.jpg 380w, https:\/\/floristeriasantalucia.com\/wp-content\/uploads\/2017\/05\/05-100x100.jpg 100w, https:\/\/floristeriasantalucia.com\/wp-content\/uploads\/2017\/05\/05-150x150.jpg 150w, https:\/\/floristeriasantalucia.com\/wp-content\/uploads\/2017\/05\/05-70x70.jpg 70w, https:\/\/floristeriasantalucia.com\/wp-content\/uploads\/2017\/05\/05-300x300.jpg 300w, https:\/\/floristeriasantalucia.com\/wp-content\/uploads\/2017\/05\/05-580x580.jpg 580w\" sizes=\"auto, (max-width: 360px) 100vw, 360px\" \/><div class=\"cmsmasters_img_rollover\"><a href=\"https:\/\/floristeriasantalucia.com\/index.php\/project\/beautiful-tender-bouquet\/\" title=\"Beautiful Tender Bouquet\" class=\"cmsmasters_open_post_link\"><\/a><\/div><\/figure><\/div><div class=\"cmsmasters_project_cont_info entry-meta\"><span class=\"cmsmasters_project_category\"><a href=\"https:\/\/floristeriasantalucia.com\/index.php\/pj-categs\/portfolio\/\" class=\"cmsmasters_cat_color cmsmasters_cat_47\" rel=\"category tag\">Portfolio<\/a><\/span><\/div><header class=\"cmsmasters_project_header entry-header\"><h5 class=\"cmsmasters_project_title entry-title\"><a href=\"https:\/\/floristeriasantalucia.com\/index.php\/project\/beautiful-tender-bouquet\/\">Beautiful Tender Bouquet<\/a><\/h5><\/header><span class=\"dn meta-date\">20150124135418<\/span>\t<\/div>\r\n<\/article>\r\n<!-- Finish Project Grid Article -->\r\n\r\n<!-- Start Project Grid Article -->\r\n<article id=\"post-606\" class=\"cmsmasters_project_grid post-606 project type-project status-publish format-standard has-post-thumbnail hentry pj-categs-portfolio\" data-category=\"portfolio\">\r\n\t<div class=\"project_outer\">\r\n\t<div class=\"project_img_wrap\"><figure class=\"cmsmasters_img_rollover_wrap preloader\"><img loading=\"lazy\" decoding=\"async\" width=\"360\" height=\"203\" src=\"https:\/\/floristeriasantalucia.com\/wp-content\/uploads\/2017\/05\/06.jpg\" class=\"full-width wp-post-image\" alt=\"Gift Boxed White Roses\" title=\"Gift Boxed White Roses\" srcset=\"https:\/\/floristeriasantalucia.com\/wp-content\/uploads\/2017\/05\/06.jpg 1920w, https:\/\/floristeriasantalucia.com\/wp-content\/uploads\/2017\/05\/06-600x338.jpg 600w\" sizes=\"auto, (max-width: 360px) 100vw, 360px\" \/><div class=\"cmsmasters_img_rollover\"><a href=\"https:\/\/floristeriasantalucia.com\/index.php\/project\/gift-boxed-white-roses\/\" title=\"Gift Boxed White Roses\" class=\"cmsmasters_open_post_link\"><\/a><\/div><\/figure><\/div><div class=\"cmsmasters_project_cont_info entry-meta\"><span class=\"cmsmasters_project_category\"><a href=\"https:\/\/floristeriasantalucia.com\/index.php\/pj-categs\/portfolio\/\" class=\"cmsmasters_cat_color cmsmasters_cat_47\" rel=\"category tag\">Portfolio<\/a><\/span><\/div><header class=\"cmsmasters_project_header entry-header\"><h5 class=\"cmsmasters_project_title entry-title\"><a href=\"https:\/\/floristeriasantalucia.com\/index.php\/project\/gift-boxed-white-roses\/\">Gift Boxed White Roses<\/a><\/h5><\/header><span class=\"dn meta-date\">20150120135149<\/span>\t<\/div>\r\n<\/article>\r\n<!-- Finish Project Grid Article -->\r\n\r\n<!-- Start Project Grid Article -->\r\n<article id=\"post-9410\" class=\"cmsmasters_project_grid post-9410 project type-project status-publish format-gallery has-post-thumbnail hentry post_format-post-format-gallery pj-categs-portfolio\" data-category=\"portfolio\">\r\n\t<div class=\"project_outer\">\r\n\t<div class=\"project_img_wrap\"><figure class=\"cmsmasters_img_rollover_wrap preloader\"><img loading=\"lazy\" decoding=\"async\" width=\"360\" height=\"203\" src=\"https:\/\/floristeriasantalucia.com\/wp-content\/uploads\/2017\/05\/06.jpg\" class=\"full-width wp-post-image\" alt=\"How Sweet It Is\" title=\"How Sweet It Is\" srcset=\"https:\/\/floristeriasantalucia.com\/wp-content\/uploads\/2017\/05\/06.jpg 1920w, https:\/\/floristeriasantalucia.com\/wp-content\/uploads\/2017\/05\/06-600x338.jpg 600w\" sizes=\"auto, (max-width: 360px) 100vw, 360px\" \/><div class=\"cmsmasters_img_rollover\"><a href=\"https:\/\/floristeriasantalucia.com\/index.php\/project\/how-sweet-it-is\/\" title=\"How Sweet It Is\" class=\"cmsmasters_open_post_link\"><\/a><\/div><\/figure><\/div><div class=\"cmsmasters_project_cont_info entry-meta\"><span class=\"cmsmasters_project_category\"><a href=\"https:\/\/floristeriasantalucia.com\/index.php\/pj-categs\/portfolio\/\" class=\"cmsmasters_cat_color cmsmasters_cat_47\" rel=\"category tag\">Portfolio<\/a><\/span><\/div><header class=\"cmsmasters_project_header entry-header\"><h5 class=\"cmsmasters_project_title entry-title\"><a href=\"https:\/\/floristeriasantalucia.com\/index.php\/project\/how-sweet-it-is\/\">How Sweet It Is<\/a><\/h5><\/header><span class=\"dn meta-date\">20150110132206<\/span>\t<\/div>\r\n<\/article>\r\n<!-- Finish Project Grid Article -->\r\n\r\n<!-- Start Project Grid Article -->\r\n<article id=\"post-913\" class=\"cmsmasters_project_grid post-913 project type-project status-publish format-standard has-post-thumbnail hentry pj-categs-portfolio\" data-category=\"portfolio\">\r\n\t<div class=\"project_outer\">\r\n\t<div class=\"project_img_wrap\"><figure class=\"cmsmasters_img_rollover_wrap preloader\"><img loading=\"lazy\" decoding=\"async\" width=\"360\" height=\"203\" src=\"https:\/\/floristeriasantalucia.com\/wp-content\/uploads\/2017\/05\/01.jpg\" class=\"full-width wp-post-image\" alt=\"Poetry in Pink\" title=\"Poetry in Pink\" srcset=\"https:\/\/floristeriasantalucia.com\/wp-content\/uploads\/2017\/05\/01.jpg 1920w, https:\/\/floristeriasantalucia.com\/wp-content\/uploads\/2017\/05\/01-600x338.jpg 600w\" sizes=\"auto, (max-width: 360px) 100vw, 360px\" \/><div class=\"cmsmasters_img_rollover\"><a href=\"https:\/\/floristeriasantalucia.com\/index.php\/project\/poetry-in-pink\/\" title=\"Poetry in Pink\" class=\"cmsmasters_open_post_link\"><\/a><\/div><\/figure><\/div><div class=\"cmsmasters_project_cont_info entry-meta\"><span class=\"cmsmasters_project_category\"><a href=\"https:\/\/floristeriasantalucia.com\/index.php\/pj-categs\/portfolio\/\" class=\"cmsmasters_cat_color cmsmasters_cat_47\" rel=\"category tag\">Portfolio<\/a><\/span><\/div><header class=\"cmsmasters_project_header entry-header\"><h5 class=\"cmsmasters_project_title entry-title\"><a href=\"https:\/\/floristeriasantalucia.com\/index.php\/project\/poetry-in-pink\/\">Poetry in Pink<\/a><\/h5><\/header><span class=\"dn meta-date\">20150129090514<\/span>\t<\/div>\r\n<\/article>\r\n<!-- Finish Project Grid Article -->\r\n\r\n<!-- Start Project Grid Article -->\r\n<article id=\"post-613\" class=\"cmsmasters_project_grid post-613 project type-project status-publish format-standard has-post-thumbnail hentry pj-categs-portfolio\" data-category=\"portfolio\">\r\n\t<div class=\"project_outer\">\r\n\t<div class=\"project_img_wrap\"><figure class=\"cmsmasters_img_rollover_wrap preloader\"><img loading=\"lazy\" decoding=\"async\" width=\"360\" height=\"203\" src=\"https:\/\/floristeriasantalucia.com\/wp-content\/uploads\/2017\/05\/04.jpg\" class=\"full-width wp-post-image\" alt=\"Precious Peach Tulips\" title=\"Precious Peach Tulips\" srcset=\"https:\/\/floristeriasantalucia.com\/wp-content\/uploads\/2017\/05\/04.jpg 1920w, https:\/\/floristeriasantalucia.com\/wp-content\/uploads\/2017\/05\/04-600x338.jpg 600w\" sizes=\"auto, (max-width: 360px) 100vw, 360px\" \/><div class=\"cmsmasters_img_rollover\"><a href=\"https:\/\/floristeriasantalucia.com\/index.php\/project\/precious-peach-tulips\/\" title=\"Precious Peach Tulips\" class=\"cmsmasters_open_post_link\"><\/a><\/div><\/figure><\/div><div class=\"cmsmasters_project_cont_info entry-meta\"><span class=\"cmsmasters_project_category\"><a href=\"https:\/\/floristeriasantalucia.com\/index.php\/pj-categs\/portfolio\/\" class=\"cmsmasters_cat_color cmsmasters_cat_47\" rel=\"category tag\">Portfolio<\/a><\/span><\/div><header class=\"cmsmasters_project_header entry-header\"><h5 class=\"cmsmasters_project_title entry-title\"><a href=\"https:\/\/floristeriasantalucia.com\/index.php\/project\/precious-peach-tulips\/\">Precious Peach Tulips<\/a><\/h5><\/header><span class=\"dn meta-date\">20150128135516<\/span>\t<\/div>\r\n<\/article>\r\n<!-- Finish Project Grid Article -->\r\n\r\n<!-- Start Project Grid Article -->\r\n<article id=\"post-8414\" class=\"cmsmasters_project_grid post-8414 project type-project status-publish format-standard has-post-thumbnail hentry pj-categs-portfolio\" data-category=\"portfolio\">\r\n\t<div class=\"project_outer\">\r\n\t<div class=\"project_img_wrap\"><figure class=\"cmsmasters_img_rollover_wrap preloader\"><img loading=\"lazy\" decoding=\"async\" width=\"360\" height=\"360\" src=\"https:\/\/floristeriasantalucia.com\/wp-content\/uploads\/2017\/05\/03-360x360.jpg\" class=\"full-width wp-post-image\" alt=\"Simply Splendid Bouquet\" title=\"Simply Splendid Bouquet\" srcset=\"https:\/\/floristeriasantalucia.com\/wp-content\/uploads\/2017\/05\/03-360x360.jpg 360w, https:\/\/floristeriasantalucia.com\/wp-content\/uploads\/2017\/05\/03-380x380.jpg 380w, https:\/\/floristeriasantalucia.com\/wp-content\/uploads\/2017\/05\/03-100x100.jpg 100w, https:\/\/floristeriasantalucia.com\/wp-content\/uploads\/2017\/05\/03-150x150.jpg 150w, https:\/\/floristeriasantalucia.com\/wp-content\/uploads\/2017\/05\/03-70x70.jpg 70w, https:\/\/floristeriasantalucia.com\/wp-content\/uploads\/2017\/05\/03-300x300.jpg 300w, https:\/\/floristeriasantalucia.com\/wp-content\/uploads\/2017\/05\/03-580x580.jpg 580w\" sizes=\"auto, (max-width: 360px) 100vw, 360px\" \/><div class=\"cmsmasters_img_rollover\"><a href=\"https:\/\/floristeriasantalucia.com\/index.php\/project\/simply-splendid-bouquet\/\" title=\"Simply Splendid Bouquet\" class=\"cmsmasters_open_post_link\"><\/a><\/div><\/figure><\/div><div class=\"cmsmasters_project_cont_info entry-meta\"><span class=\"cmsmasters_project_category\"><a href=\"https:\/\/floristeriasantalucia.com\/index.php\/pj-categs\/portfolio\/\" class=\"cmsmasters_cat_color cmsmasters_cat_47\" rel=\"category tag\">Portfolio<\/a><\/span><\/div><header class=\"cmsmasters_project_header entry-header\"><h5 class=\"cmsmasters_project_title entry-title\"><a href=\"https:\/\/floristeriasantalucia.com\/index.php\/project\/simply-splendid-bouquet\/\">Simply Splendid Bouquet<\/a><\/h5><\/header><span class=\"dn meta-date\">20150127083206<\/span>\t<\/div>\r\n<\/article>\r\n<!-- Finish Project Grid Article -->\r\n\r\n<\/div><div class=\"cmsmasters_wrap_more_projects cmsmasters_wrap_more_items\"><\/div><\/div>\n<\/div><\/div>\n<\/div>\n<\/div>\n<\/div>\n<\/div>\n<\/div>\n\n","protected":false},"excerpt":{"rendered":"","protected":false},"author":1,"featured_media":0,"parent":0,"menu_order":0,"comment_status":"closed","ping_status":"open","template":"","meta":{"footnotes":""},"class_list":["post-901","page","type-page","status-publish","hentry"],"yoast_head":"<!-- This site is optimized with the Yoast SEO plugin v26.8 - https:\/\/yoast.com\/product\/yoast-seo-wordpress\/ -->\n<title>Grid - Florister\u00eda Santa Luc\u00eda<\/title>\n<meta name=\"robots\" content=\"index, follow, max-snippet:-1, max-image-preview:large, max-video-preview:-1\" \/>\n<link rel=\"canonical\" href=\"https:\/\/floristeriasantalucia.com\/index.php\/grid\/\" \/>\n<meta property=\"og:locale\" content=\"en_US\" \/>\n<meta property=\"og:type\" content=\"article\" \/>\n<meta property=\"og:title\" content=\"Grid - Florister\u00eda Santa Luc\u00eda\" \/>\n<meta property=\"og:url\" content=\"https:\/\/floristeriasantalucia.com\/index.php\/grid\/\" \/>\n<meta property=\"og:site_name\" content=\"Florister\u00eda Santa Luc\u00eda\" \/>\n<meta name=\"twitter:card\" content=\"summary_large_image\" \/>\n<script type=\"application\/ld+json\" class=\"yoast-schema-graph\">{\"@context\":\"https:\/\/schema.org\",\"@graph\":[{\"@type\":\"WebPage\",\"@id\":\"https:\/\/floristeriasantalucia.com\/index.php\/grid\/\",\"url\":\"https:\/\/floristeriasantalucia.com\/index.php\/grid\/\",\"name\":\"Grid - Florister\u00eda Santa Luc\u00eda\",\"isPartOf\":{\"@id\":\"https:\/\/floristeriasantalucia.com\/#website\"},\"datePublished\":\"2015-04-30T12:55:57+00:00\",\"breadcrumb\":{\"@id\":\"https:\/\/floristeriasantalucia.com\/index.php\/grid\/#breadcrumb\"},\"inLanguage\":\"en-US\",\"potentialAction\":[{\"@type\":\"ReadAction\",\"target\":[\"https:\/\/floristeriasantalucia.com\/index.php\/grid\/\"]}]},{\"@type\":\"BreadcrumbList\",\"@id\":\"https:\/\/floristeriasantalucia.com\/index.php\/grid\/#breadcrumb\",\"itemListElement\":[{\"@type\":\"ListItem\",\"position\":1,\"name\":\"Home\",\"item\":\"https:\/\/floristeriasantalucia.com\/\"},{\"@type\":\"ListItem\",\"position\":2,\"name\":\"Grid\"}]},{\"@type\":\"WebSite\",\"@id\":\"https:\/\/floristeriasantalucia.com\/#website\",\"url\":\"https:\/\/floristeriasantalucia.com\/\",\"name\":\"Florister\u00eda Santa Luc\u00eda\",\"description\":\"Tus sentimientos expr\u00e9salos con flores\",\"publisher\":{\"@id\":\"https:\/\/floristeriasantalucia.com\/#organization\"},\"potentialAction\":[{\"@type\":\"SearchAction\",\"target\":{\"@type\":\"EntryPoint\",\"urlTemplate\":\"https:\/\/floristeriasantalucia.com\/?s={search_term_string}\"},\"query-input\":{\"@type\":\"PropertyValueSpecification\",\"valueRequired\":true,\"valueName\":\"search_term_string\"}}],\"inLanguage\":\"en-US\"},{\"@type\":\"Organization\",\"@id\":\"https:\/\/floristeriasantalucia.com\/#organization\",\"name\":\"Florister\u00eda Santa Luc\u00eda\",\"url\":\"https:\/\/floristeriasantalucia.com\/\",\"logo\":{\"@type\":\"ImageObject\",\"inLanguage\":\"en-US\",\"@id\":\"https:\/\/floristeriasantalucia.com\/#\/schema\/logo\/image\/\",\"url\":\"https:\/\/floristeriasantalucia.com\/wp-content\/uploads\/2021\/03\/logo_santalucia-06.png\",\"contentUrl\":\"https:\/\/floristeriasantalucia.com\/wp-content\/uploads\/2021\/03\/logo_santalucia-06.png\",\"width\":310,\"height\":133,\"caption\":\"Florister\u00eda Santa Luc\u00eda\"},\"image\":{\"@id\":\"https:\/\/floristeriasantalucia.com\/#\/schema\/logo\/image\/\"}}]}<\/script>\n<!-- \/ Yoast SEO plugin. -->","yoast_head_json":{"title":"Grid - Florister\u00eda Santa Luc\u00eda","robots":{"index":"index","follow":"follow","max-snippet":"max-snippet:-1","max-image-preview":"max-image-preview:large","max-video-preview":"max-video-preview:-1"},"canonical":"https:\/\/floristeriasantalucia.com\/index.php\/grid\/","og_locale":"en_US","og_type":"article","og_title":"Grid - Florister\u00eda Santa Luc\u00eda","og_url":"https:\/\/floristeriasantalucia.com\/index.php\/grid\/","og_site_name":"Florister\u00eda Santa Luc\u00eda","twitter_card":"summary_large_image","schema":{"@context":"https:\/\/schema.org","@graph":[{"@type":"WebPage","@id":"https:\/\/floristeriasantalucia.com\/index.php\/grid\/","url":"https:\/\/floristeriasantalucia.com\/index.php\/grid\/","name":"Grid - Florister\u00eda Santa Luc\u00eda","isPartOf":{"@id":"https:\/\/floristeriasantalucia.com\/#website"},"datePublished":"2015-04-30T12:55:57+00:00","breadcrumb":{"@id":"https:\/\/floristeriasantalucia.com\/index.php\/grid\/#breadcrumb"},"inLanguage":"en-US","potentialAction":[{"@type":"ReadAction","target":["https:\/\/floristeriasantalucia.com\/index.php\/grid\/"]}]},{"@type":"BreadcrumbList","@id":"https:\/\/floristeriasantalucia.com\/index.php\/grid\/#breadcrumb","itemListElement":[{"@type":"ListItem","position":1,"name":"Home","item":"https:\/\/floristeriasantalucia.com\/"},{"@type":"ListItem","position":2,"name":"Grid"}]},{"@type":"WebSite","@id":"https:\/\/floristeriasantalucia.com\/#website","url":"https:\/\/floristeriasantalucia.com\/","name":"Florister\u00eda Santa Luc\u00eda","description":"Tus sentimientos expr\u00e9salos con flores","publisher":{"@id":"https:\/\/floristeriasantalucia.com\/#organization"},"potentialAction":[{"@type":"SearchAction","target":{"@type":"EntryPoint","urlTemplate":"https:\/\/floristeriasantalucia.com\/?s={search_term_string}"},"query-input":{"@type":"PropertyValueSpecification","valueRequired":true,"valueName":"search_term_string"}}],"inLanguage":"en-US"},{"@type":"Organization","@id":"https:\/\/floristeriasantalucia.com\/#organization","name":"Florister\u00eda Santa Luc\u00eda","url":"https:\/\/floristeriasantalucia.com\/","logo":{"@type":"ImageObject","inLanguage":"en-US","@id":"https:\/\/floristeriasantalucia.com\/#\/schema\/logo\/image\/","url":"https:\/\/floristeriasantalucia.com\/wp-content\/uploads\/2021\/03\/logo_santalucia-06.png","contentUrl":"https:\/\/floristeriasantalucia.com\/wp-content\/uploads\/2021\/03\/logo_santalucia-06.png","width":310,"height":133,"caption":"Florister\u00eda Santa Luc\u00eda"},"image":{"@id":"https:\/\/floristeriasantalucia.com\/#\/schema\/logo\/image\/"}}]}},"_links":{"self":[{"href":"https:\/\/floristeriasantalucia.com\/index.php\/wp-json\/wp\/v2\/pages\/901","targetHints":{"allow":["GET"]}}],"collection":[{"href":"https:\/\/floristeriasantalucia.com\/index.php\/wp-json\/wp\/v2\/pages"}],"about":[{"href":"https:\/\/floristeriasantalucia.com\/index.php\/wp-json\/wp\/v2\/types\/page"}],"author":[{"embeddable":true,"href":"https:\/\/floristeriasantalucia.com\/index.php\/wp-json\/wp\/v2\/users\/1"}],"replies":[{"embeddable":true,"href":"https:\/\/floristeriasantalucia.com\/index.php\/wp-json\/wp\/v2\/comments?post=901"}],"version-history":[{"count":0,"href":"https:\/\/floristeriasantalucia.com\/index.php\/wp-json\/wp\/v2\/pages\/901\/revisions"}],"wp:attachment":[{"href":"https:\/\/floristeriasantalucia.com\/index.php\/wp-json\/wp\/v2\/media?parent=901"}],"curies":[{"name":"wp","href":"https:\/\/api.w.org\/{rel}","templated":true}]}}