{"id":889,"date":"2015-04-30T12:44:18","date_gmt":"2015-04-30T12:44:18","guid":{"rendered":"http:\/\/welfare.cmsmasters.net\/?page_id=889"},"modified":"2015-04-30T12:44:18","modified_gmt":"2015-04-30T12:44:18","slug":"timeline-blog","status":"publish","type":"page","link":"https:\/\/floristeriasantalucia.com\/index.php\/timeline-blog\/","title":{"rendered":"Timeline Blog"},"content":{"rendered":"<div id=\"cmsmasters_row_1d07033810\" class=\"cmsmasters_row cmsmasters_color_scheme_default cmsmasters_row_top_default cmsmasters_row_bot_default cmsmasters_row_boxed\">\n<div class=\"cmsmasters_row_outer_parent\">\n<div class=\"cmsmasters_row_outer\">\n<div class=\"cmsmasters_row_inner\">\n<div class=\"cmsmasters_row_margin\">\n<div id=\"cmsmasters_column_594f6e4614\" class=\"cmsmasters_column one_first\">\n<div class=\"cmsmasters_column_inner\"><div id=\"cmsmasters_divider_20df324ab2\" class=\"cl\"><\/div><div id=\"blog_70844210fe\" class=\"cmsmasters_wrap_blog entry-summary\" data-layout=\"timeline\" data-layout-mode=\"\" data-url=\"https:\/\/floristeriasantalucia.com\/wp-content\/plugins\/cmsmasters-content-composer\/\" data-orderby=\"date\" data-order=\"DESC\" data-count=\"6\" data-categories=\"advice,design-guide,florists,flower-shop,holidays,news\" data-metadata=\"date,categories,more\" data-pagination=\"more\"><div class=\"blog timeline\"><!-- Start Post Timeline Article -->\r\n<article id=\"post-1965\" class=\"cmsmasters_post_timeline post-1965 post type-post status-publish format-image has-post-thumbnail hentry category-advice category-holidays post_format-post-format-image\">\r\n\t<span class=\"cmsmasters_post_date\"><abbr class=\"published\" title=\"May 28, 2017\"><span class=\"cmsmasters_post_day\">28<\/span><span class=\"cmsmasters_post_mon\">May<\/span><span class=\"cmsmasters_post_year\">2017<\/span><\/abbr><abbr class=\"dn date updated\" title=\"May 28, 2017\">May 28, 2017<\/abbr><\/span>\t<div class=\"cmsmasters_timeline_margin\">\r\n\t\t<div class=\"cmsmasters_post_cont\">\r\n\t\t<figure class=\"cmsmasters_img_wrap\"><a href=\"https:\/\/floristeriasantalucia.com\/wp-content\/uploads\/2017\/05\/03.jpg\" title=\"Valentine\u2019s Day \u2013 Florist Checklist\" rel=\"ilightbox[img_1965_69f5d3a9a57f2]\" class=\"cmsmasters_img_link\"><img loading=\"lazy\" decoding=\"async\" width=\"860\" height=\"484\" src=\"https:\/\/floristeriasantalucia.com\/wp-content\/uploads\/2017\/05\/03.jpg\" class=\" wp-post-image\" alt=\"Valentine\u2019s Day \u2013 Florist Checklist\" title=\"Valentine\u2019s Day \u2013 Florist Checklist\" srcset=\"https:\/\/floristeriasantalucia.com\/wp-content\/uploads\/2017\/05\/03.jpg 1920w, https:\/\/floristeriasantalucia.com\/wp-content\/uploads\/2017\/05\/03-600x338.jpg 600w, https:\/\/floristeriasantalucia.com\/wp-content\/uploads\/2017\/05\/03-300x169.jpg 300w, https:\/\/floristeriasantalucia.com\/wp-content\/uploads\/2017\/05\/03-1024x576.jpg 1024w, https:\/\/floristeriasantalucia.com\/wp-content\/uploads\/2017\/05\/03-768x432.jpg 768w, https:\/\/floristeriasantalucia.com\/wp-content\/uploads\/2017\/05\/03-1536x864.jpg 1536w\" sizes=\"auto, (max-width: 860px) 100vw, 860px\" \/><\/a><\/figure><span class=\"cmsmasters_post_category\"><a href=\"https:\/\/floristeriasantalucia.com\/index.php\/category\/advice\/\" class=\"cmsmasters_cat_color cmsmasters_cat_22\" rel=\"category tag\">Advice<\/a>, <a href=\"https:\/\/floristeriasantalucia.com\/index.php\/category\/holidays\/\" class=\"cmsmasters_cat_color cmsmasters_cat_26\" rel=\"category tag\">Holidays<\/a><\/span><header class=\"cmsmasters_post_header entry-header\"><h5 class=\"cmsmasters_post_title entry-title\"><a href=\"https:\/\/floristeriasantalucia.com\/index.php\/2017\/05\/28\/valentines-day-florist-checklist\/\">Valentine\u2019s Day \u2013 Florist Checklist<\/a><\/h5><\/header><div class=\"cmsmasters_post_content entry-content\">\n<p>Lorem ipsum dolor sit amet, consectetur adipiscing elit. Pellentesque fermentum massa vel enim feugiat gravida. Phasellus velit risus, euismod a lacus et.<\/p>\n<\/div>\n<a class=\"cmsmasters_post_read_more\" href=\"https:\/\/floristeriasantalucia.com\/index.php\/2017\/05\/28\/valentines-day-florist-checklist\/\">Read More<\/a>\t\t<\/div>\r\n\t<\/div>\r\n<\/article>\r\n<!-- Finish Post Timeline Article -->\r\n\r\n<!-- Start Post Timeline Article -->\r\n<article id=\"post-85\" class=\"cmsmasters_post_timeline post-85 post type-post status-publish format-image has-post-thumbnail hentry category-advice category-holidays post_format-post-format-image\">\r\n\t<span class=\"cmsmasters_post_date\"><abbr class=\"published\" title=\"May 23, 2017\"><span class=\"cmsmasters_post_day\">23<\/span><span class=\"cmsmasters_post_mon\">May<\/span><span class=\"cmsmasters_post_year\">2017<\/span><\/abbr><abbr class=\"dn date updated\" title=\"May 23, 2017\">May 23, 2017<\/abbr><\/span>\t<div class=\"cmsmasters_timeline_margin\">\r\n\t\t<div class=\"cmsmasters_post_cont\">\r\n\t\t<figure class=\"cmsmasters_img_wrap\"><a href=\"https:\/\/floristeriasantalucia.com\/wp-content\/uploads\/2017\/05\/05.jpg\" title=\"Multicultural Wedding Flowers\" rel=\"ilightbox[img_85_69f5d3a9a6bb1]\" class=\"cmsmasters_img_link\"><img loading=\"lazy\" decoding=\"async\" width=\"860\" height=\"484\" src=\"https:\/\/floristeriasantalucia.com\/wp-content\/uploads\/2017\/05\/05.jpg\" class=\" wp-post-image\" alt=\"Multicultural Wedding Flowers\" title=\"Multicultural Wedding Flowers\" srcset=\"https:\/\/floristeriasantalucia.com\/wp-content\/uploads\/2017\/05\/05.jpg 1920w, https:\/\/floristeriasantalucia.com\/wp-content\/uploads\/2017\/05\/05-600x338.jpg 600w, https:\/\/floristeriasantalucia.com\/wp-content\/uploads\/2017\/05\/05-300x169.jpg 300w, https:\/\/floristeriasantalucia.com\/wp-content\/uploads\/2017\/05\/05-1024x576.jpg 1024w, https:\/\/floristeriasantalucia.com\/wp-content\/uploads\/2017\/05\/05-768x432.jpg 768w, https:\/\/floristeriasantalucia.com\/wp-content\/uploads\/2017\/05\/05-1536x864.jpg 1536w\" sizes=\"auto, (max-width: 860px) 100vw, 860px\" \/><\/a><\/figure><span class=\"cmsmasters_post_category\"><a href=\"https:\/\/floristeriasantalucia.com\/index.php\/category\/advice\/\" class=\"cmsmasters_cat_color cmsmasters_cat_22\" rel=\"category tag\">Advice<\/a>, <a href=\"https:\/\/floristeriasantalucia.com\/index.php\/category\/holidays\/\" class=\"cmsmasters_cat_color cmsmasters_cat_26\" rel=\"category tag\">Holidays<\/a><\/span><header class=\"cmsmasters_post_header entry-header\"><h5 class=\"cmsmasters_post_title entry-title\"><a href=\"https:\/\/floristeriasantalucia.com\/index.php\/2017\/05\/23\/multicultural-wedding-flowers\/\">Multicultural Wedding Flowers<\/a><\/h5><\/header><div class=\"cmsmasters_post_content entry-content\">\n<p>Lorem ipsum dolor sit amet, consectetur adipiscing elit. Pellentesque fermentum massa vel enim feugiat gravida. Phasellus velit risus, euismod a lacus et.<\/p>\n<\/div>\n<a class=\"cmsmasters_post_read_more\" href=\"https:\/\/floristeriasantalucia.com\/index.php\/2017\/05\/23\/multicultural-wedding-flowers\/\">Read More<\/a>\t\t<\/div>\r\n\t<\/div>\r\n<\/article>\r\n<!-- Finish Post Timeline Article -->\r\n\r\n<!-- Start Post Timeline Article -->\r\n<article id=\"post-87\" class=\"cmsmasters_post_timeline post-87 post type-post status-publish format-standard has-post-thumbnail hentry category-advice category-design-guide\">\r\n\t<span class=\"cmsmasters_post_date\"><abbr class=\"published\" title=\"May 20, 2017\"><span class=\"cmsmasters_post_day\">20<\/span><span class=\"cmsmasters_post_mon\">May<\/span><span class=\"cmsmasters_post_year\">2017<\/span><\/abbr><abbr class=\"dn date updated\" title=\"May 20, 2017\">May 20, 2017<\/abbr><\/span>\t<div class=\"cmsmasters_timeline_margin\">\r\n\t\t<div class=\"cmsmasters_post_cont\">\r\n\t\t<figure class=\"cmsmasters_img_wrap\"><a href=\"https:\/\/floristeriasantalucia.com\/index.php\/2017\/05\/20\/florist-website-design-guide-2017\/\" title=\"Florist Website Design Guide 2017\" class=\"cmsmasters_img_link preloader\"><img loading=\"lazy\" decoding=\"async\" width=\"580\" height=\"326\" src=\"https:\/\/floristeriasantalucia.com\/wp-content\/uploads\/2017\/05\/06.jpg\" class=\"full-width wp-post-image\" alt=\"Florist Website Design Guide 2017\" title=\"Florist Website Design Guide 2017\" srcset=\"https:\/\/floristeriasantalucia.com\/wp-content\/uploads\/2017\/05\/06.jpg 1920w, https:\/\/floristeriasantalucia.com\/wp-content\/uploads\/2017\/05\/06-600x338.jpg 600w\" sizes=\"auto, (max-width: 580px) 100vw, 580px\" \/><\/a><\/figure><span class=\"cmsmasters_post_category\"><a href=\"https:\/\/floristeriasantalucia.com\/index.php\/category\/advice\/\" class=\"cmsmasters_cat_color cmsmasters_cat_22\" rel=\"category tag\">Advice<\/a>, <a href=\"https:\/\/floristeriasantalucia.com\/index.php\/category\/design-guide\/\" class=\"cmsmasters_cat_color cmsmasters_cat_23\" rel=\"category tag\">Design Guide<\/a><\/span><header class=\"cmsmasters_post_header entry-header\"><h5 class=\"cmsmasters_post_title entry-title\"><a href=\"https:\/\/floristeriasantalucia.com\/index.php\/2017\/05\/20\/florist-website-design-guide-2017\/\">Florist Website Design Guide 2017<\/a><\/h5><\/header><div class=\"cmsmasters_post_content entry-content\">\n<p>Lorem ipsum dolor sit amet, consectetur adipiscing elit. Pellentesque fermentum massa vel enim feugiat gravida. Phasellus velit risus, euismod a lacus et.<\/p>\n<\/div>\n<a class=\"cmsmasters_post_read_more\" href=\"https:\/\/floristeriasantalucia.com\/index.php\/2017\/05\/20\/florist-website-design-guide-2017\/\">Read More<\/a>\t\t<\/div>\r\n\t<\/div>\r\n<\/article>\r\n<!-- Finish Post Timeline Article -->\r\n\r\n<!-- Start Post Timeline Article -->\r\n<article id=\"post-285\" class=\"cmsmasters_post_timeline post-285 post type-post status-publish format-gallery has-post-thumbnail hentry category-advice category-holidays post_format-post-format-gallery\">\r\n\t<span class=\"cmsmasters_post_date\"><abbr class=\"published\" title=\"May 16, 2017\"><span class=\"cmsmasters_post_day\">16<\/span><span class=\"cmsmasters_post_mon\">May<\/span><span class=\"cmsmasters_post_year\">2017<\/span><\/abbr><abbr class=\"dn date updated\" title=\"May 16, 2017\">May 16, 2017<\/abbr><\/span>\t<div class=\"cmsmasters_timeline_margin\">\r\n\t\t<div class=\"cmsmasters_post_cont\">\r\n\t\t<div id=\"cmsmasters_owl_slider_69f5d3a9a89da\" class=\"cmsmasters_owl_slider\" data-auto-height=\"false\" data-pagination=\"false\"><div class=\"cmsmasters_owl_slider_item\"><figure><img loading=\"lazy\" decoding=\"async\" width=\"860\" height=\"484\" src=\"https:\/\/floristeriasantalucia.com\/wp-content\/uploads\/2017\/05\/01.jpg\" class=\"full-width\" alt=\"5 Reasons to Send Flowers\" title=\"01\" srcset=\"https:\/\/floristeriasantalucia.com\/wp-content\/uploads\/2017\/05\/01.jpg 1920w, https:\/\/floristeriasantalucia.com\/wp-content\/uploads\/2017\/05\/01-600x338.jpg 600w\" sizes=\"auto, (max-width: 860px) 100vw, 860px\" \/><\/figure><\/div><div class=\"cmsmasters_owl_slider_item\"><figure><\/figure><\/div><\/div><span class=\"cmsmasters_post_category\"><a href=\"https:\/\/floristeriasantalucia.com\/index.php\/category\/advice\/\" class=\"cmsmasters_cat_color cmsmasters_cat_22\" rel=\"category tag\">Advice<\/a>, <a href=\"https:\/\/floristeriasantalucia.com\/index.php\/category\/holidays\/\" class=\"cmsmasters_cat_color cmsmasters_cat_26\" rel=\"category tag\">Holidays<\/a><\/span><header class=\"cmsmasters_post_header entry-header\"><h5 class=\"cmsmasters_post_title entry-title\"><a href=\"https:\/\/floristeriasantalucia.com\/index.php\/2017\/05\/16\/5-reasons-to-send-flowers\/\">5 Reasons to Send Flowers<\/a><\/h5><\/header><div class=\"cmsmasters_post_content entry-content\">\n<p>Lorem ipsum dolor sit amet, consectetur adipiscing elit. Pellentesque fermentum massa vel enim feugiat gravida. Phasellus velit risus, euismod a lacus et.<\/p>\n<\/div>\n<a class=\"cmsmasters_post_read_more\" href=\"https:\/\/floristeriasantalucia.com\/index.php\/2017\/05\/16\/5-reasons-to-send-flowers\/\">Read More<\/a>\t\t<\/div>\r\n\t<\/div>\r\n<\/article>\r\n<!-- Finish Post Timeline Article -->\r\n\r\n<!-- Start Post Timeline Article -->\r\n<article id=\"post-103\" class=\"cmsmasters_post_timeline post-103 post type-post status-publish format-image has-post-thumbnail hentry category-advice category-flower-shop post_format-post-format-image\">\r\n\t<span class=\"cmsmasters_post_date\"><abbr class=\"published\" title=\"May 12, 2017\"><span class=\"cmsmasters_post_day\">12<\/span><span class=\"cmsmasters_post_mon\">May<\/span><span class=\"cmsmasters_post_year\">2017<\/span><\/abbr><abbr class=\"dn date updated\" title=\"May 12, 2017\">May 12, 2017<\/abbr><\/span>\t<div class=\"cmsmasters_timeline_margin\">\r\n\t\t<div class=\"cmsmasters_post_cont\">\r\n\t\t<figure class=\"cmsmasters_img_wrap\"><a href=\"https:\/\/floristeriasantalucia.com\/wp-content\/uploads\/2017\/05\/03.jpg\" title=\"Opening A Flower Shop \u2013 Florist Tips\" rel=\"ilightbox[img_103_69f5d3a9aa56b]\" class=\"cmsmasters_img_link\"><img loading=\"lazy\" decoding=\"async\" width=\"860\" height=\"484\" src=\"https:\/\/floristeriasantalucia.com\/wp-content\/uploads\/2017\/05\/03.jpg\" class=\" wp-post-image\" alt=\"Opening A Flower Shop \u2013 Florist Tips\" title=\"Opening A Flower Shop \u2013 Florist Tips\" srcset=\"https:\/\/floristeriasantalucia.com\/wp-content\/uploads\/2017\/05\/03.jpg 1920w, https:\/\/floristeriasantalucia.com\/wp-content\/uploads\/2017\/05\/03-600x338.jpg 600w, https:\/\/floristeriasantalucia.com\/wp-content\/uploads\/2017\/05\/03-300x169.jpg 300w, https:\/\/floristeriasantalucia.com\/wp-content\/uploads\/2017\/05\/03-1024x576.jpg 1024w, https:\/\/floristeriasantalucia.com\/wp-content\/uploads\/2017\/05\/03-768x432.jpg 768w, https:\/\/floristeriasantalucia.com\/wp-content\/uploads\/2017\/05\/03-1536x864.jpg 1536w\" sizes=\"auto, (max-width: 860px) 100vw, 860px\" \/><\/a><\/figure><span class=\"cmsmasters_post_category\"><a href=\"https:\/\/floristeriasantalucia.com\/index.php\/category\/advice\/\" class=\"cmsmasters_cat_color cmsmasters_cat_22\" rel=\"category tag\">Advice<\/a>, <a href=\"https:\/\/floristeriasantalucia.com\/index.php\/category\/flower-shop\/\" class=\"cmsmasters_cat_color cmsmasters_cat_25\" rel=\"category tag\">Flower Shop<\/a><\/span><header class=\"cmsmasters_post_header entry-header\"><h5 class=\"cmsmasters_post_title entry-title\"><a href=\"https:\/\/floristeriasantalucia.com\/index.php\/2017\/05\/12\/opening-a-flower-shop-florist-tips\/\">Opening A Flower Shop \u2013 Florist Tips<\/a><\/h5><\/header><div class=\"cmsmasters_post_content entry-content\">\n<p>Lorem ipsum dolor sit amet, consectetur adipiscing elit. Pellentesque fermentum massa vel enim feugiat gravida. Phasellus velit risus, euismod a lacus et.<\/p>\n<\/div>\n<a class=\"cmsmasters_post_read_more\" href=\"https:\/\/floristeriasantalucia.com\/index.php\/2017\/05\/12\/opening-a-flower-shop-florist-tips\/\">Read More<\/a>\t\t<\/div>\r\n\t<\/div>\r\n<\/article>\r\n<!-- Finish Post Timeline Article -->\r\n\r\n<!-- Start Post Timeline Article -->\r\n<article id=\"post-2938\" class=\"cmsmasters_post_timeline post-2938 post type-post status-publish format-gallery has-post-thumbnail hentry category-florists category-news post_format-post-format-gallery\">\r\n\t<span class=\"cmsmasters_post_date\"><abbr class=\"published\" title=\"May 8, 2017\"><span class=\"cmsmasters_post_day\">08<\/span><span class=\"cmsmasters_post_mon\">May<\/span><span class=\"cmsmasters_post_year\">2017<\/span><\/abbr><abbr class=\"dn date updated\" title=\"May 8, 2017\">May 8, 2017<\/abbr><\/span>\t<div class=\"cmsmasters_timeline_margin\">\r\n\t\t<div class=\"cmsmasters_post_cont\">\r\n\t\t<div id=\"cmsmasters_owl_slider_69f5d3a9ab4e7\" class=\"cmsmasters_owl_slider\" data-auto-height=\"false\" data-pagination=\"false\"><div class=\"cmsmasters_owl_slider_item\"><figure><\/figure><\/div><div class=\"cmsmasters_owl_slider_item\"><figure><img loading=\"lazy\" decoding=\"async\" width=\"860\" height=\"484\" src=\"https:\/\/floristeriasantalucia.com\/wp-content\/uploads\/2017\/05\/02.jpg\" class=\"full-width\" alt=\"Every Florist Should Sell In 2017\" title=\"02\" srcset=\"https:\/\/floristeriasantalucia.com\/wp-content\/uploads\/2017\/05\/02.jpg 1920w, https:\/\/floristeriasantalucia.com\/wp-content\/uploads\/2017\/05\/02-600x338.jpg 600w\" sizes=\"auto, (max-width: 860px) 100vw, 860px\" \/><\/figure><\/div><\/div><span class=\"cmsmasters_post_category\"><a href=\"https:\/\/floristeriasantalucia.com\/index.php\/category\/florists\/\" class=\"cmsmasters_cat_color cmsmasters_cat_24\" rel=\"category tag\">Florists<\/a>, <a href=\"https:\/\/floristeriasantalucia.com\/index.php\/category\/news\/\" class=\"cmsmasters_cat_color cmsmasters_cat_27\" rel=\"category tag\">News<\/a><\/span><header class=\"cmsmasters_post_header entry-header\"><h5 class=\"cmsmasters_post_title entry-title\"><a href=\"https:\/\/floristeriasantalucia.com\/index.php\/2017\/05\/08\/every-florist-should-sell-in-2017\/\">Every Florist Should Sell In 2017<\/a><\/h5><\/header><div class=\"cmsmasters_post_content entry-content\">\n<p>Lorem ipsum dolor sit amet, consectetur adipiscing elit. Pellentesque fermentum massa vel enim feugiat gravida. Phasellus velit risus, euismod a lacus et.<\/p>\n<\/div>\n<a class=\"cmsmasters_post_read_more\" href=\"https:\/\/floristeriasantalucia.com\/index.php\/2017\/05\/08\/every-florist-should-sell-in-2017\/\">Read More<\/a>\t\t<\/div>\r\n\t<\/div>\r\n<\/article>\r\n<!-- Finish Post Timeline Article -->\r\n\r\n<\/div><div class=\"cmsmasters_wrap_more_posts cmsmasters_wrap_more_items\"><div class=\"cmsmasters_wrap_post_loader cmsmasters_wrap_items_loader\">\r\n\t\t\t\t<a href=\"javascript:void(0)\" class=\"cmsmasters_button cmsmasters_post_loader cmsmasters_items_loader\">\r\n\t\t\t\t\t<span>Load More Posts<\/span>\r\n\t\t\t\t<\/a>\r\n\t\t\t<\/div><\/div><\/div>\n<\/div><\/div>\n<\/div>\n<\/div>\n<\/div>\n<\/div>\n<\/div>\n\n","protected":false},"excerpt":{"rendered":"","protected":false},"author":1,"featured_media":0,"parent":0,"menu_order":0,"comment_status":"closed","ping_status":"open","template":"","meta":{"footnotes":""},"class_list":["post-889","page","type-page","status-publish","hentry"],"yoast_head":"<!-- This site is optimized with the Yoast SEO plugin v26.8 - https:\/\/yoast.com\/product\/yoast-seo-wordpress\/ -->\n<title>Timeline Blog - Florister\u00eda Santa Luc\u00eda<\/title>\n<meta name=\"robots\" content=\"index, follow, max-snippet:-1, max-image-preview:large, max-video-preview:-1\" \/>\n<link rel=\"canonical\" href=\"https:\/\/floristeriasantalucia.com\/index.php\/timeline-blog\/\" \/>\n<meta property=\"og:locale\" content=\"en_US\" \/>\n<meta property=\"og:type\" content=\"article\" \/>\n<meta property=\"og:title\" content=\"Timeline Blog - Florister\u00eda Santa Luc\u00eda\" \/>\n<meta property=\"og:url\" content=\"https:\/\/floristeriasantalucia.com\/index.php\/timeline-blog\/\" \/>\n<meta property=\"og:site_name\" content=\"Florister\u00eda Santa Luc\u00eda\" \/>\n<meta name=\"twitter:card\" content=\"summary_large_image\" \/>\n<meta name=\"twitter:label1\" content=\"Est. reading time\" \/>\n\t<meta name=\"twitter:data1\" content=\"1 minute\" \/>\n<script type=\"application\/ld+json\" class=\"yoast-schema-graph\">{\"@context\":\"https:\/\/schema.org\",\"@graph\":[{\"@type\":\"WebPage\",\"@id\":\"https:\/\/floristeriasantalucia.com\/index.php\/timeline-blog\/\",\"url\":\"https:\/\/floristeriasantalucia.com\/index.php\/timeline-blog\/\",\"name\":\"Timeline Blog - Florister\u00eda Santa Luc\u00eda\",\"isPartOf\":{\"@id\":\"https:\/\/floristeriasantalucia.com\/#website\"},\"datePublished\":\"2015-04-30T12:44:18+00:00\",\"breadcrumb\":{\"@id\":\"https:\/\/floristeriasantalucia.com\/index.php\/timeline-blog\/#breadcrumb\"},\"inLanguage\":\"en-US\",\"potentialAction\":[{\"@type\":\"ReadAction\",\"target\":[\"https:\/\/floristeriasantalucia.com\/index.php\/timeline-blog\/\"]}]},{\"@type\":\"BreadcrumbList\",\"@id\":\"https:\/\/floristeriasantalucia.com\/index.php\/timeline-blog\/#breadcrumb\",\"itemListElement\":[{\"@type\":\"ListItem\",\"position\":1,\"name\":\"Home\",\"item\":\"https:\/\/floristeriasantalucia.com\/\"},{\"@type\":\"ListItem\",\"position\":2,\"name\":\"Timeline Blog\"}]},{\"@type\":\"WebSite\",\"@id\":\"https:\/\/floristeriasantalucia.com\/#website\",\"url\":\"https:\/\/floristeriasantalucia.com\/\",\"name\":\"Florister\u00eda Santa Luc\u00eda\",\"description\":\"Tus sentimientos expr\u00e9salos con flores\",\"publisher\":{\"@id\":\"https:\/\/floristeriasantalucia.com\/#organization\"},\"potentialAction\":[{\"@type\":\"SearchAction\",\"target\":{\"@type\":\"EntryPoint\",\"urlTemplate\":\"https:\/\/floristeriasantalucia.com\/?s={search_term_string}\"},\"query-input\":{\"@type\":\"PropertyValueSpecification\",\"valueRequired\":true,\"valueName\":\"search_term_string\"}}],\"inLanguage\":\"en-US\"},{\"@type\":\"Organization\",\"@id\":\"https:\/\/floristeriasantalucia.com\/#organization\",\"name\":\"Florister\u00eda Santa Luc\u00eda\",\"url\":\"https:\/\/floristeriasantalucia.com\/\",\"logo\":{\"@type\":\"ImageObject\",\"inLanguage\":\"en-US\",\"@id\":\"https:\/\/floristeriasantalucia.com\/#\/schema\/logo\/image\/\",\"url\":\"https:\/\/floristeriasantalucia.com\/wp-content\/uploads\/2021\/03\/logo_santalucia-06.png\",\"contentUrl\":\"https:\/\/floristeriasantalucia.com\/wp-content\/uploads\/2021\/03\/logo_santalucia-06.png\",\"width\":310,\"height\":133,\"caption\":\"Florister\u00eda Santa Luc\u00eda\"},\"image\":{\"@id\":\"https:\/\/floristeriasantalucia.com\/#\/schema\/logo\/image\/\"}}]}<\/script>\n<!-- \/ Yoast SEO plugin. -->","yoast_head_json":{"title":"Timeline Blog - Florister\u00eda Santa Luc\u00eda","robots":{"index":"index","follow":"follow","max-snippet":"max-snippet:-1","max-image-preview":"max-image-preview:large","max-video-preview":"max-video-preview:-1"},"canonical":"https:\/\/floristeriasantalucia.com\/index.php\/timeline-blog\/","og_locale":"en_US","og_type":"article","og_title":"Timeline Blog - Florister\u00eda Santa Luc\u00eda","og_url":"https:\/\/floristeriasantalucia.com\/index.php\/timeline-blog\/","og_site_name":"Florister\u00eda Santa Luc\u00eda","twitter_card":"summary_large_image","twitter_misc":{"Est. reading time":"1 minute"},"schema":{"@context":"https:\/\/schema.org","@graph":[{"@type":"WebPage","@id":"https:\/\/floristeriasantalucia.com\/index.php\/timeline-blog\/","url":"https:\/\/floristeriasantalucia.com\/index.php\/timeline-blog\/","name":"Timeline Blog - Florister\u00eda Santa Luc\u00eda","isPartOf":{"@id":"https:\/\/floristeriasantalucia.com\/#website"},"datePublished":"2015-04-30T12:44:18+00:00","breadcrumb":{"@id":"https:\/\/floristeriasantalucia.com\/index.php\/timeline-blog\/#breadcrumb"},"inLanguage":"en-US","potentialAction":[{"@type":"ReadAction","target":["https:\/\/floristeriasantalucia.com\/index.php\/timeline-blog\/"]}]},{"@type":"BreadcrumbList","@id":"https:\/\/floristeriasantalucia.com\/index.php\/timeline-blog\/#breadcrumb","itemListElement":[{"@type":"ListItem","position":1,"name":"Home","item":"https:\/\/floristeriasantalucia.com\/"},{"@type":"ListItem","position":2,"name":"Timeline Blog"}]},{"@type":"WebSite","@id":"https:\/\/floristeriasantalucia.com\/#website","url":"https:\/\/floristeriasantalucia.com\/","name":"Florister\u00eda Santa Luc\u00eda","description":"Tus sentimientos expr\u00e9salos con flores","publisher":{"@id":"https:\/\/floristeriasantalucia.com\/#organization"},"potentialAction":[{"@type":"SearchAction","target":{"@type":"EntryPoint","urlTemplate":"https:\/\/floristeriasantalucia.com\/?s={search_term_string}"},"query-input":{"@type":"PropertyValueSpecification","valueRequired":true,"valueName":"search_term_string"}}],"inLanguage":"en-US"},{"@type":"Organization","@id":"https:\/\/floristeriasantalucia.com\/#organization","name":"Florister\u00eda Santa Luc\u00eda","url":"https:\/\/floristeriasantalucia.com\/","logo":{"@type":"ImageObject","inLanguage":"en-US","@id":"https:\/\/floristeriasantalucia.com\/#\/schema\/logo\/image\/","url":"https:\/\/floristeriasantalucia.com\/wp-content\/uploads\/2021\/03\/logo_santalucia-06.png","contentUrl":"https:\/\/floristeriasantalucia.com\/wp-content\/uploads\/2021\/03\/logo_santalucia-06.png","width":310,"height":133,"caption":"Florister\u00eda Santa Luc\u00eda"},"image":{"@id":"https:\/\/floristeriasantalucia.com\/#\/schema\/logo\/image\/"}}]}},"_links":{"self":[{"href":"https:\/\/floristeriasantalucia.com\/index.php\/wp-json\/wp\/v2\/pages\/889","targetHints":{"allow":["GET"]}}],"collection":[{"href":"https:\/\/floristeriasantalucia.com\/index.php\/wp-json\/wp\/v2\/pages"}],"about":[{"href":"https:\/\/floristeriasantalucia.com\/index.php\/wp-json\/wp\/v2\/types\/page"}],"author":[{"embeddable":true,"href":"https:\/\/floristeriasantalucia.com\/index.php\/wp-json\/wp\/v2\/users\/1"}],"replies":[{"embeddable":true,"href":"https:\/\/floristeriasantalucia.com\/index.php\/wp-json\/wp\/v2\/comments?post=889"}],"version-history":[{"count":0,"href":"https:\/\/floristeriasantalucia.com\/index.php\/wp-json\/wp\/v2\/pages\/889\/revisions"}],"wp:attachment":[{"href":"https:\/\/floristeriasantalucia.com\/index.php\/wp-json\/wp\/v2\/media?parent=889"}],"curies":[{"name":"wp","href":"https:\/\/api.w.org\/{rel}","templated":true}]}}