{"id":358,"date":"2015-04-16T13:51:36","date_gmt":"2015-04-16T13:51:36","guid":{"rendered":"http:\/\/welfare.cmsmasters.net\/?page_id=358"},"modified":"2015-04-16T13:51:36","modified_gmt":"2015-04-16T13:51:36","slug":"images","status":"publish","type":"page","link":"https:\/\/floristeriasantalucia.com\/index.php\/images\/","title":{"rendered":"Images"},"content":{"rendered":"<div id=\"cmsmasters_row_3c4d86e1ab\" class=\"cmsmasters_row cmsmasters_color_scheme_default cmsmasters_row_top_default cmsmasters_row_bot_default cmsmasters_row_boxed\">\n<div class=\"cmsmasters_row_outer_parent\">\n<div class=\"cmsmasters_row_outer\">\n<div class=\"cmsmasters_row_inner\">\n<div class=\"cmsmasters_row_margin\">\n<div id=\"cmsmasters_column_80642ae326\" class=\"cmsmasters_column one_half\">\n<div class=\"cmsmasters_column_inner\"><div class=\"aligncenter\"><div class=\"cmsmasters_img  cmsmasters_image_c\"><a href=\"http:\/\/demo.flower-shop.cmsmasters.net\/wp-content\/uploads\/sites\/2\/2017\/05\/03.jpg\" rel=\"ilightbox[img_69e1d731739bc]\"><img decoding=\"async\" src=\"https:\/\/floristeriasantalucia.com\/wp-content\/uploads\/2017\/05\/02.jpg\" \/><\/a><\/div><\/div>\n<\/div><\/div>\n<div id=\"cmsmasters_column_bb8cda915a\" class=\"cmsmasters_column one_half\">\n<div class=\"cmsmasters_column_inner\"><div class=\"aligncenter\"><div class=\"cmsmasters_img  cmsmasters_image_c\"><a href=\"http:\/\/demo.flower-shop.cmsmasters.net\/wp-content\/uploads\/sites\/2\/2017\/05\/03.jpg\" rel=\"ilightbox[img_69e1d73173c53]\"><img decoding=\"async\" src=\"https:\/\/floristeriasantalucia.com\/wp-content\/uploads\/2017\/05\/02.jpg\" \/><\/a><\/div><\/div>\n<\/div><\/div>\n<\/div>\n<\/div>\n<\/div>\n<\/div>\n<\/div>\n<div id=\"cmsmasters_row_d1a1244d76\" class=\"cmsmasters_row cmsmasters_color_scheme_default cmsmasters_row_top_default cmsmasters_row_bot_default cmsmasters_row_boxed\">\n<div class=\"cmsmasters_row_outer_parent\">\n<div class=\"cmsmasters_row_outer\">\n<div class=\"cmsmasters_row_inner\">\n<div class=\"cmsmasters_row_margin\">\n<div id=\"cmsmasters_column_fbe933e966\" class=\"cmsmasters_column one_third\">\n<div class=\"cmsmasters_column_inner\"><div class=\"aligncenter\"><div class=\"cmsmasters_img  cmsmasters_image_c\"><a href=\"http:\/\/demo.flower-shop.cmsmasters.net\/wp-content\/uploads\/sites\/2\/2017\/05\/04.jpg\" rel=\"ilightbox[img_69e1d73174190]\"><img decoding=\"async\" src=\"\" \/><\/a><\/div><\/div>\n<\/div><\/div>\n<div id=\"cmsmasters_column_6af575ce71\" class=\"cmsmasters_column one_third\">\n<div class=\"cmsmasters_column_inner\"><div class=\"aligncenter\"><div class=\"cmsmasters_img  cmsmasters_image_c\"><a href=\"http:\/\/demo.flower-shop.cmsmasters.net\/wp-content\/uploads\/sites\/2\/2017\/05\/06.jpg\" rel=\"ilightbox[img_69e1d731745de]\"><img decoding=\"async\" src=\"\" \/><\/a><\/div><\/div>\n<\/div><\/div>\n<div id=\"cmsmasters_column_d99e59218f\" class=\"cmsmasters_column one_third\">\n<div class=\"cmsmasters_column_inner\"><div class=\"aligncenter\"><div class=\"cmsmasters_img  cmsmasters_image_c\"><a href=\"http:\/\/demo.flower-shop.cmsmasters.net\/wp-content\/uploads\/sites\/2\/2017\/05\/02.jpg\" rel=\"ilightbox[img_69e1d73174a0a]\"><img decoding=\"async\" src=\"\" \/><\/a><\/div><\/div>\n<\/div><\/div>\n<\/div>\n<\/div>\n<\/div>\n<\/div>\n<\/div>\n\n","protected":false},"excerpt":{"rendered":"","protected":false},"author":1,"featured_media":0,"parent":0,"menu_order":0,"comment_status":"closed","ping_status":"open","template":"","meta":{"footnotes":""},"class_list":["post-358","page","type-page","status-publish","hentry"],"yoast_head":"<!-- This site is optimized with the Yoast SEO plugin v26.8 - https:\/\/yoast.com\/product\/yoast-seo-wordpress\/ -->\n<title>Images - Florister\u00eda Santa Luc\u00eda<\/title>\n<meta name=\"robots\" content=\"index, follow, max-snippet:-1, max-image-preview:large, max-video-preview:-1\" \/>\n<link rel=\"canonical\" href=\"https:\/\/floristeriasantalucia.com\/index.php\/images\/\" \/>\n<meta property=\"og:locale\" content=\"en_US\" \/>\n<meta property=\"og:type\" content=\"article\" \/>\n<meta property=\"og:title\" content=\"Images - Florister\u00eda Santa Luc\u00eda\" \/>\n<meta property=\"og:url\" content=\"https:\/\/floristeriasantalucia.com\/index.php\/images\/\" \/>\n<meta property=\"og:site_name\" content=\"Florister\u00eda Santa Luc\u00eda\" \/>\n<meta name=\"twitter:card\" content=\"summary_large_image\" \/>\n<meta name=\"twitter:label1\" content=\"Est. reading time\" \/>\n\t<meta name=\"twitter:data1\" content=\"2 minutes\" \/>\n<script type=\"application\/ld+json\" class=\"yoast-schema-graph\">{\"@context\":\"https:\/\/schema.org\",\"@graph\":[{\"@type\":\"WebPage\",\"@id\":\"https:\/\/floristeriasantalucia.com\/index.php\/images\/\",\"url\":\"https:\/\/floristeriasantalucia.com\/index.php\/images\/\",\"name\":\"Images - Florister\u00eda Santa Luc\u00eda\",\"isPartOf\":{\"@id\":\"https:\/\/floristeriasantalucia.com\/#website\"},\"datePublished\":\"2015-04-16T13:51:36+00:00\",\"breadcrumb\":{\"@id\":\"https:\/\/floristeriasantalucia.com\/index.php\/images\/#breadcrumb\"},\"inLanguage\":\"en-US\",\"potentialAction\":[{\"@type\":\"ReadAction\",\"target\":[\"https:\/\/floristeriasantalucia.com\/index.php\/images\/\"]}]},{\"@type\":\"BreadcrumbList\",\"@id\":\"https:\/\/floristeriasantalucia.com\/index.php\/images\/#breadcrumb\",\"itemListElement\":[{\"@type\":\"ListItem\",\"position\":1,\"name\":\"Home\",\"item\":\"https:\/\/floristeriasantalucia.com\/\"},{\"@type\":\"ListItem\",\"position\":2,\"name\":\"Images\"}]},{\"@type\":\"WebSite\",\"@id\":\"https:\/\/floristeriasantalucia.com\/#website\",\"url\":\"https:\/\/floristeriasantalucia.com\/\",\"name\":\"Florister\u00eda Santa Luc\u00eda\",\"description\":\"Tus sentimientos expr\u00e9salos con flores\",\"publisher\":{\"@id\":\"https:\/\/floristeriasantalucia.com\/#organization\"},\"potentialAction\":[{\"@type\":\"SearchAction\",\"target\":{\"@type\":\"EntryPoint\",\"urlTemplate\":\"https:\/\/floristeriasantalucia.com\/?s={search_term_string}\"},\"query-input\":{\"@type\":\"PropertyValueSpecification\",\"valueRequired\":true,\"valueName\":\"search_term_string\"}}],\"inLanguage\":\"en-US\"},{\"@type\":\"Organization\",\"@id\":\"https:\/\/floristeriasantalucia.com\/#organization\",\"name\":\"Florister\u00eda Santa Luc\u00eda\",\"url\":\"https:\/\/floristeriasantalucia.com\/\",\"logo\":{\"@type\":\"ImageObject\",\"inLanguage\":\"en-US\",\"@id\":\"https:\/\/floristeriasantalucia.com\/#\/schema\/logo\/image\/\",\"url\":\"https:\/\/floristeriasantalucia.com\/wp-content\/uploads\/2021\/03\/logo_santalucia-06.png\",\"contentUrl\":\"https:\/\/floristeriasantalucia.com\/wp-content\/uploads\/2021\/03\/logo_santalucia-06.png\",\"width\":310,\"height\":133,\"caption\":\"Florister\u00eda Santa Luc\u00eda\"},\"image\":{\"@id\":\"https:\/\/floristeriasantalucia.com\/#\/schema\/logo\/image\/\"}}]}<\/script>\n<!-- \/ Yoast SEO plugin. -->","yoast_head_json":{"title":"Images - Florister\u00eda Santa Luc\u00eda","robots":{"index":"index","follow":"follow","max-snippet":"max-snippet:-1","max-image-preview":"max-image-preview:large","max-video-preview":"max-video-preview:-1"},"canonical":"https:\/\/floristeriasantalucia.com\/index.php\/images\/","og_locale":"en_US","og_type":"article","og_title":"Images - Florister\u00eda Santa Luc\u00eda","og_url":"https:\/\/floristeriasantalucia.com\/index.php\/images\/","og_site_name":"Florister\u00eda Santa Luc\u00eda","twitter_card":"summary_large_image","twitter_misc":{"Est. reading time":"2 minutes"},"schema":{"@context":"https:\/\/schema.org","@graph":[{"@type":"WebPage","@id":"https:\/\/floristeriasantalucia.com\/index.php\/images\/","url":"https:\/\/floristeriasantalucia.com\/index.php\/images\/","name":"Images - Florister\u00eda Santa Luc\u00eda","isPartOf":{"@id":"https:\/\/floristeriasantalucia.com\/#website"},"datePublished":"2015-04-16T13:51:36+00:00","breadcrumb":{"@id":"https:\/\/floristeriasantalucia.com\/index.php\/images\/#breadcrumb"},"inLanguage":"en-US","potentialAction":[{"@type":"ReadAction","target":["https:\/\/floristeriasantalucia.com\/index.php\/images\/"]}]},{"@type":"BreadcrumbList","@id":"https:\/\/floristeriasantalucia.com\/index.php\/images\/#breadcrumb","itemListElement":[{"@type":"ListItem","position":1,"name":"Home","item":"https:\/\/floristeriasantalucia.com\/"},{"@type":"ListItem","position":2,"name":"Images"}]},{"@type":"WebSite","@id":"https:\/\/floristeriasantalucia.com\/#website","url":"https:\/\/floristeriasantalucia.com\/","name":"Florister\u00eda Santa Luc\u00eda","description":"Tus sentimientos expr\u00e9salos con flores","publisher":{"@id":"https:\/\/floristeriasantalucia.com\/#organization"},"potentialAction":[{"@type":"SearchAction","target":{"@type":"EntryPoint","urlTemplate":"https:\/\/floristeriasantalucia.com\/?s={search_term_string}"},"query-input":{"@type":"PropertyValueSpecification","valueRequired":true,"valueName":"search_term_string"}}],"inLanguage":"en-US"},{"@type":"Organization","@id":"https:\/\/floristeriasantalucia.com\/#organization","name":"Florister\u00eda Santa Luc\u00eda","url":"https:\/\/floristeriasantalucia.com\/","logo":{"@type":"ImageObject","inLanguage":"en-US","@id":"https:\/\/floristeriasantalucia.com\/#\/schema\/logo\/image\/","url":"https:\/\/floristeriasantalucia.com\/wp-content\/uploads\/2021\/03\/logo_santalucia-06.png","contentUrl":"https:\/\/floristeriasantalucia.com\/wp-content\/uploads\/2021\/03\/logo_santalucia-06.png","width":310,"height":133,"caption":"Florister\u00eda Santa Luc\u00eda"},"image":{"@id":"https:\/\/floristeriasantalucia.com\/#\/schema\/logo\/image\/"}}]}},"_links":{"self":[{"href":"https:\/\/floristeriasantalucia.com\/index.php\/wp-json\/wp\/v2\/pages\/358","targetHints":{"allow":["GET"]}}],"collection":[{"href":"https:\/\/floristeriasantalucia.com\/index.php\/wp-json\/wp\/v2\/pages"}],"about":[{"href":"https:\/\/floristeriasantalucia.com\/index.php\/wp-json\/wp\/v2\/types\/page"}],"author":[{"embeddable":true,"href":"https:\/\/floristeriasantalucia.com\/index.php\/wp-json\/wp\/v2\/users\/1"}],"replies":[{"embeddable":true,"href":"https:\/\/floristeriasantalucia.com\/index.php\/wp-json\/wp\/v2\/comments?post=358"}],"version-history":[{"count":0,"href":"https:\/\/floristeriasantalucia.com\/index.php\/wp-json\/wp\/v2\/pages\/358\/revisions"}],"wp:attachment":[{"href":"https:\/\/floristeriasantalucia.com\/index.php\/wp-json\/wp\/v2\/media?parent=358"}],"curies":[{"name":"wp","href":"https:\/\/api.w.org\/{rel}","templated":true}]}}