{"id":261,"date":"2015-04-16T09:41:22","date_gmt":"2015-04-16T09:41:22","guid":{"rendered":"http:\/\/welfare.cmsmasters.net\/?page_id=261"},"modified":"2015-04-16T09:41:22","modified_gmt":"2015-04-16T09:41:22","slug":"gallery","status":"publish","type":"page","link":"https:\/\/floristeriasantalucia.com\/index.php\/gallery\/","title":{"rendered":"Gallery"},"content":{"rendered":"<div id=\"cmsmasters_row_14c62bb4eb\" class=\"cmsmasters_row cmsmasters_color_scheme_default cmsmasters_row_top_default cmsmasters_row_bot_default cmsmasters_row_boxed\">\n<div class=\"cmsmasters_row_outer_parent\">\n<div class=\"cmsmasters_row_outer\">\n<div class=\"cmsmasters_row_inner\">\n<div class=\"cmsmasters_row_margin\">\n<div id=\"cmsmasters_column_3843b6824d\" class=\"cmsmasters_column one_half\">\n<div class=\"cmsmasters_column_inner\"><div id=\"cmsmasters_heading_de47ef2ebe\" class=\"cmsmasters_heading_wrap cmsmasters_heading_align_left\">\n\t<h4 class=\"cmsmasters_heading\">Slider<\/h4>\n<\/div><div class=\"cmsmasters_content_slider_wrap\" style=\"max-width:px;\"><div id=\"cmsmasters_slider_bad6c1b5db\" class=\"cmsmasters_owl_slider owl-carousel cmsmasters_content_slider\" data-auto-play=\"false\" data-stop-on-hover=\"false\" data-rewind-nav=\"false\" data-slide-speed=\"600\" data-pagination-speed=\"600\" data-rewind-speed=\"1000\" data-transition-style=\"false\" data-pagination=\"false\" data-navigation=\"true\"><div class=\"cmsmasters_owl_slider_item cmsmasters_content_slider_item\"><\/div><div class=\"cmsmasters_owl_slider_item cmsmasters_content_slider_item\"><img loading=\"lazy\" decoding=\"async\" width=\"1920\" height=\"1080\" src=\"https:\/\/floristeriasantalucia.com\/wp-content\/uploads\/2017\/05\/03.jpg\" class=\"attachment-full size-full\" alt=\"\" srcset=\"https:\/\/floristeriasantalucia.com\/wp-content\/uploads\/2017\/05\/03.jpg 1920w, https:\/\/floristeriasantalucia.com\/wp-content\/uploads\/2017\/05\/03-600x338.jpg 600w, https:\/\/floristeriasantalucia.com\/wp-content\/uploads\/2017\/05\/03-300x169.jpg 300w, https:\/\/floristeriasantalucia.com\/wp-content\/uploads\/2017\/05\/03-1024x576.jpg 1024w, https:\/\/floristeriasantalucia.com\/wp-content\/uploads\/2017\/05\/03-768x432.jpg 768w, https:\/\/floristeriasantalucia.com\/wp-content\/uploads\/2017\/05\/03-1536x864.jpg 1536w\" sizes=\"auto, (max-width: 1920px) 100vw, 1920px\" \/><\/div><div class=\"cmsmasters_owl_slider_item cmsmasters_content_slider_item\"><\/div><\/div>\n<\/div>\n<\/div><\/div>\n<div id=\"cmsmasters_column_3c3ebb89db\" class=\"cmsmasters_column one_half\">\n<div class=\"cmsmasters_column_inner\"><div id=\"cmsmasters_heading_a67da98ecf\" class=\"cmsmasters_heading_wrap cmsmasters_heading_align_left\">\n\t<h4 class=\"cmsmasters_heading\">Hover Slider<\/h4>\n<\/div><div id=\"cmsmasters_hover_slider_f6c097bb0b\" class=\"cmsmasters_hover_slider\" data-thumb-width=\"100\" data-thumb-height=\"60\" data-active-slide=\"1\" data-pause-time=\"5000\" data-pause-on-hover=\"true\"><ul class=\"cmsmasters_hover_slider_items\">\n<li><figure class=\"cmsmasters_hover_slider_full_img\"><\/figure><\/li><li><figure class=\"cmsmasters_hover_slider_full_img\"><img loading=\"lazy\" decoding=\"async\" width=\"860\" height=\"500\" src=\"https:\/\/floristeriasantalucia.com\/wp-content\/uploads\/2017\/05\/03-860x500.jpg\" class=\"attachment-post-thumbnail size-post-thumbnail\" alt=\"\" \/><\/figure><\/li><li><figure class=\"cmsmasters_hover_slider_full_img\"><\/figure><\/li><\/ul>\n<\/div>\n<\/div><\/div>\n<\/div>\n<\/div>\n<\/div>\n<\/div>\n<\/div>\n<div id=\"cmsmasters_row_dbeff13fbc\" class=\"cmsmasters_row cmsmasters_color_scheme_default cmsmasters_row_top_default cmsmasters_row_bot_default cmsmasters_row_boxed\">\n<div class=\"cmsmasters_row_outer_parent\">\n<div class=\"cmsmasters_row_outer\">\n<div class=\"cmsmasters_row_inner\">\n<div class=\"cmsmasters_row_margin\">\n<div id=\"cmsmasters_column_11a8e48a92\" class=\"cmsmasters_column one_first\">\n<div class=\"cmsmasters_column_inner\"><div id=\"cmsmasters_divider_5180c6cdd7\" class=\"cmsmasters_divider cmsmasters_divider_width_long cmsmasters_divider_pos_center\"><\/div>\n<\/div><\/div>\n<\/div>\n<\/div>\n<\/div>\n<\/div>\n<\/div>\n<div id=\"cmsmasters_row_630bde327e\" class=\"cmsmasters_row cmsmasters_color_scheme_default cmsmasters_row_top_default cmsmasters_row_bot_default cmsmasters_row_boxed\">\n<div class=\"cmsmasters_row_outer_parent\">\n<div class=\"cmsmasters_row_outer\">\n<div class=\"cmsmasters_row_inner\">\n<div class=\"cmsmasters_row_margin\">\n<div id=\"cmsmasters_column_68ad1887e1\" class=\"cmsmasters_column one_first\">\n<div class=\"cmsmasters_column_inner\"><div id=\"cmsmasters_heading_e2e6d16893\" class=\"cmsmasters_heading_wrap cmsmasters_heading_align_left\">\n\t<h4 class=\"cmsmasters_heading\">Image Gallery<\/h4>\n<\/div><div id=\"cmsmasters_gallery_d794cd4d0d\" class=\"cmsmasters_gallery_wrap\" data-type=\"grid\" data-count=\"0\"><ul class=\"cmsmasters_gallery cmsmasters_3 cmsmasters_more_items_loader\"><li class=\"cmsmasters_gallery_item\"><figure><a href=\"\" rel=\"ilightbox[d794cd4d0d]\"><\/a><\/figure><\/li><li class=\"cmsmasters_gallery_item\"><figure><a href=\"https:\/\/floristeriasantalucia.com\/wp-content\/uploads\/2017\/05\/02.jpg\" rel=\"ilightbox[d794cd4d0d]\"><img loading=\"lazy\" decoding=\"async\" width=\"1920\" height=\"1080\" src=\"https:\/\/floristeriasantalucia.com\/wp-content\/uploads\/2017\/05\/02.jpg\" class=\"attachment-full size-full\" alt=\"\" srcset=\"https:\/\/floristeriasantalucia.com\/wp-content\/uploads\/2017\/05\/02.jpg 1920w, https:\/\/floristeriasantalucia.com\/wp-content\/uploads\/2017\/05\/02-600x338.jpg 600w\" sizes=\"auto, (max-width: 1920px) 100vw, 1920px\" \/><\/a><\/figure><\/li><li class=\"cmsmasters_gallery_item\"><figure><a href=\"\" rel=\"ilightbox[d794cd4d0d]\"><\/a><\/figure><\/li><\/ul><\/div>\n<\/div><\/div>\n<\/div>\n<\/div>\n<\/div>\n<\/div>\n<\/div>\n\n","protected":false},"excerpt":{"rendered":"","protected":false},"author":1,"featured_media":0,"parent":0,"menu_order":0,"comment_status":"closed","ping_status":"open","template":"","meta":{"footnotes":""},"class_list":["post-261","page","type-page","status-publish","hentry"],"yoast_head":"<!-- This site is optimized with the Yoast SEO plugin v26.8 - https:\/\/yoast.com\/product\/yoast-seo-wordpress\/ -->\n<title>Gallery - Florister\u00eda Santa Luc\u00eda<\/title>\n<meta name=\"robots\" content=\"index, follow, max-snippet:-1, max-image-preview:large, max-video-preview:-1\" \/>\n<link rel=\"canonical\" href=\"https:\/\/floristeriasantalucia.com\/index.php\/gallery\/\" \/>\n<meta property=\"og:locale\" content=\"en_US\" \/>\n<meta property=\"og:type\" content=\"article\" \/>\n<meta property=\"og:title\" content=\"Gallery - Florister\u00eda Santa Luc\u00eda\" \/>\n<meta property=\"og:url\" content=\"https:\/\/floristeriasantalucia.com\/index.php\/gallery\/\" \/>\n<meta property=\"og:site_name\" content=\"Florister\u00eda Santa Luc\u00eda\" \/>\n<meta name=\"twitter:card\" content=\"summary_large_image\" \/>\n<meta name=\"twitter:label1\" content=\"Est. reading time\" \/>\n\t<meta name=\"twitter:data1\" content=\"2 minutes\" \/>\n<script type=\"application\/ld+json\" class=\"yoast-schema-graph\">{\"@context\":\"https:\/\/schema.org\",\"@graph\":[{\"@type\":\"WebPage\",\"@id\":\"https:\/\/floristeriasantalucia.com\/index.php\/gallery\/\",\"url\":\"https:\/\/floristeriasantalucia.com\/index.php\/gallery\/\",\"name\":\"Gallery - Florister\u00eda Santa Luc\u00eda\",\"isPartOf\":{\"@id\":\"https:\/\/floristeriasantalucia.com\/#website\"},\"datePublished\":\"2015-04-16T09:41:22+00:00\",\"breadcrumb\":{\"@id\":\"https:\/\/floristeriasantalucia.com\/index.php\/gallery\/#breadcrumb\"},\"inLanguage\":\"en-US\",\"potentialAction\":[{\"@type\":\"ReadAction\",\"target\":[\"https:\/\/floristeriasantalucia.com\/index.php\/gallery\/\"]}]},{\"@type\":\"BreadcrumbList\",\"@id\":\"https:\/\/floristeriasantalucia.com\/index.php\/gallery\/#breadcrumb\",\"itemListElement\":[{\"@type\":\"ListItem\",\"position\":1,\"name\":\"Home\",\"item\":\"https:\/\/floristeriasantalucia.com\/\"},{\"@type\":\"ListItem\",\"position\":2,\"name\":\"Gallery\"}]},{\"@type\":\"WebSite\",\"@id\":\"https:\/\/floristeriasantalucia.com\/#website\",\"url\":\"https:\/\/floristeriasantalucia.com\/\",\"name\":\"Florister\u00eda Santa Luc\u00eda\",\"description\":\"Tus sentimientos expr\u00e9salos con flores\",\"publisher\":{\"@id\":\"https:\/\/floristeriasantalucia.com\/#organization\"},\"potentialAction\":[{\"@type\":\"SearchAction\",\"target\":{\"@type\":\"EntryPoint\",\"urlTemplate\":\"https:\/\/floristeriasantalucia.com\/?s={search_term_string}\"},\"query-input\":{\"@type\":\"PropertyValueSpecification\",\"valueRequired\":true,\"valueName\":\"search_term_string\"}}],\"inLanguage\":\"en-US\"},{\"@type\":\"Organization\",\"@id\":\"https:\/\/floristeriasantalucia.com\/#organization\",\"name\":\"Florister\u00eda Santa Luc\u00eda\",\"url\":\"https:\/\/floristeriasantalucia.com\/\",\"logo\":{\"@type\":\"ImageObject\",\"inLanguage\":\"en-US\",\"@id\":\"https:\/\/floristeriasantalucia.com\/#\/schema\/logo\/image\/\",\"url\":\"https:\/\/floristeriasantalucia.com\/wp-content\/uploads\/2021\/03\/logo_santalucia-06.png\",\"contentUrl\":\"https:\/\/floristeriasantalucia.com\/wp-content\/uploads\/2021\/03\/logo_santalucia-06.png\",\"width\":310,\"height\":133,\"caption\":\"Florister\u00eda Santa Luc\u00eda\"},\"image\":{\"@id\":\"https:\/\/floristeriasantalucia.com\/#\/schema\/logo\/image\/\"}}]}<\/script>\n<!-- \/ Yoast SEO plugin. -->","yoast_head_json":{"title":"Gallery - Florister\u00eda Santa Luc\u00eda","robots":{"index":"index","follow":"follow","max-snippet":"max-snippet:-1","max-image-preview":"max-image-preview:large","max-video-preview":"max-video-preview:-1"},"canonical":"https:\/\/floristeriasantalucia.com\/index.php\/gallery\/","og_locale":"en_US","og_type":"article","og_title":"Gallery - Florister\u00eda Santa Luc\u00eda","og_url":"https:\/\/floristeriasantalucia.com\/index.php\/gallery\/","og_site_name":"Florister\u00eda Santa Luc\u00eda","twitter_card":"summary_large_image","twitter_misc":{"Est. reading time":"2 minutes"},"schema":{"@context":"https:\/\/schema.org","@graph":[{"@type":"WebPage","@id":"https:\/\/floristeriasantalucia.com\/index.php\/gallery\/","url":"https:\/\/floristeriasantalucia.com\/index.php\/gallery\/","name":"Gallery - Florister\u00eda Santa Luc\u00eda","isPartOf":{"@id":"https:\/\/floristeriasantalucia.com\/#website"},"datePublished":"2015-04-16T09:41:22+00:00","breadcrumb":{"@id":"https:\/\/floristeriasantalucia.com\/index.php\/gallery\/#breadcrumb"},"inLanguage":"en-US","potentialAction":[{"@type":"ReadAction","target":["https:\/\/floristeriasantalucia.com\/index.php\/gallery\/"]}]},{"@type":"BreadcrumbList","@id":"https:\/\/floristeriasantalucia.com\/index.php\/gallery\/#breadcrumb","itemListElement":[{"@type":"ListItem","position":1,"name":"Home","item":"https:\/\/floristeriasantalucia.com\/"},{"@type":"ListItem","position":2,"name":"Gallery"}]},{"@type":"WebSite","@id":"https:\/\/floristeriasantalucia.com\/#website","url":"https:\/\/floristeriasantalucia.com\/","name":"Florister\u00eda Santa Luc\u00eda","description":"Tus sentimientos expr\u00e9salos con flores","publisher":{"@id":"https:\/\/floristeriasantalucia.com\/#organization"},"potentialAction":[{"@type":"SearchAction","target":{"@type":"EntryPoint","urlTemplate":"https:\/\/floristeriasantalucia.com\/?s={search_term_string}"},"query-input":{"@type":"PropertyValueSpecification","valueRequired":true,"valueName":"search_term_string"}}],"inLanguage":"en-US"},{"@type":"Organization","@id":"https:\/\/floristeriasantalucia.com\/#organization","name":"Florister\u00eda Santa Luc\u00eda","url":"https:\/\/floristeriasantalucia.com\/","logo":{"@type":"ImageObject","inLanguage":"en-US","@id":"https:\/\/floristeriasantalucia.com\/#\/schema\/logo\/image\/","url":"https:\/\/floristeriasantalucia.com\/wp-content\/uploads\/2021\/03\/logo_santalucia-06.png","contentUrl":"https:\/\/floristeriasantalucia.com\/wp-content\/uploads\/2021\/03\/logo_santalucia-06.png","width":310,"height":133,"caption":"Florister\u00eda Santa Luc\u00eda"},"image":{"@id":"https:\/\/floristeriasantalucia.com\/#\/schema\/logo\/image\/"}}]}},"_links":{"self":[{"href":"https:\/\/floristeriasantalucia.com\/index.php\/wp-json\/wp\/v2\/pages\/261","targetHints":{"allow":["GET"]}}],"collection":[{"href":"https:\/\/floristeriasantalucia.com\/index.php\/wp-json\/wp\/v2\/pages"}],"about":[{"href":"https:\/\/floristeriasantalucia.com\/index.php\/wp-json\/wp\/v2\/types\/page"}],"author":[{"embeddable":true,"href":"https:\/\/floristeriasantalucia.com\/index.php\/wp-json\/wp\/v2\/users\/1"}],"replies":[{"embeddable":true,"href":"https:\/\/floristeriasantalucia.com\/index.php\/wp-json\/wp\/v2\/comments?post=261"}],"version-history":[{"count":0,"href":"https:\/\/floristeriasantalucia.com\/index.php\/wp-json\/wp\/v2\/pages\/261\/revisions"}],"wp:attachment":[{"href":"https:\/\/floristeriasantalucia.com\/index.php\/wp-json\/wp\/v2\/media?parent=261"}],"curies":[{"name":"wp","href":"https:\/\/api.w.org\/{rel}","templated":true}]}}