{"id":169,"date":"2015-04-15T14:28:03","date_gmt":"2015-04-15T14:28:03","guid":{"rendered":"http:\/\/welfare.cmsmasters.net\/?page_id=169"},"modified":"2015-04-15T14:28:03","modified_gmt":"2015-04-15T14:28:03","slug":"counters-progress-bars","status":"publish","type":"page","link":"https:\/\/floristeriasantalucia.com\/index.php\/counters-progress-bars\/","title":{"rendered":"Counters &#038; Progress Bars"},"content":{"rendered":"<div id=\"cmsmasters_row_d288fd557c\" class=\"cmsmasters_row cmsmasters_color_scheme_default cmsmasters_row_top_default cmsmasters_row_bot_default cmsmasters_row_boxed\">\n<div class=\"cmsmasters_row_outer_parent\">\n<div class=\"cmsmasters_row_outer\">\n<div class=\"cmsmasters_row_inner\">\n<div class=\"cmsmasters_row_margin\">\n<div id=\"cmsmasters_column_9ab4755046\" class=\"cmsmasters_column one_first\">\n<div class=\"cmsmasters_column_inner\"><div id=\"cmsmasters_heading_633f45704c\" class=\"cmsmasters_heading_wrap cmsmasters_heading_align_left\">\n\t<h4 class=\"cmsmasters_heading\">Horizontal Progress Bar<\/h4>\n<\/div><div class=\"cmsmasters_stats stats_mode_bars stats_type_horizontal\"><div id=\"cmsmasters_stat_14f41e6570\" class=\"cmsmasters_stat_wrap\">\n<div class=\"cmsmasters_stat\" data-percent=\"75\">\n<div class=\"cmsmasters_stat_inner\">\n<span class=\"cmsmasters_stat_title\">Brand Identity<\/span>\n<\/div>\n<\/div>\n<span class=\"cmsmasters_stat_counter_wrap\">\n<span class=\"cmsmasters_stat_counter\">75<\/span><span class=\"cmsmasters_stat_units\">%<\/span>\n<\/span>\n<\/div><div id=\"cmsmasters_stat_ecb37c2e22\" class=\"cmsmasters_stat_wrap\">\n<div class=\"cmsmasters_stat\" data-percent=\"80\">\n<div class=\"cmsmasters_stat_inner\">\n<span class=\"cmsmasters_stat_title\">Graphic Design<\/span>\n<\/div>\n<\/div>\n<span class=\"cmsmasters_stat_counter_wrap\">\n<span class=\"cmsmasters_stat_counter\">80<\/span><span class=\"cmsmasters_stat_units\">%<\/span>\n<\/span>\n<\/div><div id=\"cmsmasters_stat_5b3303ebe5\" class=\"cmsmasters_stat_wrap\">\n<div class=\"cmsmasters_stat\" data-percent=\"95\">\n<div class=\"cmsmasters_stat_inner\">\n<span class=\"cmsmasters_stat_title\">HTML Coding <\/span>\n<\/div>\n<\/div>\n<span class=\"cmsmasters_stat_counter_wrap\">\n<span class=\"cmsmasters_stat_counter\">95<\/span><span class=\"cmsmasters_stat_units\">%<\/span>\n<\/span>\n<span class=\"cmsmasters_stat_subtitle\">Temporibus autem quibusdam et aut officiis debitis aut rerum necessitatibus saepe eveniet ut et voluptates repudiandae sint et molestiae non recusandae.<\/span>\n<\/div><div id=\"cmsmasters_stat_e5b0c22d62\" class=\"cmsmasters_stat_wrap\">\n<div class=\"cmsmasters_stat\" data-percent=\"70\">\n<div class=\"cmsmasters_stat_inner\">\n<span class=\"cmsmasters_stat_title\">Market Analysis<\/span>\n<\/div>\n<\/div>\n<span class=\"cmsmasters_stat_counter_wrap\">\n<span class=\"cmsmasters_stat_counter\">70<\/span><span class=\"cmsmasters_stat_units\">%<\/span>\n<\/span>\n<\/div><\/div>\n<\/div><\/div>\n<\/div>\n<\/div>\n<\/div>\n<\/div>\n<\/div>\n<div id=\"cmsmasters_row_a9723c3cc6\" class=\"cmsmasters_row cmsmasters_color_scheme_default cmsmasters_row_top_default cmsmasters_row_bot_default cmsmasters_row_boxed\">\n<div class=\"cmsmasters_row_outer_parent\">\n<div class=\"cmsmasters_row_outer\">\n<div class=\"cmsmasters_row_inner\">\n<div class=\"cmsmasters_row_margin\">\n<div id=\"cmsmasters_column_d6d57a792a\" class=\"cmsmasters_column one_first\">\n<div class=\"cmsmasters_column_inner\"><div id=\"cmsmasters_divider_478609cf75\" class=\"cmsmasters_divider cmsmasters_divider_width_long cmsmasters_divider_pos_center\"><\/div>\n<\/div><\/div>\n<\/div>\n<\/div>\n<\/div>\n<\/div>\n<\/div>\n<div id=\"cmsmasters_row_b1da475068\" class=\"cmsmasters_row cmsmasters_color_scheme_default cmsmasters_row_top_default cmsmasters_row_bot_default cmsmasters_row_boxed\">\n<div class=\"cmsmasters_row_outer_parent\">\n<div class=\"cmsmasters_row_outer\">\n<div class=\"cmsmasters_row_inner\">\n<div class=\"cmsmasters_row_margin\">\n<div id=\"cmsmasters_column_4c67c61a5b\" class=\"cmsmasters_column one_first\">\n<div class=\"cmsmasters_column_inner\"><div id=\"cmsmasters_heading_8652e97d9d\" class=\"cmsmasters_heading_wrap cmsmasters_heading_align_left\">\n\t<h4 class=\"cmsmasters_heading\">Round Skills<\/h4>\n<\/div><div class=\"cmsmasters_stats stats_mode_circles stats_type_horizontal\"><div id=\"cmsmasters_stat_c5432fa588\" class=\"cmsmasters_stat_wrap one_fourth\">\n<div class=\"cmsmasters_stat\" data-percent=\"75\">\n<div class=\"cmsmasters_stat_inner\">\n<span class=\"cmsmasters_stat_counter_wrap\">\n<span class=\"cmsmasters_stat_counter\">0<\/span><span class=\"cmsmasters_stat_units\">%<\/span>\n<\/span>\n<span class=\"cmsmasters_stat_title\">Brand Identity <\/span>\n<\/div>\n<\/div>\n<span class=\"cmsmasters_stat_subtitle\">Lorem ipsum amet, consectetur adipiscing phasellus. <\/span>\n<\/div><div id=\"cmsmasters_stat_f4ca70522f\" class=\"cmsmasters_stat_wrap one_fourth\">\n<div class=\"cmsmasters_stat\" data-percent=\"80\">\n<div class=\"cmsmasters_stat_inner\">\n<span class=\"cmsmasters_stat_counter_wrap\">\n<span class=\"cmsmasters_stat_counter\">0<\/span><span class=\"cmsmasters_stat_units\">%<\/span>\n<\/span>\n<span class=\"cmsmasters_stat_title\">Graphic Design <\/span>\n<\/div>\n<\/div>\n<span class=\"cmsmasters_stat_subtitle\">Lorem ipsum amet, consectetur adipiscing phasellus. <\/span>\n<\/div><div id=\"cmsmasters_stat_13ab68f4df\" class=\"cmsmasters_stat_wrap one_fourth\">\n<div class=\"cmsmasters_stat\" data-percent=\"95\">\n<div class=\"cmsmasters_stat_inner\">\n<span class=\"cmsmasters_stat_counter_wrap\">\n<span class=\"cmsmasters_stat_counter\">0<\/span><span class=\"cmsmasters_stat_units\">%<\/span>\n<\/span>\n<span class=\"cmsmasters_stat_title\">HTML Coding <\/span>\n<\/div>\n<\/div>\n<span class=\"cmsmasters_stat_subtitle\">Lorem ipsum amet, consectetur adipiscing phasellus. <\/span>\n<\/div><div id=\"cmsmasters_stat_a53ecc4fac\" class=\"cmsmasters_stat_wrap one_fourth\">\n<div class=\"cmsmasters_stat\" data-percent=\"70\">\n<div class=\"cmsmasters_stat_inner\">\n<span class=\"cmsmasters_stat_counter_wrap\">\n<span class=\"cmsmasters_stat_counter\">0<\/span><span class=\"cmsmasters_stat_units\">%<\/span>\n<\/span>\n<span class=\"cmsmasters_stat_title\">Market Analysis <\/span>\n<\/div>\n<\/div>\n<span class=\"cmsmasters_stat_subtitle\">Lorem ipsum amet, consectetur adipiscing phasellus. <\/span>\n<\/div><\/div>\n<\/div><\/div>\n<\/div>\n<\/div>\n<\/div>\n<\/div>\n<\/div>\n<div id=\"cmsmasters_row_b10dc5f9e8\" class=\"cmsmasters_row cmsmasters_color_scheme_default cmsmasters_row_top_default cmsmasters_row_bot_default cmsmasters_row_boxed\">\n<div class=\"cmsmasters_row_outer_parent\">\n<div class=\"cmsmasters_row_outer\">\n<div class=\"cmsmasters_row_inner\">\n<div class=\"cmsmasters_row_margin\">\n<div id=\"cmsmasters_column_b3fc78824b\" class=\"cmsmasters_column one_first\">\n<div class=\"cmsmasters_column_inner\"><div id=\"cmsmasters_divider_38d051d4bc\" class=\"cmsmasters_divider cmsmasters_divider_width_long cmsmasters_divider_pos_center\"><\/div>\n<\/div><\/div>\n<\/div>\n<\/div>\n<\/div>\n<\/div>\n<\/div>\n<div id=\"cmsmasters_row_e344192412\" class=\"cmsmasters_row cmsmasters_color_scheme_default cmsmasters_row_top_default cmsmasters_row_bot_default cmsmasters_row_boxed\">\n<div class=\"cmsmasters_row_outer_parent\">\n<div class=\"cmsmasters_row_outer\">\n<div class=\"cmsmasters_row_inner\">\n<div class=\"cmsmasters_row_margin\">\n<div id=\"cmsmasters_column_ab652276d7\" class=\"cmsmasters_column one_first\">\n<div class=\"cmsmasters_column_inner\"><div id=\"cmsmasters_heading_cacb2c4f19\" class=\"cmsmasters_heading_wrap cmsmasters_heading_align_left\">\n\t<h4 class=\"cmsmasters_heading\">Vertical Skills<\/h4>\n<\/div><div class=\"cmsmasters_stats stats_mode_bars stats_type_vertical\"><div id=\"cmsmasters_stat_d22b0ca648\" class=\"cmsmasters_stat_wrap one_fifth\">\n<div class=\"cmsmasters_stat_container\">\n<div class=\"cmsmasters_stat\" data-percent=\"88\">\n<div class=\"cmsmasters_stat_inner\">\n<\/div>\n<\/div>\n<\/div>\n<span class=\"cmsmasters_stat_title\">Brand Identity <span class=\"cmsmasters_stat_counter_wrap\">\n<span class=\"cmsmasters_stat_counter\">88<\/span><span class=\"cmsmasters_stat_units\">%<\/span>\n<\/span>\n<\/span>\n<\/div><div id=\"cmsmasters_stat_85b95871a7\" class=\"cmsmasters_stat_wrap one_fifth\">\n<div class=\"cmsmasters_stat_container\">\n<div class=\"cmsmasters_stat\" data-percent=\"68\">\n<div class=\"cmsmasters_stat_inner\">\n<\/div>\n<\/div>\n<\/div>\n<span class=\"cmsmasters_stat_title\">Graphic Design <span class=\"cmsmasters_stat_counter_wrap\">\n<span class=\"cmsmasters_stat_counter\">68<\/span><span class=\"cmsmasters_stat_units\">%<\/span>\n<\/span>\n<\/span>\n<\/div><div id=\"cmsmasters_stat_39e61e380a\" class=\"cmsmasters_stat_wrap one_fifth\">\n<div class=\"cmsmasters_stat_container\">\n<div class=\"cmsmasters_stat\" data-percent=\"84\">\n<div class=\"cmsmasters_stat_inner\">\n<\/div>\n<\/div>\n<\/div>\n<span class=\"cmsmasters_stat_title\">HTML Coding <span class=\"cmsmasters_stat_counter_wrap\">\n<span class=\"cmsmasters_stat_counter\">84<\/span><span class=\"cmsmasters_stat_units\">%<\/span>\n<\/span>\n<\/span>\n<\/div><div id=\"cmsmasters_stat_97947934c5\" class=\"cmsmasters_stat_wrap one_fifth\">\n<div class=\"cmsmasters_stat_container\">\n<div class=\"cmsmasters_stat\" data-percent=\"75\">\n<div class=\"cmsmasters_stat_inner\">\n<\/div>\n<\/div>\n<\/div>\n<span class=\"cmsmasters_stat_title\">Market Analysis <span class=\"cmsmasters_stat_counter_wrap\">\n<span class=\"cmsmasters_stat_counter\">75<\/span><span class=\"cmsmasters_stat_units\">%<\/span>\n<\/span>\n<\/span>\n<\/div><div id=\"cmsmasters_stat_77c1b04547\" class=\"cmsmasters_stat_wrap one_fifth\">\n<div class=\"cmsmasters_stat_container\">\n<div class=\"cmsmasters_stat\" data-percent=\"77\">\n<div class=\"cmsmasters_stat_inner\">\n<\/div>\n<\/div>\n<\/div>\n<span class=\"cmsmasters_stat_title\">Support 24\/7<span class=\"cmsmasters_stat_counter_wrap\">\n<span class=\"cmsmasters_stat_counter\">77<\/span><span class=\"cmsmasters_stat_units\">%<\/span>\n<\/span>\n<\/span>\n<\/div><\/div>\n<\/div><\/div>\n<\/div>\n<\/div>\n<\/div>\n<\/div>\n<\/div>\n<div id=\"cmsmasters_row_3d6e0f7f87\" class=\"cmsmasters_row cmsmasters_color_scheme_default cmsmasters_row_top_default cmsmasters_row_bot_default cmsmasters_row_boxed\">\n<div class=\"cmsmasters_row_outer_parent\">\n<div class=\"cmsmasters_row_outer\">\n<div class=\"cmsmasters_row_inner\">\n<div class=\"cmsmasters_row_margin\">\n<div id=\"cmsmasters_column_4a17eb3182\" class=\"cmsmasters_column one_first\">\n<div class=\"cmsmasters_column_inner\"><div id=\"cmsmasters_divider_9edeadb4cb\" class=\"cmsmasters_divider cmsmasters_divider_width_long cmsmasters_divider_pos_center\"><\/div>\n<\/div><\/div>\n<\/div>\n<\/div>\n<\/div>\n<\/div>\n<\/div>\n<div id=\"cmsmasters_row_ad2e076ab8\" class=\"cmsmasters_row cmsmasters_color_scheme_default cmsmasters_row_top_default cmsmasters_row_bot_default cmsmasters_row_boxed\">\n<div class=\"cmsmasters_row_outer_parent\">\n<div class=\"cmsmasters_row_outer\">\n<div class=\"cmsmasters_row_inner\">\n<div class=\"cmsmasters_row_margin\">\n<div id=\"cmsmasters_column_dc172bc9d6\" class=\"cmsmasters_column one_first\">\n<div class=\"cmsmasters_column_inner\"><div id=\"cmsmasters_heading_2815cd2601\" class=\"cmsmasters_heading_wrap cmsmasters_heading_align_left\">\n\t<h4 class=\"cmsmasters_heading\">Top Icons<\/h4>\n<\/div><div id=\"cmsmasters_counters_fcdeb00dbc\" class=\"cmsmasters_counters counters_type_vertical\"><div class=\"cmsmasters_counter_wrap one_fourth\">\n<div id=\"cmsmasters_counter_3e159d23ee\" class=\"cmsmasters_counter counter_has_icon\" data-percent=\"2354\">\n<div class=\"cmsmasters_counter_inner cmsmasters-icon-dollar\">\n<span class=\"cmsmasters_counter_counter_wrap\">\n<span class=\"cmsmasters_counter_prefix\"><\/span><span class=\"cmsmasters_counter_counter\">0<\/span><span class=\"cmsmasters_counter_suffix\"><\/span>\n<\/span>\n<span class=\"cmsmasters_counter_title\">Investment<\/span>\n<\/div>\n<\/div>\n<\/div><div class=\"cmsmasters_counter_wrap one_fourth\">\n<div id=\"cmsmasters_counter_c793bced28\" class=\"cmsmasters_counter counter_has_icon\" data-percent=\"3758\">\n<div class=\"cmsmasters_counter_inner cmsmasters-icon-chart-pie\">\n<span class=\"cmsmasters_counter_counter_wrap\">\n<span class=\"cmsmasters_counter_prefix\"><\/span><span class=\"cmsmasters_counter_counter\">0<\/span><span class=\"cmsmasters_counter_suffix\"><\/span>\n<\/span>\n<span class=\"cmsmasters_counter_title\">Capitalization<\/span>\n<\/div>\n<\/div>\n<\/div><div class=\"cmsmasters_counter_wrap one_fourth\">\n<div id=\"cmsmasters_counter_695b7fe1cd\" class=\"cmsmasters_counter counter_has_icon\" data-percent=\"837\">\n<div class=\"cmsmasters_counter_inner cmsmasters-icon-users-1\">\n<span class=\"cmsmasters_counter_counter_wrap\">\n<span class=\"cmsmasters_counter_prefix\"><\/span><span class=\"cmsmasters_counter_counter\">0<\/span><span class=\"cmsmasters_counter_suffix\"><\/span>\n<\/span>\n<span class=\"cmsmasters_counter_title\">Cooperation<\/span>\n<\/div>\n<\/div>\n<\/div><div class=\"cmsmasters_counter_wrap one_fourth\">\n<div id=\"cmsmasters_counter_bf109ef2aa\" class=\"cmsmasters_counter counter_has_icon\" data-percent=\"1285\">\n<div class=\"cmsmasters_counter_inner cmsmasters-icon-credit-card\">\n<span class=\"cmsmasters_counter_counter_wrap\">\n<span class=\"cmsmasters_counter_prefix\"><\/span><span class=\"cmsmasters_counter_counter\">0<\/span><span class=\"cmsmasters_counter_suffix\"><\/span>\n<\/span>\n<span class=\"cmsmasters_counter_title\">Deposit<\/span>\n<\/div>\n<\/div>\n<\/div><\/div>\n<\/div><\/div>\n<\/div>\n<\/div>\n<\/div>\n<\/div>\n<\/div>\n<div id=\"cmsmasters_row_a3faf4e68c\" class=\"cmsmasters_row cmsmasters_color_scheme_default cmsmasters_row_top_default cmsmasters_row_bot_default cmsmasters_row_boxed\">\n<div class=\"cmsmasters_row_outer_parent\">\n<div class=\"cmsmasters_row_outer\">\n<div class=\"cmsmasters_row_inner\">\n<div class=\"cmsmasters_row_margin\">\n<div id=\"cmsmasters_column_e3c6a75a81\" class=\"cmsmasters_column one_first\">\n<div class=\"cmsmasters_column_inner\"><div id=\"cmsmasters_divider_dc4a30528f\" class=\"cmsmasters_divider cmsmasters_divider_width_long cmsmasters_divider_pos_center\"><\/div>\n<\/div><\/div>\n<\/div>\n<\/div>\n<\/div>\n<\/div>\n<\/div>\n<div id=\"cmsmasters_row_a7d26b87d0\" class=\"cmsmasters_row cmsmasters_color_scheme_default cmsmasters_row_top_default cmsmasters_row_bot_default cmsmasters_row_boxed\">\n<div class=\"cmsmasters_row_outer_parent\">\n<div class=\"cmsmasters_row_outer\">\n<div class=\"cmsmasters_row_inner\">\n<div class=\"cmsmasters_row_margin\">\n<div id=\"cmsmasters_column_83027050b9\" class=\"cmsmasters_column one_first\">\n<div class=\"cmsmasters_column_inner\"><div id=\"cmsmasters_heading_856dad88cc\" class=\"cmsmasters_heading_wrap cmsmasters_heading_align_left\">\n\t<h4 class=\"cmsmasters_heading\">Side Icons<\/h4>\n<\/div><div id=\"cmsmasters_counters_e94694a096\" class=\"cmsmasters_counters counters_type_horizontal\"><div class=\"cmsmasters_counter_wrap one_fourth\">\n<div id=\"cmsmasters_counter_915a24cdef\" class=\"cmsmasters_counter counter_has_icon\" data-percent=\"2354\">\n<div class=\"cmsmasters_counter_inner cmsmasters-icon-dollar\">\n<span class=\"cmsmasters_counter_counter_wrap\">\n<span class=\"cmsmasters_counter_prefix\"><\/span><span class=\"cmsmasters_counter_counter\">0<\/span><span class=\"cmsmasters_counter_suffix\"><\/span>\n<\/span>\n<span class=\"cmsmasters_counter_title\">Investment<\/span>\n<\/div>\n<\/div>\n<\/div><div class=\"cmsmasters_counter_wrap one_fourth\">\n<div id=\"cmsmasters_counter_0f79354837\" class=\"cmsmasters_counter counter_has_icon\" data-percent=\"3758\">\n<div class=\"cmsmasters_counter_inner cmsmasters-icon-chart-pie\">\n<span class=\"cmsmasters_counter_counter_wrap\">\n<span class=\"cmsmasters_counter_prefix\"><\/span><span class=\"cmsmasters_counter_counter\">0<\/span><span class=\"cmsmasters_counter_suffix\"><\/span>\n<\/span>\n<span class=\"cmsmasters_counter_title\">Capitalization<\/span>\n<\/div>\n<\/div>\n<\/div><div class=\"cmsmasters_counter_wrap one_fourth\">\n<div id=\"cmsmasters_counter_b3c5917eb1\" class=\"cmsmasters_counter counter_has_icon\" data-percent=\"837\">\n<div class=\"cmsmasters_counter_inner cmsmasters-icon-users-1\">\n<span class=\"cmsmasters_counter_counter_wrap\">\n<span class=\"cmsmasters_counter_prefix\"><\/span><span class=\"cmsmasters_counter_counter\">0<\/span><span class=\"cmsmasters_counter_suffix\"><\/span>\n<\/span>\n<span class=\"cmsmasters_counter_title\">Cooperation<\/span>\n<\/div>\n<\/div>\n<\/div><div class=\"cmsmasters_counter_wrap one_fourth\">\n<div id=\"cmsmasters_counter_06adb21f30\" class=\"cmsmasters_counter counter_has_icon\" data-percent=\"1285\">\n<div class=\"cmsmasters_counter_inner cmsmasters-icon-credit-card\">\n<span class=\"cmsmasters_counter_counter_wrap\">\n<span class=\"cmsmasters_counter_prefix\"><\/span><span class=\"cmsmasters_counter_counter\">0<\/span><span class=\"cmsmasters_counter_suffix\"><\/span>\n<\/span>\n<span class=\"cmsmasters_counter_title\">Deposit<\/span>\n<\/div>\n<\/div>\n<\/div><\/div>\n<\/div><\/div>\n<\/div>\n<\/div>\n<\/div>\n<\/div>\n<\/div>\n\n","protected":false},"excerpt":{"rendered":"","protected":false},"author":1,"featured_media":0,"parent":0,"menu_order":0,"comment_status":"closed","ping_status":"open","template":"","meta":{"footnotes":""},"class_list":["post-169","page","type-page","status-publish","hentry"],"yoast_head":"<!-- This site is optimized with the Yoast SEO plugin v26.8 - https:\/\/yoast.com\/product\/yoast-seo-wordpress\/ -->\n<title>Counters &amp; Progress Bars - Florister\u00eda Santa Luc\u00eda<\/title>\n<meta name=\"robots\" content=\"index, follow, max-snippet:-1, max-image-preview:large, max-video-preview:-1\" \/>\n<link rel=\"canonical\" href=\"https:\/\/floristeriasantalucia.com\/index.php\/counters-progress-bars\/\" \/>\n<meta property=\"og:locale\" content=\"en_US\" \/>\n<meta property=\"og:type\" content=\"article\" \/>\n<meta property=\"og:title\" content=\"Counters &amp; Progress Bars - Florister\u00eda Santa Luc\u00eda\" \/>\n<meta property=\"og:url\" content=\"https:\/\/floristeriasantalucia.com\/index.php\/counters-progress-bars\/\" \/>\n<meta property=\"og:site_name\" content=\"Florister\u00eda Santa Luc\u00eda\" \/>\n<meta name=\"twitter:card\" content=\"summary_large_image\" \/>\n<meta name=\"twitter:label1\" content=\"Est. reading time\" \/>\n\t<meta name=\"twitter:data1\" content=\"5 minutes\" \/>\n<script type=\"application\/ld+json\" class=\"yoast-schema-graph\">{\"@context\":\"https:\/\/schema.org\",\"@graph\":[{\"@type\":\"WebPage\",\"@id\":\"https:\/\/floristeriasantalucia.com\/index.php\/counters-progress-bars\/\",\"url\":\"https:\/\/floristeriasantalucia.com\/index.php\/counters-progress-bars\/\",\"name\":\"Counters & Progress Bars - Florister\u00eda Santa Luc\u00eda\",\"isPartOf\":{\"@id\":\"https:\/\/floristeriasantalucia.com\/#website\"},\"datePublished\":\"2015-04-15T14:28:03+00:00\",\"breadcrumb\":{\"@id\":\"https:\/\/floristeriasantalucia.com\/index.php\/counters-progress-bars\/#breadcrumb\"},\"inLanguage\":\"en-US\",\"potentialAction\":[{\"@type\":\"ReadAction\",\"target\":[\"https:\/\/floristeriasantalucia.com\/index.php\/counters-progress-bars\/\"]}]},{\"@type\":\"BreadcrumbList\",\"@id\":\"https:\/\/floristeriasantalucia.com\/index.php\/counters-progress-bars\/#breadcrumb\",\"itemListElement\":[{\"@type\":\"ListItem\",\"position\":1,\"name\":\"Home\",\"item\":\"https:\/\/floristeriasantalucia.com\/\"},{\"@type\":\"ListItem\",\"position\":2,\"name\":\"Counters &#038; Progress Bars\"}]},{\"@type\":\"WebSite\",\"@id\":\"https:\/\/floristeriasantalucia.com\/#website\",\"url\":\"https:\/\/floristeriasantalucia.com\/\",\"name\":\"Florister\u00eda Santa Luc\u00eda\",\"description\":\"Tus sentimientos expr\u00e9salos con flores\",\"publisher\":{\"@id\":\"https:\/\/floristeriasantalucia.com\/#organization\"},\"potentialAction\":[{\"@type\":\"SearchAction\",\"target\":{\"@type\":\"EntryPoint\",\"urlTemplate\":\"https:\/\/floristeriasantalucia.com\/?s={search_term_string}\"},\"query-input\":{\"@type\":\"PropertyValueSpecification\",\"valueRequired\":true,\"valueName\":\"search_term_string\"}}],\"inLanguage\":\"en-US\"},{\"@type\":\"Organization\",\"@id\":\"https:\/\/floristeriasantalucia.com\/#organization\",\"name\":\"Florister\u00eda Santa Luc\u00eda\",\"url\":\"https:\/\/floristeriasantalucia.com\/\",\"logo\":{\"@type\":\"ImageObject\",\"inLanguage\":\"en-US\",\"@id\":\"https:\/\/floristeriasantalucia.com\/#\/schema\/logo\/image\/\",\"url\":\"https:\/\/floristeriasantalucia.com\/wp-content\/uploads\/2021\/03\/logo_santalucia-06.png\",\"contentUrl\":\"https:\/\/floristeriasantalucia.com\/wp-content\/uploads\/2021\/03\/logo_santalucia-06.png\",\"width\":310,\"height\":133,\"caption\":\"Florister\u00eda Santa Luc\u00eda\"},\"image\":{\"@id\":\"https:\/\/floristeriasantalucia.com\/#\/schema\/logo\/image\/\"}}]}<\/script>\n<!-- \/ Yoast SEO plugin. -->","yoast_head_json":{"title":"Counters & Progress Bars - Florister\u00eda Santa Luc\u00eda","robots":{"index":"index","follow":"follow","max-snippet":"max-snippet:-1","max-image-preview":"max-image-preview:large","max-video-preview":"max-video-preview:-1"},"canonical":"https:\/\/floristeriasantalucia.com\/index.php\/counters-progress-bars\/","og_locale":"en_US","og_type":"article","og_title":"Counters & Progress Bars - Florister\u00eda Santa Luc\u00eda","og_url":"https:\/\/floristeriasantalucia.com\/index.php\/counters-progress-bars\/","og_site_name":"Florister\u00eda Santa Luc\u00eda","twitter_card":"summary_large_image","twitter_misc":{"Est. reading time":"5 minutes"},"schema":{"@context":"https:\/\/schema.org","@graph":[{"@type":"WebPage","@id":"https:\/\/floristeriasantalucia.com\/index.php\/counters-progress-bars\/","url":"https:\/\/floristeriasantalucia.com\/index.php\/counters-progress-bars\/","name":"Counters & Progress Bars - Florister\u00eda Santa Luc\u00eda","isPartOf":{"@id":"https:\/\/floristeriasantalucia.com\/#website"},"datePublished":"2015-04-15T14:28:03+00:00","breadcrumb":{"@id":"https:\/\/floristeriasantalucia.com\/index.php\/counters-progress-bars\/#breadcrumb"},"inLanguage":"en-US","potentialAction":[{"@type":"ReadAction","target":["https:\/\/floristeriasantalucia.com\/index.php\/counters-progress-bars\/"]}]},{"@type":"BreadcrumbList","@id":"https:\/\/floristeriasantalucia.com\/index.php\/counters-progress-bars\/#breadcrumb","itemListElement":[{"@type":"ListItem","position":1,"name":"Home","item":"https:\/\/floristeriasantalucia.com\/"},{"@type":"ListItem","position":2,"name":"Counters &#038; Progress Bars"}]},{"@type":"WebSite","@id":"https:\/\/floristeriasantalucia.com\/#website","url":"https:\/\/floristeriasantalucia.com\/","name":"Florister\u00eda Santa Luc\u00eda","description":"Tus sentimientos expr\u00e9salos con flores","publisher":{"@id":"https:\/\/floristeriasantalucia.com\/#organization"},"potentialAction":[{"@type":"SearchAction","target":{"@type":"EntryPoint","urlTemplate":"https:\/\/floristeriasantalucia.com\/?s={search_term_string}"},"query-input":{"@type":"PropertyValueSpecification","valueRequired":true,"valueName":"search_term_string"}}],"inLanguage":"en-US"},{"@type":"Organization","@id":"https:\/\/floristeriasantalucia.com\/#organization","name":"Florister\u00eda Santa Luc\u00eda","url":"https:\/\/floristeriasantalucia.com\/","logo":{"@type":"ImageObject","inLanguage":"en-US","@id":"https:\/\/floristeriasantalucia.com\/#\/schema\/logo\/image\/","url":"https:\/\/floristeriasantalucia.com\/wp-content\/uploads\/2021\/03\/logo_santalucia-06.png","contentUrl":"https:\/\/floristeriasantalucia.com\/wp-content\/uploads\/2021\/03\/logo_santalucia-06.png","width":310,"height":133,"caption":"Florister\u00eda Santa Luc\u00eda"},"image":{"@id":"https:\/\/floristeriasantalucia.com\/#\/schema\/logo\/image\/"}}]}},"_links":{"self":[{"href":"https:\/\/floristeriasantalucia.com\/index.php\/wp-json\/wp\/v2\/pages\/169","targetHints":{"allow":["GET"]}}],"collection":[{"href":"https:\/\/floristeriasantalucia.com\/index.php\/wp-json\/wp\/v2\/pages"}],"about":[{"href":"https:\/\/floristeriasantalucia.com\/index.php\/wp-json\/wp\/v2\/types\/page"}],"author":[{"embeddable":true,"href":"https:\/\/floristeriasantalucia.com\/index.php\/wp-json\/wp\/v2\/users\/1"}],"replies":[{"embeddable":true,"href":"https:\/\/floristeriasantalucia.com\/index.php\/wp-json\/wp\/v2\/comments?post=169"}],"version-history":[{"count":0,"href":"https:\/\/floristeriasantalucia.com\/index.php\/wp-json\/wp\/v2\/pages\/169\/revisions"}],"wp:attachment":[{"href":"https:\/\/floristeriasantalucia.com\/index.php\/wp-json\/wp\/v2\/media?parent=169"}],"curies":[{"name":"wp","href":"https:\/\/api.w.org\/{rel}","templated":true}]}}