{"id":163,"date":"2015-04-15T14:16:46","date_gmt":"2015-04-15T14:16:46","guid":{"rendered":"http:\/\/welfare.cmsmasters.net\/?page_id=163"},"modified":"2015-04-15T14:16:46","modified_gmt":"2015-04-15T14:16:46","slug":"contact-forms","status":"publish","type":"page","link":"https:\/\/floristeriasantalucia.com\/index.php\/contact-forms\/","title":{"rendered":"Contact forms"},"content":{"rendered":"<div id=\"cmsmasters_row_696407e86d\" class=\"cmsmasters_row cmsmasters_color_scheme_default cmsmasters_row_top_default cmsmasters_row_bot_default cmsmasters_row_boxed\">\n<div class=\"cmsmasters_row_outer_parent\">\n<div class=\"cmsmasters_row_outer\">\n<div class=\"cmsmasters_row_inner\">\n<div class=\"cmsmasters_row_margin\">\n<div id=\"cmsmasters_column_a16caf3d64\" class=\"cmsmasters_column one_first\">\n<div class=\"cmsmasters_column_inner\"><div id=\"cmsmasters_heading_0ef740cd25\" class=\"cmsmasters_heading_wrap cmsmasters_heading_align_left\">\n\t<h4 class=\"cmsmasters_heading\">Form Builder<\/h4>\n<\/div><div class=\"cmsmasters_text\">\n<p>A powerful <strong>Form Builder Tool<\/strong>, customly developed by CMSMasters, lets you create an <strong>unlimited amount of forms<\/strong> of different types and complexity, from simple <strong>contact forms<\/strong> to<strong>complex questionnaires<\/strong> with numerous fields, radio-buttons, checkboxes and dropdowns, text areas, as well as set validation for these fields. You can decide how to arrange fields. Activate Captcha and even select how received message will look like with Message Composer.<\/p>\n<\/div>\n<div id=\"cmsmasters_divider_669960b310\" class=\"cmsmasters_divider cmsmasters_divider_width_long cmsmasters_divider_pos_center\"><\/div>\n<\/div><\/div>\n<\/div>\n<\/div>\n<\/div>\n<\/div>\n<\/div>\n<div id=\"cmsmasters_row_73b0418d58\" class=\"cmsmasters_row cmsmasters_color_scheme_default cmsmasters_row_top_default cmsmasters_row_bot_default cmsmasters_row_boxed\">\n<div class=\"cmsmasters_row_outer_parent\">\n<div class=\"cmsmasters_row_outer\">\n<div class=\"cmsmasters_row_inner\">\n<div class=\"cmsmasters_row_margin\">\n<div id=\"cmsmasters_column_c5ac8fb8ce\" class=\"cmsmasters_column one_half\">\n<div class=\"cmsmasters_column_inner\"><div id=\"cmsmasters_heading_d1224f4c68\" class=\"cmsmasters_heading_wrap cmsmasters_heading_align_left\">\n\t<h4 class=\"cmsmasters_heading\">Simple Form<\/h4>\n<\/div><div class=\"cmsmasters_contact_form\">[cmsmasters_contact_form_sc formname=\"164\" email=\"example@domain.com\" fromname=\"wordpress\"]<\/div>\n<\/div><\/div>\n<div id=\"cmsmasters_column_7c41f2fded\" class=\"cmsmasters_column one_half\">\n<div class=\"cmsmasters_column_inner\"><div id=\"cmsmasters_heading_edd5006db9\" class=\"cmsmasters_heading_wrap cmsmasters_heading_align_left\">\n\t<h4 class=\"cmsmasters_heading\">Questionnaire Form<\/h4>\n<\/div><div class=\"cmsmasters_contact_form\">[cmsmasters_contact_form_sc formname=\"710\" email=\"example@domain.com\" fromname=\"wordpress\"]<\/div>\n<\/div><\/div>\n<\/div>\n<\/div>\n<\/div>\n<\/div>\n<\/div>\n\n","protected":false},"excerpt":{"rendered":"","protected":false},"author":1,"featured_media":0,"parent":0,"menu_order":0,"comment_status":"closed","ping_status":"open","template":"","meta":{"footnotes":""},"class_list":["post-163","page","type-page","status-publish","hentry"],"yoast_head":"<!-- This site is optimized with the Yoast SEO plugin v26.8 - https:\/\/yoast.com\/product\/yoast-seo-wordpress\/ -->\n<title>Contact forms - Florister\u00eda Santa Luc\u00eda<\/title>\n<meta name=\"robots\" content=\"index, follow, max-snippet:-1, max-image-preview:large, max-video-preview:-1\" \/>\n<link rel=\"canonical\" href=\"https:\/\/floristeriasantalucia.com\/index.php\/contact-forms\/\" \/>\n<meta property=\"og:locale\" content=\"en_US\" \/>\n<meta property=\"og:type\" content=\"article\" \/>\n<meta property=\"og:title\" content=\"Contact forms - Florister\u00eda Santa Luc\u00eda\" \/>\n<meta property=\"og:url\" content=\"https:\/\/floristeriasantalucia.com\/index.php\/contact-forms\/\" \/>\n<meta property=\"og:site_name\" content=\"Florister\u00eda Santa Luc\u00eda\" \/>\n<meta name=\"twitter:card\" content=\"summary_large_image\" \/>\n<meta name=\"twitter:label1\" content=\"Est. reading time\" \/>\n\t<meta name=\"twitter:data1\" content=\"2 minutes\" \/>\n<script type=\"application\/ld+json\" class=\"yoast-schema-graph\">{\"@context\":\"https:\/\/schema.org\",\"@graph\":[{\"@type\":\"WebPage\",\"@id\":\"https:\/\/floristeriasantalucia.com\/index.php\/contact-forms\/\",\"url\":\"https:\/\/floristeriasantalucia.com\/index.php\/contact-forms\/\",\"name\":\"Contact forms - Florister\u00eda Santa Luc\u00eda\",\"isPartOf\":{\"@id\":\"https:\/\/floristeriasantalucia.com\/#website\"},\"datePublished\":\"2015-04-15T14:16:46+00:00\",\"breadcrumb\":{\"@id\":\"https:\/\/floristeriasantalucia.com\/index.php\/contact-forms\/#breadcrumb\"},\"inLanguage\":\"en-US\",\"potentialAction\":[{\"@type\":\"ReadAction\",\"target\":[\"https:\/\/floristeriasantalucia.com\/index.php\/contact-forms\/\"]}]},{\"@type\":\"BreadcrumbList\",\"@id\":\"https:\/\/floristeriasantalucia.com\/index.php\/contact-forms\/#breadcrumb\",\"itemListElement\":[{\"@type\":\"ListItem\",\"position\":1,\"name\":\"Home\",\"item\":\"https:\/\/floristeriasantalucia.com\/\"},{\"@type\":\"ListItem\",\"position\":2,\"name\":\"Contact forms\"}]},{\"@type\":\"WebSite\",\"@id\":\"https:\/\/floristeriasantalucia.com\/#website\",\"url\":\"https:\/\/floristeriasantalucia.com\/\",\"name\":\"Florister\u00eda Santa Luc\u00eda\",\"description\":\"Tus sentimientos expr\u00e9salos con flores\",\"publisher\":{\"@id\":\"https:\/\/floristeriasantalucia.com\/#organization\"},\"potentialAction\":[{\"@type\":\"SearchAction\",\"target\":{\"@type\":\"EntryPoint\",\"urlTemplate\":\"https:\/\/floristeriasantalucia.com\/?s={search_term_string}\"},\"query-input\":{\"@type\":\"PropertyValueSpecification\",\"valueRequired\":true,\"valueName\":\"search_term_string\"}}],\"inLanguage\":\"en-US\"},{\"@type\":\"Organization\",\"@id\":\"https:\/\/floristeriasantalucia.com\/#organization\",\"name\":\"Florister\u00eda Santa Luc\u00eda\",\"url\":\"https:\/\/floristeriasantalucia.com\/\",\"logo\":{\"@type\":\"ImageObject\",\"inLanguage\":\"en-US\",\"@id\":\"https:\/\/floristeriasantalucia.com\/#\/schema\/logo\/image\/\",\"url\":\"https:\/\/floristeriasantalucia.com\/wp-content\/uploads\/2021\/03\/logo_santalucia-06.png\",\"contentUrl\":\"https:\/\/floristeriasantalucia.com\/wp-content\/uploads\/2021\/03\/logo_santalucia-06.png\",\"width\":310,\"height\":133,\"caption\":\"Florister\u00eda Santa Luc\u00eda\"},\"image\":{\"@id\":\"https:\/\/floristeriasantalucia.com\/#\/schema\/logo\/image\/\"}}]}<\/script>\n<!-- \/ Yoast SEO plugin. -->","yoast_head_json":{"title":"Contact forms - Florister\u00eda Santa Luc\u00eda","robots":{"index":"index","follow":"follow","max-snippet":"max-snippet:-1","max-image-preview":"max-image-preview:large","max-video-preview":"max-video-preview:-1"},"canonical":"https:\/\/floristeriasantalucia.com\/index.php\/contact-forms\/","og_locale":"en_US","og_type":"article","og_title":"Contact forms - Florister\u00eda Santa Luc\u00eda","og_url":"https:\/\/floristeriasantalucia.com\/index.php\/contact-forms\/","og_site_name":"Florister\u00eda Santa Luc\u00eda","twitter_card":"summary_large_image","twitter_misc":{"Est. reading time":"2 minutes"},"schema":{"@context":"https:\/\/schema.org","@graph":[{"@type":"WebPage","@id":"https:\/\/floristeriasantalucia.com\/index.php\/contact-forms\/","url":"https:\/\/floristeriasantalucia.com\/index.php\/contact-forms\/","name":"Contact forms - Florister\u00eda Santa Luc\u00eda","isPartOf":{"@id":"https:\/\/floristeriasantalucia.com\/#website"},"datePublished":"2015-04-15T14:16:46+00:00","breadcrumb":{"@id":"https:\/\/floristeriasantalucia.com\/index.php\/contact-forms\/#breadcrumb"},"inLanguage":"en-US","potentialAction":[{"@type":"ReadAction","target":["https:\/\/floristeriasantalucia.com\/index.php\/contact-forms\/"]}]},{"@type":"BreadcrumbList","@id":"https:\/\/floristeriasantalucia.com\/index.php\/contact-forms\/#breadcrumb","itemListElement":[{"@type":"ListItem","position":1,"name":"Home","item":"https:\/\/floristeriasantalucia.com\/"},{"@type":"ListItem","position":2,"name":"Contact forms"}]},{"@type":"WebSite","@id":"https:\/\/floristeriasantalucia.com\/#website","url":"https:\/\/floristeriasantalucia.com\/","name":"Florister\u00eda Santa Luc\u00eda","description":"Tus sentimientos expr\u00e9salos con flores","publisher":{"@id":"https:\/\/floristeriasantalucia.com\/#organization"},"potentialAction":[{"@type":"SearchAction","target":{"@type":"EntryPoint","urlTemplate":"https:\/\/floristeriasantalucia.com\/?s={search_term_string}"},"query-input":{"@type":"PropertyValueSpecification","valueRequired":true,"valueName":"search_term_string"}}],"inLanguage":"en-US"},{"@type":"Organization","@id":"https:\/\/floristeriasantalucia.com\/#organization","name":"Florister\u00eda Santa Luc\u00eda","url":"https:\/\/floristeriasantalucia.com\/","logo":{"@type":"ImageObject","inLanguage":"en-US","@id":"https:\/\/floristeriasantalucia.com\/#\/schema\/logo\/image\/","url":"https:\/\/floristeriasantalucia.com\/wp-content\/uploads\/2021\/03\/logo_santalucia-06.png","contentUrl":"https:\/\/floristeriasantalucia.com\/wp-content\/uploads\/2021\/03\/logo_santalucia-06.png","width":310,"height":133,"caption":"Florister\u00eda Santa Luc\u00eda"},"image":{"@id":"https:\/\/floristeriasantalucia.com\/#\/schema\/logo\/image\/"}}]}},"_links":{"self":[{"href":"https:\/\/floristeriasantalucia.com\/index.php\/wp-json\/wp\/v2\/pages\/163","targetHints":{"allow":["GET"]}}],"collection":[{"href":"https:\/\/floristeriasantalucia.com\/index.php\/wp-json\/wp\/v2\/pages"}],"about":[{"href":"https:\/\/floristeriasantalucia.com\/index.php\/wp-json\/wp\/v2\/types\/page"}],"author":[{"embeddable":true,"href":"https:\/\/floristeriasantalucia.com\/index.php\/wp-json\/wp\/v2\/users\/1"}],"replies":[{"embeddable":true,"href":"https:\/\/floristeriasantalucia.com\/index.php\/wp-json\/wp\/v2\/comments?post=163"}],"version-history":[{"count":0,"href":"https:\/\/floristeriasantalucia.com\/index.php\/wp-json\/wp\/v2\/pages\/163\/revisions"}],"wp:attachment":[{"href":"https:\/\/floristeriasantalucia.com\/index.php\/wp-json\/wp\/v2\/media?parent=163"}],"curies":[{"name":"wp","href":"https:\/\/api.w.org\/{rel}","templated":true}]}}