{"id":14328,"date":"2021-09-07T14:32:26","date_gmt":"2021-09-07T19:32:26","guid":{"rendered":"https:\/\/floristeriasantalucia.com\/?page_id=14328"},"modified":"2021-09-07T17:05:21","modified_gmt":"2021-09-07T22:05:21","slug":"amor-y-amistad","status":"publish","type":"page","link":"https:\/\/floristeriasantalucia.com\/index.php\/amor-y-amistad\/","title":{"rendered":"Amor y Amistad"},"content":{"rendered":"\n<p>&#8220;Siempre tener una Flor es tener Amor y Amistad&#8221;<\/p>\n\n\n<div data-block-name=\"woocommerce\/product-category\" data-categories=\"[124]\" class=\"wc-block-grid wp-block-product-category wp-block-woocommerce-product-category wc-block-product-category has-3-columns has-multiple-rows\"><ul class=\"wc-block-grid__products\"><li class=\"wc-block-grid__product\">\n\t\t\t\t<a href=\"https:\/\/floristeriasantalucia.com\/index.php\/product\/arreglo-feliz\/\" class=\"wc-block-grid__product-link\">\n\t\t\t\t\t\n\t\t\t\t\t<div class=\"wc-block-grid__product-image\"><img loading=\"lazy\" decoding=\"async\" width=\"380\" height=\"380\" src=\"https:\/\/floristeriasantalucia.com\/wp-content\/uploads\/2021\/09\/Arregla-Feliz-380x380.jpg\" class=\"attachment-woocommerce_thumbnail size-woocommerce_thumbnail\" alt=\"Arreglo Feliz\" srcset=\"https:\/\/floristeriasantalucia.com\/wp-content\/uploads\/2021\/09\/Arregla-Feliz-380x380.jpg 380w, https:\/\/floristeriasantalucia.com\/wp-content\/uploads\/2021\/09\/Arregla-Feliz-300x300.jpg 300w, https:\/\/floristeriasantalucia.com\/wp-content\/uploads\/2021\/09\/Arregla-Feliz-150x150.jpg 150w, https:\/\/floristeriasantalucia.com\/wp-content\/uploads\/2021\/09\/Arregla-Feliz-70x70.jpg 70w, https:\/\/floristeriasantalucia.com\/wp-content\/uploads\/2021\/09\/Arregla-Feliz-360x360.jpg 360w, https:\/\/floristeriasantalucia.com\/wp-content\/uploads\/2021\/09\/Arregla-Feliz-100x100.jpg 100w, https:\/\/floristeriasantalucia.com\/wp-content\/uploads\/2021\/09\/Arregla-Feliz.jpg 550w\" sizes=\"auto, (max-width: 380px) 100vw, 380px\" \/><\/div>\n\t\t\t\t\t<div class=\"wc-block-grid__product-title\">Arreglo Feliz<\/div>\n\t\t\t\t<\/a>\n\t\t\t\t<div class=\"wc-block-grid__product-price price\"><span class=\"woocommerce-Price-amount amount\"><span><span class=\"woocommerce-Price-currencySymbol\">&#036;<\/span><\/span>90.000<\/span><\/div>\n\t\t\t\t\n\t\t\t\t<div class=\"wp-block-button wc-block-grid__product-add-to-cart\"><a href=\"\/index.php\/wp-json\/wp\/v2\/pages\/14328?add-to-cart=14326\" aria-label=\"Add to cart: &ldquo;Arreglo Feliz&rdquo;\" data-quantity=\"1\" data-product_id=\"14326\" data-product_sku=\"\" data-price=\"90000\" rel=\"nofollow\" class=\"wp-block-button__link  add_to_cart_button ajax_add_to_cart\">Adicionar al Carrito<\/a><\/div>\n\t\t\t<\/li><li class=\"wc-block-grid__product\">\n\t\t\t\t<a href=\"https:\/\/floristeriasantalucia.com\/index.php\/product\/dulce-rosa\/\" class=\"wc-block-grid__product-link\">\n\t\t\t\t\t\n\t\t\t\t\t<div class=\"wc-block-grid__product-image\"><img loading=\"lazy\" decoding=\"async\" width=\"380\" height=\"380\" src=\"https:\/\/floristeriasantalucia.com\/wp-content\/uploads\/2021\/09\/dulceRosa-380x380.jpg\" class=\"attachment-woocommerce_thumbnail size-woocommerce_thumbnail\" alt=\"Dulce Rosa\" srcset=\"https:\/\/floristeriasantalucia.com\/wp-content\/uploads\/2021\/09\/dulceRosa-380x380.jpg 380w, https:\/\/floristeriasantalucia.com\/wp-content\/uploads\/2021\/09\/dulceRosa-300x300.jpg 300w, https:\/\/floristeriasantalucia.com\/wp-content\/uploads\/2021\/09\/dulceRosa-150x150.jpg 150w, https:\/\/floristeriasantalucia.com\/wp-content\/uploads\/2021\/09\/dulceRosa-70x70.jpg 70w, https:\/\/floristeriasantalucia.com\/wp-content\/uploads\/2021\/09\/dulceRosa-360x360.jpg 360w, https:\/\/floristeriasantalucia.com\/wp-content\/uploads\/2021\/09\/dulceRosa-100x100.jpg 100w, https:\/\/floristeriasantalucia.com\/wp-content\/uploads\/2021\/09\/dulceRosa.jpg 550w\" sizes=\"auto, (max-width: 380px) 100vw, 380px\" \/><\/div>\n\t\t\t\t\t<div class=\"wc-block-grid__product-title\">Dulce Rosa<\/div>\n\t\t\t\t<\/a>\n\t\t\t\t<div class=\"wc-block-grid__product-price price\"><span class=\"woocommerce-Price-amount amount\"><span><span class=\"woocommerce-Price-currencySymbol\">&#036;<\/span><\/span>100.000<\/span><\/div>\n\t\t\t\t\n\t\t\t\t<div class=\"wp-block-button wc-block-grid__product-add-to-cart\"><a href=\"\/index.php\/wp-json\/wp\/v2\/pages\/14328?add-to-cart=14324\" aria-label=\"Add to cart: &ldquo;Dulce Rosa&rdquo;\" data-quantity=\"1\" data-product_id=\"14324\" data-product_sku=\"\" data-price=\"100000\" rel=\"nofollow\" class=\"wp-block-button__link  add_to_cart_button ajax_add_to_cart\">Adicionar al Carrito<\/a><\/div>\n\t\t\t<\/li><li class=\"wc-block-grid__product\">\n\t\t\t\t<a href=\"https:\/\/floristeriasantalucia.com\/index.php\/product\/osos-roso\/\" class=\"wc-block-grid__product-link\">\n\t\t\t\t\t\n\t\t\t\t\t<div class=\"wc-block-grid__product-image\"><img loading=\"lazy\" decoding=\"async\" width=\"380\" height=\"380\" src=\"https:\/\/floristeriasantalucia.com\/wp-content\/uploads\/2021\/09\/osoRoso-380x380.jpg\" class=\"attachment-woocommerce_thumbnail size-woocommerce_thumbnail\" alt=\"Osos Roso\" srcset=\"https:\/\/floristeriasantalucia.com\/wp-content\/uploads\/2021\/09\/osoRoso-380x380.jpg 380w, https:\/\/floristeriasantalucia.com\/wp-content\/uploads\/2021\/09\/osoRoso-300x300.jpg 300w, https:\/\/floristeriasantalucia.com\/wp-content\/uploads\/2021\/09\/osoRoso-150x150.jpg 150w, https:\/\/floristeriasantalucia.com\/wp-content\/uploads\/2021\/09\/osoRoso-70x70.jpg 70w, https:\/\/floristeriasantalucia.com\/wp-content\/uploads\/2021\/09\/osoRoso-360x360.jpg 360w, https:\/\/floristeriasantalucia.com\/wp-content\/uploads\/2021\/09\/osoRoso-100x100.jpg 100w, https:\/\/floristeriasantalucia.com\/wp-content\/uploads\/2021\/09\/osoRoso.jpg 550w\" sizes=\"auto, (max-width: 380px) 100vw, 380px\" \/><\/div>\n\t\t\t\t\t<div class=\"wc-block-grid__product-title\">Osos Roso<\/div>\n\t\t\t\t<\/a>\n\t\t\t\t<div class=\"wc-block-grid__product-price price\"><span class=\"woocommerce-Price-amount amount\"><span><span class=\"woocommerce-Price-currencySymbol\">&#036;<\/span><\/span>150.000<\/span><\/div>\n\t\t\t\t\n\t\t\t\t<div class=\"wp-block-button wc-block-grid__product-add-to-cart\"><a href=\"\/index.php\/wp-json\/wp\/v2\/pages\/14328?add-to-cart=14322\" aria-label=\"Add to cart: &ldquo;Osos Roso&rdquo;\" data-quantity=\"1\" data-product_id=\"14322\" data-product_sku=\"\" data-price=\"150000\" rel=\"nofollow\" class=\"wp-block-button__link  add_to_cart_button ajax_add_to_cart\">Adicionar al Carrito<\/a><\/div>\n\t\t\t<\/li><li class=\"wc-block-grid__product\">\n\t\t\t\t<a href=\"https:\/\/floristeriasantalucia.com\/index.php\/product\/caja-rosa\/\" class=\"wc-block-grid__product-link\">\n\t\t\t\t\t\n\t\t\t\t\t<div class=\"wc-block-grid__product-image\"><img loading=\"lazy\" decoding=\"async\" width=\"380\" height=\"380\" src=\"https:\/\/floristeriasantalucia.com\/wp-content\/uploads\/2021\/09\/dulceCajaRosa-380x380.jpg\" class=\"attachment-woocommerce_thumbnail size-woocommerce_thumbnail\" alt=\"Caja Rosa\" srcset=\"https:\/\/floristeriasantalucia.com\/wp-content\/uploads\/2021\/09\/dulceCajaRosa-380x380.jpg 380w, https:\/\/floristeriasantalucia.com\/wp-content\/uploads\/2021\/09\/dulceCajaRosa-300x300.jpg 300w, https:\/\/floristeriasantalucia.com\/wp-content\/uploads\/2021\/09\/dulceCajaRosa-150x150.jpg 150w, https:\/\/floristeriasantalucia.com\/wp-content\/uploads\/2021\/09\/dulceCajaRosa-70x70.jpg 70w, https:\/\/floristeriasantalucia.com\/wp-content\/uploads\/2021\/09\/dulceCajaRosa-360x360.jpg 360w, https:\/\/floristeriasantalucia.com\/wp-content\/uploads\/2021\/09\/dulceCajaRosa-100x100.jpg 100w, https:\/\/floristeriasantalucia.com\/wp-content\/uploads\/2021\/09\/dulceCajaRosa.jpg 550w\" sizes=\"auto, (max-width: 380px) 100vw, 380px\" \/><\/div>\n\t\t\t\t\t<div class=\"wc-block-grid__product-title\">Caja Rosa<\/div>\n\t\t\t\t<\/a>\n\t\t\t\t<div class=\"wc-block-grid__product-price price\"><span class=\"woocommerce-Price-amount amount\"><span><span class=\"woocommerce-Price-currencySymbol\">&#036;<\/span><\/span>145.000<\/span><\/div>\n\t\t\t\t\n\t\t\t\t<div class=\"wp-block-button wc-block-grid__product-add-to-cart\"><a href=\"\/index.php\/wp-json\/wp\/v2\/pages\/14328?add-to-cart=14320\" aria-label=\"Add to cart: &ldquo;Caja Rosa&rdquo;\" data-quantity=\"1\" data-product_id=\"14320\" data-product_sku=\"\" data-price=\"145000\" rel=\"nofollow\" class=\"wp-block-button__link  add_to_cart_button ajax_add_to_cart\">Adicionar al Carrito<\/a><\/div>\n\t\t\t<\/li><li class=\"wc-block-grid__product\">\n\t\t\t\t<a href=\"https:\/\/floristeriasantalucia.com\/index.php\/product\/amor-verde\/\" class=\"wc-block-grid__product-link\">\n\t\t\t\t\t\n\t\t\t\t\t<div class=\"wc-block-grid__product-image\"><img loading=\"lazy\" decoding=\"async\" width=\"380\" height=\"380\" src=\"https:\/\/floristeriasantalucia.com\/wp-content\/uploads\/2021\/09\/Amorverde-380x380.jpg\" class=\"attachment-woocommerce_thumbnail size-woocommerce_thumbnail\" alt=\"Verde Amor\" srcset=\"https:\/\/floristeriasantalucia.com\/wp-content\/uploads\/2021\/09\/Amorverde-380x380.jpg 380w, https:\/\/floristeriasantalucia.com\/wp-content\/uploads\/2021\/09\/Amorverde-300x300.jpg 300w, https:\/\/floristeriasantalucia.com\/wp-content\/uploads\/2021\/09\/Amorverde-150x150.jpg 150w, https:\/\/floristeriasantalucia.com\/wp-content\/uploads\/2021\/09\/Amorverde-70x70.jpg 70w, https:\/\/floristeriasantalucia.com\/wp-content\/uploads\/2021\/09\/Amorverde-360x360.jpg 360w, https:\/\/floristeriasantalucia.com\/wp-content\/uploads\/2021\/09\/Amorverde-100x100.jpg 100w, https:\/\/floristeriasantalucia.com\/wp-content\/uploads\/2021\/09\/Amorverde.jpg 550w\" sizes=\"auto, (max-width: 380px) 100vw, 380px\" \/><\/div>\n\t\t\t\t\t<div class=\"wc-block-grid__product-title\">Verde Amor<\/div>\n\t\t\t\t<\/a>\n\t\t\t\t<div class=\"wc-block-grid__product-price price\"><span class=\"woocommerce-Price-amount amount\"><span><span class=\"woocommerce-Price-currencySymbol\">&#036;<\/span><\/span>125.000<\/span><\/div>\n\t\t\t\t\n\t\t\t\t<div class=\"wp-block-button wc-block-grid__product-add-to-cart\"><a href=\"\/index.php\/wp-json\/wp\/v2\/pages\/14328?add-to-cart=14319\" aria-label=\"Add to cart: &ldquo;Verde Amor&rdquo;\" data-quantity=\"1\" data-product_id=\"14319\" data-product_sku=\"\" data-price=\"125000\" rel=\"nofollow\" class=\"wp-block-button__link  add_to_cart_button ajax_add_to_cart\">Adicionar al Carrito<\/a><\/div>\n\t\t\t<\/li><li class=\"wc-block-grid__product\">\n\t\t\t\t<a href=\"https:\/\/floristeriasantalucia.com\/index.php\/product\/destello-rojo\/\" class=\"wc-block-grid__product-link\">\n\t\t\t\t\t\n\t\t\t\t\t<div class=\"wc-block-grid__product-image\"><img loading=\"lazy\" decoding=\"async\" width=\"380\" height=\"380\" src=\"https:\/\/floristeriasantalucia.com\/wp-content\/uploads\/2021\/09\/DestelloRojo-380x380.jpg\" class=\"attachment-woocommerce_thumbnail size-woocommerce_thumbnail\" alt=\"Destello Rojo\" srcset=\"https:\/\/floristeriasantalucia.com\/wp-content\/uploads\/2021\/09\/DestelloRojo-380x380.jpg 380w, https:\/\/floristeriasantalucia.com\/wp-content\/uploads\/2021\/09\/DestelloRojo-300x300.jpg 300w, https:\/\/floristeriasantalucia.com\/wp-content\/uploads\/2021\/09\/DestelloRojo-150x150.jpg 150w, https:\/\/floristeriasantalucia.com\/wp-content\/uploads\/2021\/09\/DestelloRojo-70x70.jpg 70w, https:\/\/floristeriasantalucia.com\/wp-content\/uploads\/2021\/09\/DestelloRojo-360x360.jpg 360w, https:\/\/floristeriasantalucia.com\/wp-content\/uploads\/2021\/09\/DestelloRojo-100x100.jpg 100w, https:\/\/floristeriasantalucia.com\/wp-content\/uploads\/2021\/09\/DestelloRojo.jpg 550w\" sizes=\"auto, (max-width: 380px) 100vw, 380px\" \/><\/div>\n\t\t\t\t\t<div class=\"wc-block-grid__product-title\">Destello Rojo<\/div>\n\t\t\t\t<\/a>\n\t\t\t\t<div class=\"wc-block-grid__product-price price\"><span class=\"woocommerce-Price-amount amount\"><span><span class=\"woocommerce-Price-currencySymbol\">&#036;<\/span><\/span>250.000<\/span><\/div>\n\t\t\t\t\n\t\t\t\t<div class=\"wp-block-button wc-block-grid__product-add-to-cart\"><a href=\"\/index.php\/wp-json\/wp\/v2\/pages\/14328?add-to-cart=14316\" aria-label=\"Add to cart: &ldquo;Destello Rojo&rdquo;\" data-quantity=\"1\" data-product_id=\"14316\" data-product_sku=\"\" data-price=\"250000\" rel=\"nofollow\" class=\"wp-block-button__link  add_to_cart_button ajax_add_to_cart\">Adicionar al Carrito<\/a><\/div>\n\t\t\t<\/li><li class=\"wc-block-grid__product\">\n\t\t\t\t<a href=\"https:\/\/floristeriasantalucia.com\/index.php\/product\/rosa-exupery\/\" class=\"wc-block-grid__product-link\">\n\t\t\t\t\t\n\t\t\t\t\t<div class=\"wc-block-grid__product-image\"><img loading=\"lazy\" decoding=\"async\" width=\"380\" height=\"380\" src=\"https:\/\/floristeriasantalucia.com\/wp-content\/uploads\/2021\/04\/flor_eterna-380x380.jpg\" class=\"attachment-woocommerce_thumbnail size-woocommerce_thumbnail\" alt=\"Rosa Eterna\" srcset=\"https:\/\/floristeriasantalucia.com\/wp-content\/uploads\/2021\/04\/flor_eterna-380x380.jpg 380w, https:\/\/floristeriasantalucia.com\/wp-content\/uploads\/2021\/04\/flor_eterna-300x300.jpg 300w, https:\/\/floristeriasantalucia.com\/wp-content\/uploads\/2021\/04\/flor_eterna-150x150.jpg 150w, https:\/\/floristeriasantalucia.com\/wp-content\/uploads\/2021\/04\/flor_eterna-70x70.jpg 70w, https:\/\/floristeriasantalucia.com\/wp-content\/uploads\/2021\/04\/flor_eterna-360x360.jpg 360w, https:\/\/floristeriasantalucia.com\/wp-content\/uploads\/2021\/04\/flor_eterna-100x100.jpg 100w, https:\/\/floristeriasantalucia.com\/wp-content\/uploads\/2021\/04\/flor_eterna.jpg 550w\" sizes=\"auto, (max-width: 380px) 100vw, 380px\" \/><\/div>\n\t\t\t\t\t<div class=\"wc-block-grid__product-title\">Rosa Eterna<\/div>\n\t\t\t\t<\/a>\n\t\t\t\t<div class=\"wc-block-grid__product-price price\"><span class=\"woocommerce-Price-amount amount\"><span><span class=\"woocommerce-Price-currencySymbol\">&#036;<\/span><\/span>150.000<\/span><\/div>\n\t\t\t\t\n\t\t\t\t<div class=\"wp-block-button wc-block-grid__product-add-to-cart\"><a href=\"\/index.php\/wp-json\/wp\/v2\/pages\/14328?add-to-cart=14285\" aria-label=\"Add to cart: &ldquo;Rosa Eterna&rdquo;\" data-quantity=\"1\" data-product_id=\"14285\" data-product_sku=\"\" data-price=\"150000\" rel=\"nofollow\" class=\"wp-block-button__link  add_to_cart_button ajax_add_to_cart\">Adicionar al Carrito<\/a><\/div>\n\t\t\t<\/li><li class=\"wc-block-grid__product\">\n\t\t\t\t<a href=\"https:\/\/floristeriasantalucia.com\/index.php\/product\/fresa-salvaje\/\" class=\"wc-block-grid__product-link\">\n\t\t\t\t\t\n\t\t\t\t\t<div class=\"wc-block-grid__product-image\"><img loading=\"lazy\" decoding=\"async\" width=\"380\" height=\"380\" src=\"https:\/\/floristeriasantalucia.com\/wp-content\/uploads\/2021\/04\/traingulo_rosas-380x380.jpg\" class=\"attachment-woocommerce_thumbnail size-woocommerce_thumbnail\" alt=\"Fresa Salvaje\" srcset=\"https:\/\/floristeriasantalucia.com\/wp-content\/uploads\/2021\/04\/traingulo_rosas-380x380.jpg 380w, https:\/\/floristeriasantalucia.com\/wp-content\/uploads\/2021\/04\/traingulo_rosas-300x300.jpg 300w, https:\/\/floristeriasantalucia.com\/wp-content\/uploads\/2021\/04\/traingulo_rosas-150x150.jpg 150w, https:\/\/floristeriasantalucia.com\/wp-content\/uploads\/2021\/04\/traingulo_rosas-70x70.jpg 70w, https:\/\/floristeriasantalucia.com\/wp-content\/uploads\/2021\/04\/traingulo_rosas-360x360.jpg 360w, https:\/\/floristeriasantalucia.com\/wp-content\/uploads\/2021\/04\/traingulo_rosas-100x100.jpg 100w, https:\/\/floristeriasantalucia.com\/wp-content\/uploads\/2021\/04\/traingulo_rosas.jpg 550w\" sizes=\"auto, (max-width: 380px) 100vw, 380px\" \/><\/div>\n\t\t\t\t\t<div class=\"wc-block-grid__product-title\">Fresa Salvaje<\/div>\n\t\t\t\t<\/a>\n\t\t\t\t<div class=\"wc-block-grid__product-price price\"><span class=\"woocommerce-Price-amount amount\"><span><span class=\"woocommerce-Price-currencySymbol\">&#036;<\/span><\/span>240.000<\/span><\/div>\n\t\t\t\t\n\t\t\t\t<div class=\"wp-block-button wc-block-grid__product-add-to-cart\"><a href=\"\/index.php\/wp-json\/wp\/v2\/pages\/14328?add-to-cart=14264\" aria-label=\"Add to cart: &ldquo;Fresa Salvaje&rdquo;\" data-quantity=\"1\" data-product_id=\"14264\" data-product_sku=\"\" data-price=\"240000\" rel=\"nofollow\" class=\"wp-block-button__link  add_to_cart_button ajax_add_to_cart\">Adicionar al Carrito<\/a><\/div>\n\t\t\t<\/li><li class=\"wc-block-grid__product\">\n\t\t\t\t<a href=\"https:\/\/floristeriasantalucia.com\/index.php\/product\/primavera\/\" class=\"wc-block-grid__product-link\">\n\t\t\t\t\t\n\t\t\t\t\t<div class=\"wc-block-grid__product-image\"><img loading=\"lazy\" decoding=\"async\" width=\"380\" height=\"380\" src=\"https:\/\/floristeriasantalucia.com\/wp-content\/uploads\/2021\/03\/rosasvari_sem-380x380.jpg\" class=\"attachment-woocommerce_thumbnail size-woocommerce_thumbnail\" alt=\"Primavera\" srcset=\"https:\/\/floristeriasantalucia.com\/wp-content\/uploads\/2021\/03\/rosasvari_sem-380x380.jpg 380w, https:\/\/floristeriasantalucia.com\/wp-content\/uploads\/2021\/03\/rosasvari_sem-300x300.jpg 300w, https:\/\/floristeriasantalucia.com\/wp-content\/uploads\/2021\/03\/rosasvari_sem-150x150.jpg 150w, https:\/\/floristeriasantalucia.com\/wp-content\/uploads\/2021\/03\/rosasvari_sem-70x70.jpg 70w, https:\/\/floristeriasantalucia.com\/wp-content\/uploads\/2021\/03\/rosasvari_sem-360x360.jpg 360w, https:\/\/floristeriasantalucia.com\/wp-content\/uploads\/2021\/03\/rosasvari_sem-100x100.jpg 100w, https:\/\/floristeriasantalucia.com\/wp-content\/uploads\/2021\/03\/rosasvari_sem.jpg 550w\" sizes=\"auto, (max-width: 380px) 100vw, 380px\" \/><\/div>\n\t\t\t\t\t<div class=\"wc-block-grid__product-title\">Primavera<\/div>\n\t\t\t\t<\/a>\n\t\t\t\t<div class=\"wc-block-grid__product-price price\"><span class=\"woocommerce-Price-amount amount\"><span><span class=\"woocommerce-Price-currencySymbol\">&#036;<\/span><\/span>195.000<\/span><\/div>\n\t\t\t\t\n\t\t\t\t<div class=\"wp-block-button wc-block-grid__product-add-to-cart\"><a href=\"\/index.php\/wp-json\/wp\/v2\/pages\/14328?add-to-cart=14165\" aria-label=\"Add to cart: &ldquo;Primavera&rdquo;\" data-quantity=\"1\" data-product_id=\"14165\" data-product_sku=\"\" data-price=\"195000\" rel=\"nofollow\" class=\"wp-block-button__link  add_to_cart_button ajax_add_to_cart\">Adicionar al Carrito<\/a><\/div>\n\t\t\t<\/li><\/ul><\/div>","protected":false},"excerpt":{"rendered":"<p>&#8220;Siempre tener una Flor es tener Amor y Amistad&#8221;<\/p>\n","protected":false},"author":2,"featured_media":0,"parent":0,"menu_order":0,"comment_status":"closed","ping_status":"closed","template":"","meta":{"footnotes":""},"class_list":["post-14328","page","type-page","status-publish","hentry"],"yoast_head":"<!-- This site is optimized with the Yoast SEO plugin v26.8 - https:\/\/yoast.com\/product\/yoast-seo-wordpress\/ -->\n<title>Amor y Amistad - Florister\u00eda Santa Luc\u00eda<\/title>\n<meta name=\"robots\" content=\"index, follow, max-snippet:-1, max-image-preview:large, max-video-preview:-1\" \/>\n<link rel=\"canonical\" href=\"https:\/\/floristeriasantalucia.com\/index.php\/amor-y-amistad\/\" \/>\n<meta property=\"og:locale\" content=\"en_US\" \/>\n<meta property=\"og:type\" content=\"article\" \/>\n<meta property=\"og:title\" content=\"Amor y Amistad - Florister\u00eda Santa Luc\u00eda\" \/>\n<meta property=\"og:description\" content=\"&#8220;Siempre tener una Flor es tener Amor y Amistad&#8221;\" \/>\n<meta property=\"og:url\" content=\"https:\/\/floristeriasantalucia.com\/index.php\/amor-y-amistad\/\" \/>\n<meta property=\"og:site_name\" content=\"Florister\u00eda Santa Luc\u00eda\" \/>\n<meta property=\"article:modified_time\" content=\"2021-09-07T22:05:21+00:00\" \/>\n<meta name=\"twitter:card\" content=\"summary_large_image\" \/>\n<meta name=\"twitter:label1\" content=\"Est. reading time\" \/>\n\t<meta name=\"twitter:data1\" content=\"1 minute\" \/>\n<script type=\"application\/ld+json\" class=\"yoast-schema-graph\">{\"@context\":\"https:\/\/schema.org\",\"@graph\":[{\"@type\":\"WebPage\",\"@id\":\"https:\/\/floristeriasantalucia.com\/index.php\/amor-y-amistad\/\",\"url\":\"https:\/\/floristeriasantalucia.com\/index.php\/amor-y-amistad\/\",\"name\":\"Amor y Amistad - Florister\u00eda Santa Luc\u00eda\",\"isPartOf\":{\"@id\":\"https:\/\/floristeriasantalucia.com\/#website\"},\"datePublished\":\"2021-09-07T19:32:26+00:00\",\"dateModified\":\"2021-09-07T22:05:21+00:00\",\"breadcrumb\":{\"@id\":\"https:\/\/floristeriasantalucia.com\/index.php\/amor-y-amistad\/#breadcrumb\"},\"inLanguage\":\"en-US\",\"potentialAction\":[{\"@type\":\"ReadAction\",\"target\":[\"https:\/\/floristeriasantalucia.com\/index.php\/amor-y-amistad\/\"]}]},{\"@type\":\"BreadcrumbList\",\"@id\":\"https:\/\/floristeriasantalucia.com\/index.php\/amor-y-amistad\/#breadcrumb\",\"itemListElement\":[{\"@type\":\"ListItem\",\"position\":1,\"name\":\"Home\",\"item\":\"https:\/\/floristeriasantalucia.com\/\"},{\"@type\":\"ListItem\",\"position\":2,\"name\":\"Amor y Amistad\"}]},{\"@type\":\"WebSite\",\"@id\":\"https:\/\/floristeriasantalucia.com\/#website\",\"url\":\"https:\/\/floristeriasantalucia.com\/\",\"name\":\"Florister\u00eda Santa Luc\u00eda\",\"description\":\"Tus sentimientos expr\u00e9salos con flores\",\"publisher\":{\"@id\":\"https:\/\/floristeriasantalucia.com\/#organization\"},\"potentialAction\":[{\"@type\":\"SearchAction\",\"target\":{\"@type\":\"EntryPoint\",\"urlTemplate\":\"https:\/\/floristeriasantalucia.com\/?s={search_term_string}\"},\"query-input\":{\"@type\":\"PropertyValueSpecification\",\"valueRequired\":true,\"valueName\":\"search_term_string\"}}],\"inLanguage\":\"en-US\"},{\"@type\":\"Organization\",\"@id\":\"https:\/\/floristeriasantalucia.com\/#organization\",\"name\":\"Florister\u00eda Santa Luc\u00eda\",\"url\":\"https:\/\/floristeriasantalucia.com\/\",\"logo\":{\"@type\":\"ImageObject\",\"inLanguage\":\"en-US\",\"@id\":\"https:\/\/floristeriasantalucia.com\/#\/schema\/logo\/image\/\",\"url\":\"https:\/\/floristeriasantalucia.com\/wp-content\/uploads\/2021\/03\/logo_santalucia-06.png\",\"contentUrl\":\"https:\/\/floristeriasantalucia.com\/wp-content\/uploads\/2021\/03\/logo_santalucia-06.png\",\"width\":310,\"height\":133,\"caption\":\"Florister\u00eda Santa Luc\u00eda\"},\"image\":{\"@id\":\"https:\/\/floristeriasantalucia.com\/#\/schema\/logo\/image\/\"}}]}<\/script>\n<!-- \/ Yoast SEO plugin. -->","yoast_head_json":{"title":"Amor y Amistad - Florister\u00eda Santa Luc\u00eda","robots":{"index":"index","follow":"follow","max-snippet":"max-snippet:-1","max-image-preview":"max-image-preview:large","max-video-preview":"max-video-preview:-1"},"canonical":"https:\/\/floristeriasantalucia.com\/index.php\/amor-y-amistad\/","og_locale":"en_US","og_type":"article","og_title":"Amor y Amistad - Florister\u00eda Santa Luc\u00eda","og_description":"&#8220;Siempre tener una Flor es tener Amor y Amistad&#8221;","og_url":"https:\/\/floristeriasantalucia.com\/index.php\/amor-y-amistad\/","og_site_name":"Florister\u00eda Santa Luc\u00eda","article_modified_time":"2021-09-07T22:05:21+00:00","twitter_card":"summary_large_image","twitter_misc":{"Est. reading time":"1 minute"},"schema":{"@context":"https:\/\/schema.org","@graph":[{"@type":"WebPage","@id":"https:\/\/floristeriasantalucia.com\/index.php\/amor-y-amistad\/","url":"https:\/\/floristeriasantalucia.com\/index.php\/amor-y-amistad\/","name":"Amor y Amistad - Florister\u00eda Santa Luc\u00eda","isPartOf":{"@id":"https:\/\/floristeriasantalucia.com\/#website"},"datePublished":"2021-09-07T19:32:26+00:00","dateModified":"2021-09-07T22:05:21+00:00","breadcrumb":{"@id":"https:\/\/floristeriasantalucia.com\/index.php\/amor-y-amistad\/#breadcrumb"},"inLanguage":"en-US","potentialAction":[{"@type":"ReadAction","target":["https:\/\/floristeriasantalucia.com\/index.php\/amor-y-amistad\/"]}]},{"@type":"BreadcrumbList","@id":"https:\/\/floristeriasantalucia.com\/index.php\/amor-y-amistad\/#breadcrumb","itemListElement":[{"@type":"ListItem","position":1,"name":"Home","item":"https:\/\/floristeriasantalucia.com\/"},{"@type":"ListItem","position":2,"name":"Amor y Amistad"}]},{"@type":"WebSite","@id":"https:\/\/floristeriasantalucia.com\/#website","url":"https:\/\/floristeriasantalucia.com\/","name":"Florister\u00eda Santa Luc\u00eda","description":"Tus sentimientos expr\u00e9salos con flores","publisher":{"@id":"https:\/\/floristeriasantalucia.com\/#organization"},"potentialAction":[{"@type":"SearchAction","target":{"@type":"EntryPoint","urlTemplate":"https:\/\/floristeriasantalucia.com\/?s={search_term_string}"},"query-input":{"@type":"PropertyValueSpecification","valueRequired":true,"valueName":"search_term_string"}}],"inLanguage":"en-US"},{"@type":"Organization","@id":"https:\/\/floristeriasantalucia.com\/#organization","name":"Florister\u00eda Santa Luc\u00eda","url":"https:\/\/floristeriasantalucia.com\/","logo":{"@type":"ImageObject","inLanguage":"en-US","@id":"https:\/\/floristeriasantalucia.com\/#\/schema\/logo\/image\/","url":"https:\/\/floristeriasantalucia.com\/wp-content\/uploads\/2021\/03\/logo_santalucia-06.png","contentUrl":"https:\/\/floristeriasantalucia.com\/wp-content\/uploads\/2021\/03\/logo_santalucia-06.png","width":310,"height":133,"caption":"Florister\u00eda Santa Luc\u00eda"},"image":{"@id":"https:\/\/floristeriasantalucia.com\/#\/schema\/logo\/image\/"}}]}},"_links":{"self":[{"href":"https:\/\/floristeriasantalucia.com\/index.php\/wp-json\/wp\/v2\/pages\/14328","targetHints":{"allow":["GET"]}}],"collection":[{"href":"https:\/\/floristeriasantalucia.com\/index.php\/wp-json\/wp\/v2\/pages"}],"about":[{"href":"https:\/\/floristeriasantalucia.com\/index.php\/wp-json\/wp\/v2\/types\/page"}],"author":[{"embeddable":true,"href":"https:\/\/floristeriasantalucia.com\/index.php\/wp-json\/wp\/v2\/users\/2"}],"replies":[{"embeddable":true,"href":"https:\/\/floristeriasantalucia.com\/index.php\/wp-json\/wp\/v2\/comments?post=14328"}],"version-history":[{"count":3,"href":"https:\/\/floristeriasantalucia.com\/index.php\/wp-json\/wp\/v2\/pages\/14328\/revisions"}],"predecessor-version":[{"id":14336,"href":"https:\/\/floristeriasantalucia.com\/index.php\/wp-json\/wp\/v2\/pages\/14328\/revisions\/14336"}],"wp:attachment":[{"href":"https:\/\/floristeriasantalucia.com\/index.php\/wp-json\/wp\/v2\/media?parent=14328"}],"curies":[{"name":"wp","href":"https:\/\/api.w.org\/{rel}","templated":true}]}}